{"id":101,"date":"2020-04-30T18:02:38","date_gmt":"2020-04-30T18:02:38","guid":{"rendered":"http:\/\/www.fedecaces.com\/educoop\/?page_id=101"},"modified":"2020-10-21T19:45:23","modified_gmt":"2020-10-21T19:45:23","slug":"educacion-financiera","status":"publish","type":"page","link":"http:\/\/www.fedecaces.com\/educoop\/educacion-financiera\/","title":{"rendered":"Educaci\u00f3n Financiera"},"content":{"rendered":"<p>[et_pb_section fb_built=\u00bb1&#8243; fullwidth=\u00bbon\u00bb _builder_version=\u00bb4.2.2&#8243;][et_pb_fullwidth_header title=\u00bbEDUCACI\u00d3N FINANCIERA\u00bb text_orientation=\u00bbcenter\u00bb _builder_version=\u00bb4.4.4&#8243; background_color=\u00bb#000000&#8243; background_enable_image=\u00bboff\u00bb parallax=\u00bbon\u00bb parallax_method=\u00bbon\u00bb custom_padding=\u00bb85px||85px||true|false\u00bb]<\/p>\n<p>Art\u00edculos de inter\u00e9s sobre educaci\u00f3n financiera para tu d\u00eda a d\u00eda. Desc\u00fabrelos en nuestro Blog EDUCOOP de la Red de Cooperativas FEDECACES.<\/p>\n<p>[\/et_pb_fullwidth_header][\/et_pb_section][et_pb_section fb_built=\u00bb1&#8243; _builder_version=\u00bb4.2.2&#8243;][et_pb_row _builder_version=\u00bb4.2.2&#8243;][et_pb_column type=\u00bb4_4&#8243; _builder_version=\u00bb4.2.2&#8243;][et_pb_blog fullwidth=\u00bboff\u00bb posts_number=\u00bb6&#8243; include_categories=\u00bb9&#8243; show_author=\u00bboff\u00bb show_categories=\u00bboff\u00bb use_overlay=\u00bbon\u00bb overlay_icon_color=\u00bb#ffffff\u00bb hover_overlay_color=\u00bbrgba(1,103,89,0.35)\u00bb _builder_version=\u00bb4.4.4&#8243; pagination_font=\u00bb|800|||||||\u00bb pagination_font_size=\u00bb18px\u00bb border_width_all=\u00bb0px\u00bb border_color_all=\u00bb#f1f1f1&#8243; box_shadow_style=\u00bbpreset1&#8243; box_shadow_color=\u00bbrgba(0,0,0,0.1)\u00bb][\/et_pb_blog][\/et_pb_column][\/et_pb_row][\/et_pb_section]<\/p>\n","protected":false},"excerpt":{"rendered":"<p>Art\u00edculos de inter\u00e9s sobre educaci\u00f3n financiera para tu d\u00eda a d\u00eda. Desc\u00fabrelos en nuestro Blog EDUCOOP de la Red de Cooperativas FEDECACES.<\/p>\n","protected":false},"author":4,"featured_media":115,"parent":0,"menu_order":0,"comment_status":"closed","ping_status":"closed","template":"","meta":{"_et_pb_use_builder":"on","_et_pb_old_content":"","_et_gb_content_width":""},"yoast_head":"<!-- This site is optimized with the Yoast SEO plugin v15.4 - https:\/\/yoast.com\/wordpress\/plugins\/seo\/ -->\n<title>Art\u00edculo sobre Educaci\u00f3n Financiera en El Salvador - EDUCOOP<\/title>\n<meta name=\"description\" content=\"Art\u00edculos de inter\u00e9s sobre educaci\u00f3n financiera para tu d\u00eda a d\u00eda. Desc\u00fabrelos en nuestro Blog EDUCOOP, parte de Fedecaces El Salvador\" \/>\n<meta name=\"robots\" content=\"index, follow, max-snippet:-1, max-image-preview:large, max-video-preview:-1\" \/>\n<link rel=\"canonical\" href=\"http:\/\/www.fedecaces.com\/educoop\/educacion-financiera\/\" \/>\n<meta property=\"og:locale\" content=\"es_ES\" \/>\n<meta property=\"og:type\" content=\"article\" \/>\n<meta property=\"og:title\" content=\"Art\u00edculos de Educaci\u00f3n Financiera - EDUCOOP\" \/>\n<meta property=\"og:description\" content=\"Art\u00edculos de inter\u00e9s sobre educaci\u00f3n financiera para tu d\u00eda a d\u00eda. Desc\u00fabrelos en nuestro Blog EDUCOOP, parte de Fedecaces El Salvador\" \/>\n<meta property=\"og:url\" content=\"http:\/\/www.fedecaces.com\/educoop\/educacion-financiera\/\" \/>\n<meta property=\"og:site_name\" content=\"EDUCOOP\" \/>\n<meta property=\"article:modified_time\" content=\"2020-10-21T19:45:23+00:00\" \/>\n<meta property=\"og:image\" content=\"http:\/\/www.fedecaces.com\/educoop\/wp-content\/uploads\/2020\/04\/EDUCOOP-general.jpg\" \/>\n\t<meta property=\"og:image:width\" content=\"1280\" \/>\n\t<meta property=\"og:image:height\" content=\"960\" \/>\n<meta name=\"twitter:card\" content=\"summary_large_image\" \/>\n<meta name=\"twitter:title\" content=\"Art\u00edculos de Educaci\u00f3n Financiera - EDUCOOP\" \/>\n<meta name=\"twitter:description\" content=\"Art\u00edculos de inter\u00e9s sobre educaci\u00f3n financiera para tu d\u00eda a d\u00eda. Desc\u00fabrelos en nuestro Blog EDUCOOP, parte de Fedecaces El Salvador\" \/>\n<meta name=\"twitter:image\" content=\"http:\/\/www.fedecaces.com\/educoop\/wp-content\/uploads\/2020\/04\/EDUCOOP-general.jpg\" \/>\n<meta name=\"twitter:label1\" content=\"Escrito por\">\n\t<meta name=\"twitter:data1\" content=\"EDUCOOP\">\n\t<meta name=\"twitter:label2\" content=\"Tiempo de lectura\">\n\t<meta name=\"twitter:data2\" content=\"1 minuto\">\n<script type=\"application\/ld+json\" class=\"yoast-schema-graph\">{\"@context\":\"https:\/\/schema.org\",\"@graph\":[{\"@type\":\"Organization\",\"@id\":\"https:\/\/www.fedecaces.com\/educoop\/#organization\",\"name\":\"EDUCOOP\",\"url\":\"https:\/\/www.fedecaces.com\/educoop\/\",\"sameAs\":[],\"logo\":{\"@type\":\"ImageObject\",\"@id\":\"https:\/\/www.fedecaces.com\/educoop\/#logo\",\"inLanguage\":\"es\",\"url\":\"http:\/\/www.fedecaces.com\/educoop\/wp-content\/uploads\/2020\/02\/educoop-fedecaces-logo.png\",\"width\":585,\"height\":150,\"caption\":\"EDUCOOP\"},\"image\":{\"@id\":\"https:\/\/www.fedecaces.com\/educoop\/#logo\"}},{\"@type\":\"WebSite\",\"@id\":\"https:\/\/www.fedecaces.com\/educoop\/#website\",\"url\":\"https:\/\/www.fedecaces.com\/educoop\/\",\"name\":\"EDUCOOP\",\"description\":\"De la Red de Cooperativas FEDECACES\",\"publisher\":{\"@id\":\"https:\/\/www.fedecaces.com\/educoop\/#organization\"},\"potentialAction\":[{\"@type\":\"SearchAction\",\"target\":\"https:\/\/www.fedecaces.com\/educoop\/?s={search_term_string}\",\"query-input\":\"required name=search_term_string\"}],\"inLanguage\":\"es\"},{\"@type\":\"ImageObject\",\"@id\":\"http:\/\/www.fedecaces.com\/educoop\/educacion-financiera\/#primaryimage\",\"inLanguage\":\"es\",\"url\":\"http:\/\/www.fedecaces.com\/educoop\/wp-content\/uploads\/2020\/04\/EDUCOOP-general.jpg\",\"width\":1280,\"height\":960},{\"@type\":\"WebPage\",\"@id\":\"http:\/\/www.fedecaces.com\/educoop\/educacion-financiera\/#webpage\",\"url\":\"http:\/\/www.fedecaces.com\/educoop\/educacion-financiera\/\",\"name\":\"Art\\u00edculo sobre Educaci\\u00f3n Financiera en El Salvador - EDUCOOP\",\"isPartOf\":{\"@id\":\"https:\/\/www.fedecaces.com\/educoop\/#website\"},\"primaryImageOfPage\":{\"@id\":\"http:\/\/www.fedecaces.com\/educoop\/educacion-financiera\/#primaryimage\"},\"datePublished\":\"2020-04-30T18:02:38+00:00\",\"dateModified\":\"2020-10-21T19:45:23+00:00\",\"description\":\"Art\\u00edculos de inter\\u00e9s sobre educaci\\u00f3n financiera para tu d\\u00eda a d\\u00eda. Desc\\u00fabrelos en nuestro Blog EDUCOOP, parte de Fedecaces El Salvador\",\"inLanguage\":\"es\",\"potentialAction\":[{\"@type\":\"ReadAction\",\"target\":[\"http:\/\/www.fedecaces.com\/educoop\/educacion-financiera\/\"]}]}]}<\/script>\n<!-- \/ Yoast SEO plugin. -->","_links":{"self":[{"href":"http:\/\/www.fedecaces.com\/educoop\/wp-json\/wp\/v2\/pages\/101"}],"collection":[{"href":"http:\/\/www.fedecaces.com\/educoop\/wp-json\/wp\/v2\/pages"}],"about":[{"href":"http:\/\/www.fedecaces.com\/educoop\/wp-json\/wp\/v2\/types\/page"}],"author":[{"embeddable":true,"href":"http:\/\/www.fedecaces.com\/educoop\/wp-json\/wp\/v2\/users\/4"}],"replies":[{"embeddable":true,"href":"http:\/\/www.fedecaces.com\/educoop\/wp-json\/wp\/v2\/comments?post=101"}],"version-history":[{"count":5,"href":"http:\/\/www.fedecaces.com\/educoop\/wp-json\/wp\/v2\/pages\/101\/revisions"}],"predecessor-version":[{"id":175,"href":"http:\/\/www.fedecaces.com\/educoop\/wp-json\/wp\/v2\/pages\/101\/revisions\/175"}],"wp:featuredmedia":[{"embeddable":true,"href":"http:\/\/www.fedecaces.com\/educoop\/wp-json\/wp\/v2\/media\/115"}],"wp:attachment":[{"href":"http:\/\/www.fedecaces.com\/educoop\/wp-json\/wp\/v2\/media?parent=101"}],"curies":[{"name":"wp","href":"https:\/\/api.w.org\/{rel}","templated":true}]}}