{"id":12,"date":"2020-02-05T18:25:23","date_gmt":"2020-02-05T18:25:23","guid":{"rendered":"http:\/\/www.fedecaces.com\/educoop\/?page_id=12"},"modified":"2020-12-09T18:12:24","modified_gmt":"2020-12-09T18:12:24","slug":"portada","status":"publish","type":"page","link":"http:\/\/www.fedecaces.com\/educoop\/","title":{"rendered":"Portada"},"content":{"rendered":"<p>[et_pb_section fb_built=\u00bb1&#8243; _builder_version=\u00bb4.4.4&#8243; custom_padding=\u00bb0px||0px|||\u00bb][et_pb_row column_structure=\u00bb2_3,1_3&#8243; use_custom_gutter=\u00bbon\u00bb make_equal=\u00bbon\u00bb _builder_version=\u00bb4.4.4&#8243; background_color=\u00bb#f1f1f1&#8243; width=\u00bb100%\u00bb custom_padding=\u00bb0px||0px|||\u00bb][et_pb_column type=\u00bb2_3&#8243; _builder_version=\u00bb4.2.2&#8243;][et_pb_post_slider posts_number=\u00bb5&#8243; _builder_version=\u00bb4.2.2&#8243;][\/et_pb_post_slider][\/et_pb_column][et_pb_column type=\u00bb1_3&#8243; _builder_version=\u00bb4.4.4&#8243; custom_padding=\u00bb40px|25px|40px|25px|true|true\u00bb custom_padding_tablet=\u00bb50px|80px|50px|80px|true|true\u00bb custom_padding_phone=\u00bb26px|40px|26px|40px|true|true\u00bb custom_padding_last_edited=\u00bbon|desktop\u00bb][et_pb_image src=\u00bbhttp:\/\/www.fedecaces.com\/educoop\/wp-content\/uploads\/2020\/02\/educoop-fedecaces-logo.png\u00bb align=\u00bbcenter\u00bb _builder_version=\u00bb4.4.4&#8243;][\/et_pb_image][et_pb_text _builder_version=\u00bb4.4.4&#8243; text_orientation=\u00bbcenter\u00bb]<\/p>\n<h1>\u00bfQu\u00e9 es EDUCOOP?<\/h1>\n<p>[\/et_pb_text][et_pb_text _builder_version=\u00bb4.4.4&#8243; text_orientation=\u00bbcenter\u00bb]<\/p>\n<p>\u00a1Bienvenido\/a! al Blog sobre finanzas y Cooperativismo de la Red de Cooperativas FEDECACES en el cual podr\u00e1s encontrar art\u00edculos de tu inter\u00e9s escritos por expertos en la materia. <\/p>\n<p>[\/et_pb_text][\/et_pb_column][\/et_pb_row][\/et_pb_section][et_pb_section fb_built=\u00bb1&#8243; _builder_version=\u00bb4.2.2&#8243; custom_padding=\u00bb0px|||||\u00bb][et_pb_row _builder_version=\u00bb4.2.2&#8243; width=\u00bb100%\u00bb custom_padding=\u00bb0px|||||\u00bb][et_pb_column type=\u00bb4_4&#8243; _builder_version=\u00bb4.2.2&#8243;][et_pb_cta title=\u00bbCOOPERATIVISMO\u00bb _builder_version=\u00bb4.4.4&#8243; background_color=\u00bb#333333&#8243; background_enable_image=\u00bboff\u00bb parallax=\u00bbon\u00bb]<\/p>\n<p>Art\u00edculos de inter\u00e9s sobre cooperativismo para tu d\u00eda a d\u00eda<\/p>\n<p>[\/et_pb_cta][\/et_pb_column][\/et_pb_row][et_pb_row _builder_version=\u00bb4.2.2&#8243;][et_pb_column type=\u00bb4_4&#8243; _builder_version=\u00bb4.2.2&#8243;][et_pb_blog fullwidth=\u00bboff\u00bb posts_number=\u00bb3&#8243; include_categories=\u00bb8&#8243; show_author=\u00bboff\u00bb show_categories=\u00bboff\u00bb show_pagination=\u00bboff\u00bb use_overlay=\u00bbon\u00bb overlay_icon_color=\u00bb#ffffff\u00bb hover_overlay_color=\u00bbrgba(1,103,89,0.35)\u00bb _builder_version=\u00bb4.4.4&#8243; border_width_all=\u00bb0px\u00bb box_shadow_style=\u00bbpreset1&#8243; box_shadow_color=\u00bbrgba(0,0,0,0.1)\u00bb][\/et_pb_blog][et_pb_button button_url=\u00bbhttp:\/\/www.fedecaces.com\/educoop\/cooperativismo\/\u00bb button_text=\u00bbVer m\u00e1s art\u00edculos de esta categor\u00eda\u00bb button_alignment=\u00bbcenter\u00bb _builder_version=\u00bb4.4.4&#8243; custom_button=\u00bbon\u00bb button_text_size=\u00bb18px\u00bb button_text_color=\u00bb#ffffff\u00bb button_bg_color=\u00bb#016759&#8243; button_border_radius=\u00bb8px\u00bb button_font=\u00bb|800|||||||\u00bb button_icon_color=\u00bb#fdd600&#8243;][\/et_pb_button][\/et_pb_column][\/et_pb_row][\/et_pb_section][et_pb_section fb_built=\u00bb1&#8243; _builder_version=\u00bb4.2.2&#8243; custom_padding=\u00bb0px|||||\u00bb][et_pb_row _builder_version=\u00bb4.2.2&#8243; width=\u00bb100%\u00bb custom_padding=\u00bb0px|||||\u00bb][et_pb_column type=\u00bb4_4&#8243; _builder_version=\u00bb4.2.2&#8243;][et_pb_cta title=\u00bbEDUCACI\u00d3N FINANCIERA\u00bb _builder_version=\u00bb4.4.4&#8243; background_color=\u00bb#333333&#8243; background_enable_image=\u00bboff\u00bb parallax=\u00bbon\u00bb]<\/p>\n<p>Art\u00edculos de inter\u00e9s sobre educaci\u00f3n financiera para tu d\u00eda a d\u00eda<\/p>\n<p>[\/et_pb_cta][\/et_pb_column][\/et_pb_row][et_pb_row _builder_version=\u00bb4.2.2&#8243;][et_pb_column type=\u00bb4_4&#8243; _builder_version=\u00bb4.2.2&#8243;][et_pb_blog fullwidth=\u00bboff\u00bb posts_number=\u00bb3&#8243; include_categories=\u00bb9&#8243; show_author=\u00bboff\u00bb show_categories=\u00bboff\u00bb show_pagination=\u00bboff\u00bb use_overlay=\u00bbon\u00bb overlay_icon_color=\u00bb#ffffff\u00bb hover_overlay_color=\u00bbrgba(1,103,89,0.35)\u00bb _builder_version=\u00bb4.4.4&#8243; border_width_all=\u00bb0px\u00bb box_shadow_style=\u00bbpreset1&#8243; box_shadow_color=\u00bbrgba(0,0,0,0.1)\u00bb][\/et_pb_blog][et_pb_button button_url=\u00bbhttp:\/\/www.fedecaces.com\/educoop\/educacion-financiera\/\u00bb button_text=\u00bbVer m\u00e1s art\u00edculos de esta categor\u00eda\u00bb button_alignment=\u00bbcenter\u00bb _builder_version=\u00bb4.4.4&#8243; custom_button=\u00bbon\u00bb button_text_size=\u00bb18px\u00bb button_text_color=\u00bb#ffffff\u00bb button_bg_color=\u00bb#016759&#8243; button_border_radius=\u00bb8px\u00bb button_font=\u00bb|800|||||||\u00bb button_icon_color=\u00bb#fdd600&#8243;][\/et_pb_button][\/et_pb_column][\/et_pb_row][\/et_pb_section]<\/p>\n","protected":false},"excerpt":{"rendered":"<p>\u00bfQu\u00e9 es EDUCOOP?\u00a1Bienvenido\/a! al Blog sobre finanzas y Cooperativismo de la Red de Cooperativas FEDECACES en el cual podr\u00e1s encontrar art\u00edculos de tu inter\u00e9s escritos por expertos en la materia. Art\u00edculos de inter\u00e9s sobre cooperativismo para tu d\u00eda a d\u00edaArt\u00edculos de inter\u00e9s sobre educaci\u00f3n financiera para tu d\u00eda a d\u00eda<\/p>\n","protected":false},"author":2,"featured_media":115,"parent":0,"menu_order":0,"comment_status":"closed","ping_status":"closed","template":"","meta":{"_et_pb_use_builder":"on","_et_pb_old_content":"","_et_gb_content_width":""},"yoast_head":"<!-- This site is optimized with the Yoast SEO plugin v15.4 - https:\/\/yoast.com\/wordpress\/plugins\/seo\/ -->\n<title>Portada - EDUCOOP<\/title>\n<meta name=\"robots\" content=\"index, follow, max-snippet:-1, max-image-preview:large, max-video-preview:-1\" \/>\n<link rel=\"canonical\" href=\"https:\/\/www.fedecaces.com\/educoop\/\" \/>\n<meta property=\"og:locale\" content=\"es_ES\" \/>\n<meta property=\"og:type\" content=\"article\" \/>\n<meta property=\"og:title\" content=\"Portada - EDUCOOP\" \/>\n<meta property=\"og:description\" content=\"\u00bfQu\u00e9 es EDUCOOP?\u00a1Bienvenido\/a! al Blog sobre finanzas y Cooperativismo de la Red de Cooperativas FEDECACES en el cual podr\u00e1s encontrar art\u00edculos de tu inter\u00e9s escritos por expertos en la materia. Art\u00edculos de inter\u00e9s sobre cooperativismo para tu d\u00eda a d\u00edaArt\u00edculos de inter\u00e9s sobre educaci\u00f3n financiera para tu d\u00eda a d\u00eda\" \/>\n<meta property=\"og:url\" content=\"https:\/\/www.fedecaces.com\/educoop\/\" \/>\n<meta property=\"og:site_name\" content=\"EDUCOOP\" \/>\n<meta property=\"article:modified_time\" content=\"2020-12-09T18:12:24+00:00\" \/>\n<meta property=\"og:image\" content=\"http:\/\/www.fedecaces.com\/educoop\/wp-content\/uploads\/2020\/04\/EDUCOOP-general.jpg\" \/>\n\t<meta property=\"og:image:width\" content=\"1280\" \/>\n\t<meta property=\"og:image:height\" content=\"960\" \/>\n<meta name=\"twitter:card\" content=\"summary_large_image\" \/>\n<meta name=\"twitter:label1\" content=\"Escrito por\">\n\t<meta name=\"twitter:data1\" content=\"FEDECACES\">\n\t<meta name=\"twitter:label2\" content=\"Tiempo de lectura\">\n\t<meta name=\"twitter:data2\" content=\"2 minutos\">\n<script type=\"application\/ld+json\" class=\"yoast-schema-graph\">{\"@context\":\"https:\/\/schema.org\",\"@graph\":[{\"@type\":\"Organization\",\"@id\":\"http:\/\/www.fedecaces.com\/educoop\/#organization\",\"name\":\"EDUCOOP\",\"url\":\"http:\/\/www.fedecaces.com\/educoop\/\",\"sameAs\":[],\"logo\":{\"@type\":\"ImageObject\",\"@id\":\"http:\/\/www.fedecaces.com\/educoop\/#logo\",\"inLanguage\":\"es\",\"url\":\"http:\/\/www.fedecaces.com\/educoop\/wp-content\/uploads\/2020\/02\/educoop-fedecaces-logo.png\",\"width\":585,\"height\":150,\"caption\":\"EDUCOOP\"},\"image\":{\"@id\":\"http:\/\/www.fedecaces.com\/educoop\/#logo\"}},{\"@type\":\"WebSite\",\"@id\":\"http:\/\/www.fedecaces.com\/educoop\/#website\",\"url\":\"http:\/\/www.fedecaces.com\/educoop\/\",\"name\":\"EDUCOOP\",\"description\":\"De la Red de Cooperativas FEDECACES\",\"publisher\":{\"@id\":\"http:\/\/www.fedecaces.com\/educoop\/#organization\"},\"potentialAction\":[{\"@type\":\"SearchAction\",\"target\":\"http:\/\/www.fedecaces.com\/educoop\/?s={search_term_string}\",\"query-input\":\"required name=search_term_string\"}],\"inLanguage\":\"es\"},{\"@type\":\"ImageObject\",\"@id\":\"https:\/\/www.fedecaces.com\/educoop\/#primaryimage\",\"inLanguage\":\"es\",\"url\":\"http:\/\/www.fedecaces.com\/educoop\/wp-content\/uploads\/2020\/04\/EDUCOOP-general.jpg\",\"width\":1280,\"height\":960},{\"@type\":\"WebPage\",\"@id\":\"https:\/\/www.fedecaces.com\/educoop\/#webpage\",\"url\":\"https:\/\/www.fedecaces.com\/educoop\/\",\"name\":\"Portada - EDUCOOP\",\"isPartOf\":{\"@id\":\"http:\/\/www.fedecaces.com\/educoop\/#website\"},\"primaryImageOfPage\":{\"@id\":\"https:\/\/www.fedecaces.com\/educoop\/#primaryimage\"},\"datePublished\":\"2020-02-05T18:25:23+00:00\",\"dateModified\":\"2020-12-09T18:12:24+00:00\",\"inLanguage\":\"es\",\"potentialAction\":[{\"@type\":\"ReadAction\",\"target\":[\"https:\/\/www.fedecaces.com\/educoop\/\"]}]}]}<\/script>\n<!-- \/ Yoast SEO plugin. -->","_links":{"self":[{"href":"http:\/\/www.fedecaces.com\/educoop\/wp-json\/wp\/v2\/pages\/12"}],"collection":[{"href":"http:\/\/www.fedecaces.com\/educoop\/wp-json\/wp\/v2\/pages"}],"about":[{"href":"http:\/\/www.fedecaces.com\/educoop\/wp-json\/wp\/v2\/types\/page"}],"author":[{"embeddable":true,"href":"http:\/\/www.fedecaces.com\/educoop\/wp-json\/wp\/v2\/users\/2"}],"replies":[{"embeddable":true,"href":"http:\/\/www.fedecaces.com\/educoop\/wp-json\/wp\/v2\/comments?post=12"}],"version-history":[{"count":13,"href":"http:\/\/www.fedecaces.com\/educoop\/wp-json\/wp\/v2\/pages\/12\/revisions"}],"predecessor-version":[{"id":245,"href":"http:\/\/www.fedecaces.com\/educoop\/wp-json\/wp\/v2\/pages\/12\/revisions\/245"}],"wp:featuredmedia":[{"embeddable":true,"href":"http:\/\/www.fedecaces.com\/educoop\/wp-json\/wp\/v2\/media\/115"}],"wp:attachment":[{"href":"http:\/\/www.fedecaces.com\/educoop\/wp-json\/wp\/v2\/media?parent=12"}],"curies":[{"name":"wp","href":"https:\/\/api.w.org\/{rel}","templated":true}]}}