{"id":1674,"date":"2018-07-27T11:56:17","date_gmt":"2018-07-27T17:56:17","guid":{"rendered":"http:\/\/www.fedecaces.com\/site\/?page_id=1674"},"modified":"2023-02-17T09:09:24","modified_gmt":"2023-02-17T15:09:24","slug":"tarjeta-de-debito-fedecaces","status":"publish","type":"page","link":"https:\/\/www.fedecaces.com\/site\/tarjeta-de-debito-fedecaces\/","title":{"rendered":"TARJETA DE D\u00c9BITO FEDECACES"},"content":{"rendered":"[et_pb_section fb_built=\u00bb1&#8243; fullwidth=\u00bbon\u00bb _builder_version=\u00bb4.16&#8243; global_colors_info=\u00bb{}\u00bb][et_pb_fullwidth_header title=\u00bbTARJETA DE D\u00c9BITO DEBICOOP\u00bb subhead=\u00bb\u00a1En todas tus compras S\u00cd PASA DebiCoop!\u00bb _builder_version=\u00bb4.18.0&#8243; title_level=\u00bbh4&#8243; title_font=\u00bb||||||||\u00bb title_text_align=\u00bbcenter\u00bb title_font_size=\u00bb49px\u00bb subhead_font=\u00bb||||||||\u00bb subhead_text_align=\u00bbcenter\u00bb subhead_font_size=\u00bb23px\u00bb subhead_letter_spacing=\u00bb2px\u00bb subhead_line_height=\u00bb1.3em\u00bb background_color=\u00bbrgba(255, 255, 255, 0)\u00bb background_layout=\u00bblight\u00bb global_colors_info=\u00bb{}\u00bb button_one_text_size__hover_enabled=\u00bboff\u00bb button_two_text_size__hover_enabled=\u00bboff\u00bb button_one_text_color__hover_enabled=\u00bboff\u00bb button_two_text_color__hover_enabled=\u00bboff\u00bb button_one_border_width__hover_enabled=\u00bboff\u00bb button_two_border_width__hover_enabled=\u00bboff\u00bb button_one_border_color__hover_enabled=\u00bboff\u00bb button_two_border_color__hover_enabled=\u00bboff\u00bb button_one_border_radius__hover_enabled=\u00bboff\u00bb button_two_border_radius__hover_enabled=\u00bboff\u00bb button_one_letter_spacing__hover_enabled=\u00bboff\u00bb button_two_letter_spacing__hover_enabled=\u00bboff\u00bb button_one_bg_color__hover_enabled=\u00bboff\u00bb button_two_bg_color__hover_enabled=\u00bboff\u00bb]\n<p style=\"text-align: justify;\"><span style=\"color: #ffffff;\"><strong>__________________________________<\/strong><\/span><\/p>\n<p style=\"text-align: justify;\">\n<p style=\"text-align: justify;\"><strong>Tarjeta de D\u00e9bito DebiCoop,<\/strong> te permite realizar compras 24\/7 en comercios a nivel de todo el mundo, tambi\u00e9n puedes hacer retiros de efectivo en nuestra red de cajeros autom\u00e1ticos <strong>RedActiva<\/strong> y en otras redes. <strong>DebiCoop<\/strong> es totalmente gratis y sin cobro de membres\u00eda.<\/p>\n<p style=\"text-align: justify;\"><strong><br \/>DebiCoop<\/strong> dispone del plan de lealtad <strong>CoopePuntos, <\/strong>donde por cada compra acumulas puntos canjeables por diferentes art\u00edculos y electrodom\u00e9sticos en tu cooperativa, adem\u00e1s obtienes descuentos en comercios y atractivas promociones.<\/p>\n[\/et_pb_fullwidth_header][\/et_pb_section][et_pb_section fb_built=\u00bb1&#8243; specialty=\u00bbon\u00bb _builder_version=\u00bb4.18.0&#8243; custom_margin=\u00bb-7px||-7px|||\u00bb custom_padding=\u00bb0px||0px|||\u00bb global_colors_info=\u00bb{}\u00bb][et_pb_column type=\u00bb1_2&#8243; _builder_version=\u00bb4.16&#8243; custom_padding=\u00bb|||\u00bb global_colors_info=\u00bb{}\u00bb custom_padding__hover=\u00bb|||\u00bb][et_pb_image src=\u00bbhttp:\/\/www.fedecaces.com\/site\/wp-content\/uploads\/2022\/10\/WhatsApp-Image-2022-10-14-at-11.48.38-AM.jpeg\u00bb title_text=\u00bbWhatsApp Image 2022-10-14 at 11.48.38 AM\u00bb align_tablet=\u00bbcenter\u00bb align_phone=\u00bbcenter\u00bb align_last_edited=\u00bbon|desktop\u00bb _builder_version=\u00bb4.18.0&#8243; custom_margin=\u00bb||16px|||\u00bb global_colors_info=\u00bb{}\u00bb][\/et_pb_image][\/et_pb_column][et_pb_column type=\u00bb1_2&#8243; specialty_columns=\u00bb2&#8243; _builder_version=\u00bb4.16&#8243; custom_padding=\u00bb|||\u00bb global_colors_info=\u00bb{}\u00bb custom_padding__hover=\u00bb|||\u00bb][et_pb_row_inner _builder_version=\u00bb4.16&#8243; global_colors_info=\u00bb{}\u00bb][et_pb_column_inner saved_specialty_column_type=\u00bb1_2&#8243; _builder_version=\u00bb4.16&#8243; custom_padding=\u00bb|||\u00bb global_colors_info=\u00bb{}\u00bb custom_padding__hover=\u00bb|||\u00bb][et_pb_text _builder_version=\u00bb4.16&#8243; text_font=\u00bb||||||||\u00bb text_text_color=\u00bb#006055&#8243; header_font=\u00bb||||||||\u00bb header_2_font=\u00bb||||||||\u00bb text_orientation=\u00bbcenter\u00bb global_colors_info=\u00bb{}\u00bb]\n<h1 style=\"text-align: center;\"><span style=\"color: #ffcc00;\"><strong>Goza de todos sus beneficios<\/strong><\/span><\/h1>\n[\/et_pb_text][\/et_pb_column_inner][\/et_pb_row_inner][et_pb_row_inner column_structure=\u00bb1_2,1_2&#8243; _builder_version=\u00bb4.16&#8243; custom_padding=\u00bb0px||0px|||\u00bb global_colors_info=\u00bb{}\u00bb][et_pb_column_inner type=\u00bb1_2&#8243; saved_specialty_column_type=\u00bb1_2&#8243; _builder_version=\u00bb4.16&#8243; custom_padding=\u00bb|||\u00bb global_colors_info=\u00bb{}\u00bb custom_padding__hover=\u00bb|||\u00bb][et_pb_text _builder_version=\u00bb4.16&#8243; global_colors_info=\u00bb{}\u00bb]\n<ul>\n<li>\n<h4 style=\"text-align: left;\">Tarjeta Mastercard, aceptada a nivel nacional e internacional<\/h4>\n<\/li>\n<li style=\"text-align: left;\">\n<h4>Membres\u00eda gratuita<\/h4>\n<\/li>\n<li style=\"text-align: left;\">\n<h4>Promociones y descuentos en comercios<\/h4>\n<\/li>\n<li style=\"text-align: left;\">\n<h4><span style=\"font-size: 18px;\">Estado de cuenta mensual al correo electr\u00f3nico<\/span><\/h4>\n<\/li>\n<li style=\"text-align: left;\">\n<h4>Seguro FRE contra fraude, robo o extrav\u00edo<\/h4>\n<\/li>\n<li style=\"text-align: left;\">\n<h4>Detalle de movimientos en la aplicaci\u00f3n CoopSmart<\/h4>\n<\/li>\n<li style=\"text-align: left;\">\n<h4>Seguridad, practicidad y facilidad de andar el pl\u00e1stico y no el efectivo<\/h4>\n<\/li>\n<\/ul>\n[\/et_pb_text][\/et_pb_column_inner][et_pb_column_inner type=\u00bb1_2&#8243; saved_specialty_column_type=\u00bb1_2&#8243; _builder_version=\u00bb4.16&#8243; custom_padding=\u00bb|||\u00bb global_colors_info=\u00bb{}\u00bb custom_padding__hover=\u00bb|||\u00bb][et_pb_text _builder_version=\u00bb4.16&#8243; global_colors_info=\u00bb{}\u00bb]\n<ul>\n<li>\n<h4>Ahorros disponibles 24\/7<\/h4>\n<\/li>\n<li>\n<h4><span style=\"font-size: 18px;\">Plan de lealtad CoopePuntos<\/span><\/h4>\n<\/li>\n<li>\n<h4>Tarjetas adicionales sin costo<\/h4>\n<\/li>\n<li>\n<h4>Mensajes de texto al celular por cada operaci\u00f3n<\/h4>\n<\/li>\n<li>\n<h4><span style=\"font-size: 18px;\">Tarjeta de \u00faltima tecnolog\u00eda para mayor seguridad<\/span><\/h4>\n<\/li>\n<li>\n<h4><span style=\"font-size: 18px;\">Acceso a red de cajeros propia y red de cajeros nacionales e internacionales<\/span><\/h4>\n<\/li>\n<li>\n<h4><span style=\"font-size: 18px;\">Mejor control de tu presupuesto<\/span><\/h4>\n<\/li>\n<\/ul>\n[\/et_pb_text][\/et_pb_column_inner][\/et_pb_row_inner][et_pb_row_inner _builder_version=\u00bb4.16&#8243; global_colors_info=\u00bb{}\u00bb][et_pb_column_inner saved_specialty_column_type=\u00bb1_2&#8243; _builder_version=\u00bb4.16&#8243; custom_padding=\u00bb|||\u00bb global_colors_info=\u00bb{}\u00bb custom_padding__hover=\u00bb|||\u00bb][et_pb_text _builder_version=\u00bb4.16&#8243; custom_margin=\u00bb-8px||-8px|||\u00bb custom_padding=\u00bb0px||0px|||\u00bb global_colors_info=\u00bb{}\u00bb]\n<h1 style=\"text-align: center;\"><span style=\"color: #ffcc00;\">REQUISITOS\u00a0<\/span><\/h1>\n[\/et_pb_text][\/et_pb_column_inner][\/et_pb_row_inner][et_pb_row_inner _builder_version=\u00bb4.16&#8243; custom_padding=\u00bb0px||0px|||\u00bb global_colors_info=\u00bb{}\u00bb][et_pb_column_inner saved_specialty_column_type=\u00bb1_2&#8243; _builder_version=\u00bb4.16&#8243; custom_padding=\u00bb|||\u00bb global_colors_info=\u00bb{}\u00bb custom_padding__hover=\u00bb|||\u00bb][et_pb_text _builder_version=\u00bb4.16&#8243; custom_margin=\u00bb-13px||-13px|||\u00bb global_colors_info=\u00bb{}\u00bb]\n<ul>\n<li>\n<h4><span style=\"font-size: 18px;\">Ser asociado de la cooperativa<\/span><\/h4>\n<\/li>\n<li>\n<h4><span style=\"font-size: 18px;\">Tener o abrir una cuenta de ahorros a la vista<\/span><span style=\"font-size: 18px;\"><\/span><\/h4>\n<\/li>\n<li>\n<h4 style=\"text-align: left;\">Llenar la solicitud de tarjeta de d\u00e9bito<\/h4>\n<\/li>\n<li>\n<h4 style=\"text-align: left;\">Presentar Documento \u00danico de Identidad<\/h4>\n<\/li>\n<\/ul>\n[\/et_pb_text][\/et_pb_column_inner][\/et_pb_row_inner][\/et_pb_column][\/et_pb_section][et_pb_section fb_built=\u00bb1&#8243; _builder_version=\u00bb4.18.0&#8243; _module_preset=\u00bbdefault\u00bb custom_margin=\u00bb-24px||-24px|||\u00bb custom_padding=\u00bb0px||0px|||\u00bb global_colors_info=\u00bb{}\u00bb][et_pb_row _builder_version=\u00bb4.18.0&#8243; _module_preset=\u00bbdefault\u00bb custom_margin=\u00bb-27px|auto|-59px|auto||\u00bb custom_padding=\u00bb58px||58px|||\u00bb global_colors_info=\u00bb{}\u00bb][et_pb_column type=\u00bb4_4&#8243; _builder_version=\u00bb4.18.0&#8243; _module_preset=\u00bbdefault\u00bb global_colors_info=\u00bb{}\u00bb][et_pb_button button_url=\u00bbhttps:\/\/tarjetasfedecaces.com\/debicoop\/\u00bb url_new_window=\u00bbon\u00bb button_text=\u00bb\u00a1Solic\u00edtala ya!\u00bb button_alignment=\u00bbcenter\u00bb _builder_version=\u00bb4.18.0&#8243; _module_preset=\u00bbdefault\u00bb custom_button=\u00bbon\u00bb button_text_size=\u00bb25px\u00bb button_text_color=\u00bb#00b5b5&#8243; button_bg_color=\u00bb#efd62f\u00bb button_border_width=\u00bb3px\u00bb button_border_color=\u00bb#FFFFFF\u00bb button_border_radius=\u00bb30px\u00bb button_letter_spacing=\u00bb0px\u00bb button_font=\u00bbAlegreya Sans|700|||||||\u00bb button_icon=\u00bb&#xe01a;||divi||400&#8243; button_icon_color=\u00bb#006055&#8243; background_layout=\u00bbdark\u00bb global_colors_info=\u00bb{}\u00bb][\/et_pb_button][\/et_pb_column][\/et_pb_row][\/et_pb_section][et_pb_section fb_built=\u00bb1&#8243; fullwidth=\u00bbon\u00bb _builder_version=\u00bb4.16&#8243; global_colors_info=\u00bb{}\u00bb][et_pb_fullwidth_header title=\u00bbCOOPERATIVAS EMISORAS DE DEBICOOP\u00bb subhead=\u00bbSolicita tu Debicoop en cualquiera de las siguientes cooperativas:\u00bb _builder_version=\u00bb4.16&#8243; title_level=\u00bbh3&#8243; title_font=\u00bb||||||||\u00bb title_text_align=\u00bbcenter\u00bb title_text_color=\u00bb#ddc02c\u00bb title_font_size=\u00bb59px\u00bb subhead_font=\u00bb||||||||\u00bb subhead_text_align=\u00bbcenter\u00bb subhead_font_size=\u00bb31px\u00bb background_color=\u00bbrgba(255, 255, 255, 0)\u00bb background_layout=\u00bblight\u00bb custom_margin=\u00bb39px||39px|||\u00bb custom_padding=\u00bb0px||0px|||\u00bb global_colors_info=\u00bb{}\u00bb button_one_text_size__hover_enabled=\u00bboff\u00bb button_two_text_size__hover_enabled=\u00bboff\u00bb button_one_text_color__hover_enabled=\u00bboff\u00bb button_two_text_color__hover_enabled=\u00bboff\u00bb button_one_border_width__hover_enabled=\u00bboff\u00bb button_two_border_width__hover_enabled=\u00bboff\u00bb button_one_border_color__hover_enabled=\u00bboff\u00bb button_two_border_color__hover_enabled=\u00bboff\u00bb button_one_border_radius__hover_enabled=\u00bboff\u00bb button_two_border_radius__hover_enabled=\u00bboff\u00bb button_one_letter_spacing__hover_enabled=\u00bboff\u00bb button_two_letter_spacing__hover_enabled=\u00bboff\u00bb button_one_bg_color__hover_enabled=\u00bboff\u00bb button_two_bg_color__hover_enabled=\u00bboff\u00bb][\/et_pb_fullwidth_header][\/et_pb_section][et_pb_section fb_built=\u00bb1&#8243; fullwidth=\u00bbon\u00bb _builder_version=\u00bb4.16&#8243; global_colors_info=\u00bb{}\u00bb][et_pb_fullwidth_image src=\u00bbhttp:\/\/www.fedecaces.com\/site\/wp-content\/uploads\/2023\/02\/tarjetas-web-scaled.jpg\u00bb title_text=\u00bbtarjetas-web\u00bb _builder_version=\u00bb4.18.0&#8243; _module_preset=\u00bbdefault\u00bb hover_enabled=\u00bb0&#8243; global_colors_info=\u00bb{}\u00bb sticky_enabled=\u00bb0&#8243;][\/et_pb_fullwidth_image][\/et_pb_section]\n","protected":false},"excerpt":{"rendered":"<p>__________________________________ Tarjeta de D\u00e9bito DebiCoop, te permite realizar compras 24\/7 en comercios a nivel de todo el mundo, tambi\u00e9n puedes hacer retiros de efectivo en nuestra red de cajeros autom\u00e1ticos RedActiva y en otras redes. DebiCoop es totalmente gratis y sin cobro de membres\u00eda. DebiCoop dispone del plan de lealtad CoopePuntos, donde por cada compra [&hellip;]<\/p>\n","protected":false},"author":2,"featured_media":0,"parent":0,"menu_order":0,"comment_status":"closed","ping_status":"closed","template":"","meta":{"_et_pb_use_builder":"on","_et_pb_old_content":"","_et_gb_content_width":"","footnotes":""},"class_list":["post-1674","page","type-page","status-publish","hentry"],"_links":{"self":[{"href":"https:\/\/www.fedecaces.com\/site\/wp-json\/wp\/v2\/pages\/1674","targetHints":{"allow":["GET"]}}],"collection":[{"href":"https:\/\/www.fedecaces.com\/site\/wp-json\/wp\/v2\/pages"}],"about":[{"href":"https:\/\/www.fedecaces.com\/site\/wp-json\/wp\/v2\/types\/page"}],"author":[{"embeddable":true,"href":"https:\/\/www.fedecaces.com\/site\/wp-json\/wp\/v2\/users\/2"}],"replies":[{"embeddable":true,"href":"https:\/\/www.fedecaces.com\/site\/wp-json\/wp\/v2\/comments?post=1674"}],"version-history":[{"count":13,"href":"https:\/\/www.fedecaces.com\/site\/wp-json\/wp\/v2\/pages\/1674\/revisions"}],"predecessor-version":[{"id":3450,"href":"https:\/\/www.fedecaces.com\/site\/wp-json\/wp\/v2\/pages\/1674\/revisions\/3450"}],"wp:attachment":[{"href":"https:\/\/www.fedecaces.com\/site\/wp-json\/wp\/v2\/media?parent=1674"}],"curies":[{"name":"wp","href":"https:\/\/api.w.org\/{rel}","templated":true}]}}