{"id":1743,"date":"2018-10-04T08:19:16","date_gmt":"2018-10-04T14:19:16","guid":{"rendered":"http:\/\/www.fedecaces.com\/site\/?page_id=1743"},"modified":"2022-06-22T09:30:26","modified_gmt":"2022-06-22T15:30:26","slug":"acacciba-de-rl","status":"publish","type":"page","link":"https:\/\/www.fedecaces.com\/site\/red-de-cooperativas\/directorio-de-cooperativas\/acacciba-de-rl\/","title":{"rendered":"ACACCIBA DE R.L."},"content":{"rendered":"[et_pb_section fb_built=\u00bb1&#8243; custom_padding_last_edited=\u00bbon|desktop\u00bb admin_label=\u00bbsection\u00bb _builder_version=\u00bb4.16&#8243; custom_padding=\u00bb0px|0px|0px|0px\u00bb custom_padding_tablet=\u00bb50px|0|50px|0&#8243; custom_padding_phone=\u00bb\u00bb transparent_background=\u00bboff\u00bb padding_mobile=\u00bboff\u00bb global_colors_info=\u00bb{}\u00bb][et_pb_row column_structure=\u00bb2_3,1_3&#8243; use_custom_gutter=\u00bbon\u00bb gutter_width=\u00bb1&#8243; padding_mobile=\u00bboff\u00bb make_equal=\u00bbon\u00bb column_padding_mobile=\u00bbon\u00bb admin_label=\u00bbrow\u00bb module_class=\u00bb et_pb_row_fullwidth\u00bb _builder_version=\u00bb4.16&#8243; background_size=\u00bbinitial\u00bb background_position=\u00bbtop_left\u00bb background_repeat=\u00bbrepeat\u00bb width=\u00bb100%\u00bb width_tablet=\u00bb100%\u00bb width_phone=\u00bb\u00bb width_last_edited=\u00bbon|desktop\u00bb max_width=\u00bb100%\u00bb max_width_tablet=\u00bb100%\u00bb max_width_phone=\u00bb\u00bb max_width_last_edited=\u00bbon|desktop\u00bb custom_padding=\u00bb0px|0px|0px|0px\u00bb make_fullwidth=\u00bbon\u00bb global_colors_info=\u00bb{}\u00bb][et_pb_column type=\u00bb2_3&#8243; _builder_version=\u00bb4.16&#8243; custom_padding=\u00bb|||\u00bb global_colors_info=\u00bb{}\u00bb custom_padding__hover=\u00bb|||\u00bb][et_pb_text admin_label=\u00bbNombre\u00bb _builder_version=\u00bb4.16&#8243; background_size=\u00bbinitial\u00bb background_position=\u00bbtop_left\u00bb background_repeat=\u00bbrepeat\u00bb custom_padding=\u00bb35px|35px|35px|35px\u00bb use_border_color=\u00bboff\u00bb border_style=\u00bbsolid\u00bb global_colors_info=\u00bb{}\u00bb]\n<h1>ACACCIBA DE R.L.<\/h1>\n[\/et_pb_text][et_pb_image src=\u00bbhttp:\/\/www.fedecaces.com\/site\/wp-content\/uploads\/2017\/01\/Cintillo-sobre-mapa.png\u00bb alt=\u00bbHaga click en el mapa sobre cada marcador para m\u00e1s informaci\u00f3n\u00bb title_text=\u00bbHaga click en el mapa sobre cada marcador para m\u00e1s informaci\u00f3n\u00bb align_tablet=\u00bbcenter\u00bb align_phone=\u00bb\u00bb align_last_edited=\u00bbon|desktop\u00bb admin_label=\u00bbInstrucci\u00f3n haga click\u00bb _builder_version=\u00bb4.16&#8243; animation_style=\u00bbslide\u00bb animation_direction=\u00bbleft\u00bb animation_duration=\u00bb500ms\u00bb animation_intensity_slide=\u00bb10%\u00bb use_border_color=\u00bboff\u00bb border_color=\u00bb#ffffff\u00bb border_width=\u00bb1px\u00bb border_style=\u00bbsolid\u00bb sticky=\u00bboff\u00bb global_colors_info=\u00bb{}\u00bb][\/et_pb_image][et_pb_map address=\u00bbEl Salvador\u00bb zoom_level=\u00bb9&#8243; address_lat=\u00bb13.4945823272&#8243; address_lng=\u00bb-88.9270857251&#8243; mouse_wheel=\u00bboff\u00bb admin_label=\u00bbMapa\u00bb _builder_version=\u00bb4.16&#8243; global_colors_info=\u00bb{}\u00bb][et_pb_map_pin title=\u00bbChapeltique, San Miguel\u00bb pin_address=\u00bbAv Gerardo Barrios, Chapeltique, El Salvador\u00bb pin_address_lat=\u00bb13.637193514526231&#8243; pin_address_lng=\u00bb-88.26296526826172&#8243; _builder_version=\u00bb3.17.6&#8243; global_colors_info=\u00bb{}\u00bb]Tel\u00e9fono: 2618 2427<br \/>\nFax: 2618 2679<br \/>\nEmail: <a href=\"mailto:acacciba.chapeltique@fedecaces.com\">acacciba.chapeltique@fedecaces.com<\/a><br \/>\n[\/et_pb_map_pin][et_pb_map_pin title=\u00bbCiudad Barrios, San Miguel\u00bb pin_address=\u00bbAv Gerardo Barrios, Cd Barrios, El Salvador\u00bb pin_address_lat=\u00bb13.765273882748927&#8243; pin_address_lng=\u00bb-88.27105882502292&#8243; _builder_version=\u00bb3.0.47&#8243; global_colors_info=\u00bb{}\u00bb]Tel\u00e9fono: 2668 6300<br \/>\nFax:<br \/>\nEmail: <a href=\"mailto:gerencia.acacciba@fedecaces.com\">gerencia.acacciba@fedecaces.com<\/a><br \/>\n[\/et_pb_map_pin][et_pb_map_pin title=\u00bbEl Triunfo, Usulut\u00e1n\u00bb pin_address=\u00bbCA 1E, El Triunfo, El Salvador\u00bb pin_address_lat=\u00bb13.559575679384148&#8243; pin_address_lng=\u00bb-88.4296238333435&#8243; _builder_version=\u00bb3.0.47&#8243; global_colors_info=\u00bb{}\u00bb]Tel\u00e9fono: 2628 0571<br \/>\nFax: 2628 0571<br \/>\nEmail: <a href=\"mailto:acacciba.eltriunfo@fedecaces.com\">acacciba.eltriunfo@fedecaces.com<\/a><br \/>\n[\/et_pb_map_pin][et_pb_map_pin title=\u00bbGuatajiagua, Moraz\u00e1n\u00bb pin_address=\u00bbCarr. Guatajiagua &#8211; Yamabal, Guatajiagua, El Salvador\u00bb pin_address_lat=\u00bb13.66653552371267&#8243; pin_address_lng=\u00bb-88.20851727486877&#8243; _builder_version=\u00bb3.0.47&#8243; global_colors_info=\u00bb{}\u00bb]Tel\u00e9fono: 2658 6531<br \/>\nFax: 2658 6352<br \/>\nEmail: <a href=\"mailto:remesas.guatajiagua@fedecaces.com\">remesas.guatajiagua@fedecaces.com<\/a><br \/>\n[\/et_pb_map_pin][et_pb_map_pin title=\u00bbSan Francisco Gotera, Moraz\u00e1n\u00bb pin_address=\u00bb6a Avenida Ote, San Francisco Gotera, El Salvador\u00bb pin_address_lat=\u00bb13.693913175343207&#8243; pin_address_lng=\u00bb-88.10164952405091&#8243; _builder_version=\u00bb3.0.47&#8243; global_colors_info=\u00bb{}\u00bb]Tel\u00e9fono: 2680 1549<br \/>\nFax:<br \/>\nEmail: <a href=\"mailto:sdelareyna.acacciba@fedecaces.com\">sdelareyna.acacciba@fedecaces.com<\/a><br \/>\n[\/et_pb_map_pin][et_pb_map_pin title=\u00bbSan Miguel, San Miguel\u00bb pin_address=\u00bb10a Calle Poniente, San Miguel, El Salvador\u00bb pin_address_lat=\u00bb13.485807708280786&#8243; pin_address_lng=\u00bb-88.1798064751465&#8243; _builder_version=\u00bb3.0.47&#8243; global_colors_info=\u00bb{}\u00bb]Tel\u00e9fono: 2661 1338<br \/>\nFax: 2661 1336<br \/>\nEmail: <a href=\"mailto:sanmiguel.acacciba@fedecaces.com\">sanmiguel.acacciba@fedecaces.com<\/a><br \/>\n[\/et_pb_map_pin][et_pb_map_pin title=\u00bbCarolina, San Miguel\u00bb pin_address=\u00bbCarretera Carolina, Carolina, El Salvador\u00bb pin_address_lat=\u00bb13.845487369617675&#8243; pin_address_lng=\u00bb-88.30459030104981&#8243; _builder_version=\u00bb3.0.47&#8243; global_colors_info=\u00bb{}\u00bb]Tel\u00e9fono: 2618 2427<br \/>\nFax:<br \/>\nEmail:<br \/>\n[\/et_pb_map_pin][et_pb_map_pin title=\u00bbSan Luis la Reina, San Miguel\u00bb pin_address=\u00bbSan Luis de la Reina, El Salvador\u00bb pin_address_lat=\u00bb13.8146463&#8243; pin_address_lng=\u00bb-88.3470047&#8243; _builder_version=\u00bb3.0.47&#8243; global_colors_info=\u00bb{}\u00bb]Tel\u00e9fono:\u00a02680-1549<br \/>\n[\/et_pb_map_pin][et_pb_map_pin title=\u00bbEl tr\u00e1nsito, San Miguel\u00bb pin_address=\u00bbEl Transito, El Salvador\u00bb pin_address_lat=\u00bb13.3413473&#8243; pin_address_lng=\u00bb-88.2753144&#8243; _builder_version=\u00bb3.0.47&#8243; global_colors_info=\u00bb{}\u00bb][\/et_pb_map_pin][et_pb_map_pin title=\u00bbSan Salvador, San Salvador. \u00bb pin_address=\u00bbBoulevard De Los H\u00e9roes, San Salvador, El Salvador\u00bb pin_address_lat=\u00bb13.7087826&#8243; pin_address_lng=\u00bb-89.2105327&#8243; _builder_version=\u00bb3.0.101&#8243; global_colors_info=\u00bb{}\u00bb][\/et_pb_map_pin][et_pb_map_pin title=\u00bbCara sucia, Ahuachap\u00e1n \u00bb pin_address=\u00bbCara Sucia, El Salvador\u00bb zoom_level=\u00bb9&#8243; pin_address_lat=\u00bb13.7810557&#8243; pin_address_lng=\u00bb-90.0326531&#8243; _builder_version=\u00bb3.17.6&#8243; global_colors_info=\u00bb{}\u00bb]\n<p>Tel\u00e9fono:\u00a0<\/p>\n<table width=\"178\">\n<tbody>\n<tr>\n<td width=\"178\">2437-0263\u00a0<\/td>\n<\/tr>\n<\/tbody>\n<\/table>\n[\/et_pb_map_pin][\/et_pb_map][et_pb_contact_form email=\u00bbgerencia.acacciba@fedecaces.com\u00bb title=\u00bbEnviar un mensaje\u00bb admin_label=\u00bbFormulario de contacto\u00bb module_id=\u00bbet_pb_contact_form_0&#8243; _builder_version=\u00bb4.16&#8243; _unique_id=\u00bb5b7dee71-aab4-40ad-b6f8-fbb9550f7337&#8243; custom_css_main_element=\u00bbpadding: 50px;\u00bb border_radii=\u00bbon|0px|0px|0px|0px\u00bb use_border_color=\u00bboff\u00bb border_color=\u00bb#ffffff\u00bb border_width=\u00bb1px\u00bb border_style=\u00bbsolid\u00bb input_border_radius=\u00bb0&#8243; global_colors_info=\u00bb{}\u00bb][et_pb_contact_field field_id=\u00bbNombre\u00bb field_title=\u00bbNombre\u00bb fullwidth_field=\u00bbon\u00bb _builder_version=\u00bb4.16&#8243; form_field_font=\u00bb||||\u00bb border_radii=\u00bbon|0px|0px|0px|0px\u00bb use_border_color=\u00bboff\u00bb border_style=\u00bbsolid\u00bb input_border_radius=\u00bb0&#8243; global_colors_info=\u00bb{}\u00bb button_text_size__hover_enabled=\u00bboff\u00bb button_one_text_size__hover_enabled=\u00bboff\u00bb button_two_text_size__hover_enabled=\u00bboff\u00bb button_text_color__hover_enabled=\u00bboff\u00bb button_one_text_color__hover_enabled=\u00bboff\u00bb button_two_text_color__hover_enabled=\u00bboff\u00bb button_border_width__hover_enabled=\u00bboff\u00bb button_one_border_width__hover_enabled=\u00bboff\u00bb button_two_border_width__hover_enabled=\u00bboff\u00bb button_border_color__hover_enabled=\u00bboff\u00bb button_one_border_color__hover_enabled=\u00bboff\u00bb button_two_border_color__hover_enabled=\u00bboff\u00bb button_border_radius__hover_enabled=\u00bboff\u00bb button_one_border_radius__hover_enabled=\u00bboff\u00bb button_two_border_radius__hover_enabled=\u00bboff\u00bb button_letter_spacing__hover_enabled=\u00bboff\u00bb button_one_letter_spacing__hover_enabled=\u00bboff\u00bb button_two_letter_spacing__hover_enabled=\u00bboff\u00bb button_bg_color__hover_enabled=\u00bboff\u00bb button_one_bg_color__hover_enabled=\u00bboff\u00bb button_two_bg_color__hover_enabled=\u00bboff\u00bb] [\/et_pb_contact_field][et_pb_contact_field field_id=\u00bbTelefono\u00bb field_title=\u00bbTel\u00e9fono\u00bb _builder_version=\u00bb4.16&#8243; form_field_font=\u00bb||||\u00bb border_radii=\u00bbon|0px|0px|0px|0px\u00bb use_border_color=\u00bboff\u00bb border_style=\u00bbsolid\u00bb input_border_radius=\u00bb0&#8243; global_colors_info=\u00bb{}\u00bb button_text_size__hover_enabled=\u00bboff\u00bb button_one_text_size__hover_enabled=\u00bboff\u00bb button_two_text_size__hover_enabled=\u00bboff\u00bb button_text_color__hover_enabled=\u00bboff\u00bb button_one_text_color__hover_enabled=\u00bboff\u00bb button_two_text_color__hover_enabled=\u00bboff\u00bb button_border_width__hover_enabled=\u00bboff\u00bb button_one_border_width__hover_enabled=\u00bboff\u00bb button_two_border_width__hover_enabled=\u00bboff\u00bb button_border_color__hover_enabled=\u00bboff\u00bb button_one_border_color__hover_enabled=\u00bboff\u00bb button_two_border_color__hover_enabled=\u00bboff\u00bb button_border_radius__hover_enabled=\u00bboff\u00bb button_one_border_radius__hover_enabled=\u00bboff\u00bb button_two_border_radius__hover_enabled=\u00bboff\u00bb button_letter_spacing__hover_enabled=\u00bboff\u00bb button_one_letter_spacing__hover_enabled=\u00bboff\u00bb button_two_letter_spacing__hover_enabled=\u00bboff\u00bb button_bg_color__hover_enabled=\u00bboff\u00bb button_one_bg_color__hover_enabled=\u00bboff\u00bb button_two_bg_color__hover_enabled=\u00bboff\u00bb] [\/et_pb_contact_field][et_pb_contact_field field_id=\u00bbEmail\u00bb field_title=\u00bbDirecci\u00f3n de correo electr\u00f3nico\u00bb field_type=\u00bbemail\u00bb _builder_version=\u00bb4.16&#8243; form_field_font=\u00bb||||\u00bb border_radii=\u00bbon|0px|0px|0px|0px\u00bb use_border_color=\u00bboff\u00bb border_style=\u00bbsolid\u00bb input_border_radius=\u00bb0&#8243; global_colors_info=\u00bb{}\u00bb button_text_size__hover_enabled=\u00bboff\u00bb button_one_text_size__hover_enabled=\u00bboff\u00bb button_two_text_size__hover_enabled=\u00bboff\u00bb button_text_color__hover_enabled=\u00bboff\u00bb button_one_text_color__hover_enabled=\u00bboff\u00bb button_two_text_color__hover_enabled=\u00bboff\u00bb button_border_width__hover_enabled=\u00bboff\u00bb button_one_border_width__hover_enabled=\u00bboff\u00bb button_two_border_width__hover_enabled=\u00bboff\u00bb button_border_color__hover_enabled=\u00bboff\u00bb button_one_border_color__hover_enabled=\u00bboff\u00bb button_two_border_color__hover_enabled=\u00bboff\u00bb button_border_radius__hover_enabled=\u00bboff\u00bb button_one_border_radius__hover_enabled=\u00bboff\u00bb button_two_border_radius__hover_enabled=\u00bboff\u00bb button_letter_spacing__hover_enabled=\u00bboff\u00bb button_one_letter_spacing__hover_enabled=\u00bboff\u00bb button_two_letter_spacing__hover_enabled=\u00bboff\u00bb button_bg_color__hover_enabled=\u00bboff\u00bb button_one_bg_color__hover_enabled=\u00bboff\u00bb button_two_bg_color__hover_enabled=\u00bboff\u00bb] [\/et_pb_contact_field][et_pb_contact_field field_id=\u00bbMessage\u00bb field_title=\u00bbMensaje\u00bb field_type=\u00bbtext\u00bb fullwidth_field=\u00bbon\u00bb _builder_version=\u00bb4.16&#8243; border_radii=\u00bbon|0px|0px|0px|0px\u00bb input_border_radius=\u00bb0&#8243; global_colors_info=\u00bb{}\u00bb button_text_size__hover_enabled=\u00bboff\u00bb button_one_text_size__hover_enabled=\u00bboff\u00bb button_two_text_size__hover_enabled=\u00bboff\u00bb button_text_color__hover_enabled=\u00bboff\u00bb button_one_text_color__hover_enabled=\u00bboff\u00bb button_two_text_color__hover_enabled=\u00bboff\u00bb button_border_width__hover_enabled=\u00bboff\u00bb button_one_border_width__hover_enabled=\u00bboff\u00bb button_two_border_width__hover_enabled=\u00bboff\u00bb button_border_color__hover_enabled=\u00bboff\u00bb button_one_border_color__hover_enabled=\u00bboff\u00bb button_two_border_color__hover_enabled=\u00bboff\u00bb button_border_radius__hover_enabled=\u00bboff\u00bb button_one_border_radius__hover_enabled=\u00bboff\u00bb button_two_border_radius__hover_enabled=\u00bboff\u00bb button_letter_spacing__hover_enabled=\u00bboff\u00bb button_one_letter_spacing__hover_enabled=\u00bboff\u00bb button_two_letter_spacing__hover_enabled=\u00bboff\u00bb button_bg_color__hover_enabled=\u00bboff\u00bb button_one_bg_color__hover_enabled=\u00bboff\u00bb button_two_bg_color__hover_enabled=\u00bboff\u00bb] [\/et_pb_contact_field][\/et_pb_contact_form][\/et_pb_column][et_pb_column type=\u00bb1_3&#8243; _builder_version=\u00bb4.16&#8243; background_color=\u00bb#006055&#8243; background_image=\u00bbhttp:\/\/www.fedecaces.com\/site\/wp-content\/uploads\/2017\/01\/fondo-esquema-cooperativa.png\u00bb custom_padding=\u00bb35px|35px|35px|35px\u00bb global_colors_info=\u00bb{}\u00bb custom_padding__hover=\u00bb|||\u00bb][et_pb_blurb title=\u00bbAgencia Central \u00bb use_icon=\u00bbon\u00bb font_icon=\u00bb&#xe009;||divi||400&#8243; icon_color=\u00bb#ffffff\u00bb icon_placement=\u00bbleft\u00bb admin_label=\u00bbFundaci\u00f3n\u00bb _builder_version=\u00bb4.16&#8243; background_size=\u00bbinitial\u00bb background_position=\u00bbtop_left\u00bb background_repeat=\u00bbrepeat\u00bb background_layout=\u00bbdark\u00bb custom_margin=\u00bb||35px|\u00bb animation=\u00bbleft\u00bb use_border_color=\u00bboff\u00bb border_color=\u00bb#ffffff\u00bb border_width=\u00bb1px\u00bb border_style=\u00bbsolid\u00bb global_colors_info=\u00bb{}\u00bb]\n<p>4ta Calle Oriente y Av. Gerardo Barrios No 15, Barrio Concepci\u00f3n, Ciudad Barrios, San Miguel.<\/p>\n[\/et_pb_blurb][et_pb_blurb title=\u00bbTel\u00e9fono \u00bb use_icon=\u00bbon\u00bb font_icon=\u00bb&#xe090;||divi||400&#8243; icon_color=\u00bb#ffffff\u00bb icon_placement=\u00bbleft\u00bb admin_label=\u00bbFundaci\u00f3n\u00bb _builder_version=\u00bb4.17.3&#8243; background_size=\u00bbinitial\u00bb background_position=\u00bbtop_left\u00bb background_repeat=\u00bbrepeat\u00bb background_layout=\u00bbdark\u00bb custom_margin=\u00bb||35px|\u00bb animation=\u00bbleft\u00bb hover_enabled=\u00bb0&#8243; use_border_color=\u00bboff\u00bb border_color=\u00bb#ffffff\u00bb border_width=\u00bb1px\u00bb border_style=\u00bbsolid\u00bb global_colors_info=\u00bb{}\u00bb sticky_enabled=\u00bb0&#8243;]\n<p><span>2668-6300<\/span><\/p>\n[\/et_pb_blurb][et_pb_blurb title=\u00bbFacebook\u00bb url=\u00bbhttps:\/\/www.facebook.com\/Acacciba-de-RL-312285815584277\/?fref=ts\u00bb url_new_window=\u00bbon\u00bb use_icon=\u00bbon\u00bb font_icon=\u00bb&#xe0aa;||divi||400&#8243; icon_color=\u00bb#ffffff\u00bb icon_placement=\u00bbleft\u00bb admin_label=\u00bbFacebook\u00bb _builder_version=\u00bb4.16&#8243; background_size=\u00bbinitial\u00bb background_position=\u00bbtop_left\u00bb background_repeat=\u00bbrepeat\u00bb background_layout=\u00bbdark\u00bb custom_margin=\u00bb||35px|\u00bb animation=\u00bbleft\u00bb use_border_color=\u00bboff\u00bb border_color=\u00bb#ffffff\u00bb border_width=\u00bb1px\u00bb border_style=\u00bbsolid\u00bb global_colors_info=\u00bb{}\u00bb]<a href=\"https:\/\/www.facebook.com\/acaccibaderl\/\">https:\/\/www.facebook.com\/acaccibaderl\/<\/a><br \/>\n[\/et_pb_blurb][\/et_pb_column][\/et_pb_row][\/et_pb_section]\n","protected":false},"excerpt":{"rendered":"<p>ACACCIBA DE R.L. Tel\u00e9fono: 2618 2427 Fax: 2618 2679 Email: acacciba.chapeltique@fedecaces.com Tel\u00e9fono: 2668 6300 Fax: Email: gerencia.acacciba@fedecaces.com Tel\u00e9fono: 2628 0571 Fax: 2628 0571 Email: acacciba.eltriunfo@fedecaces.com Tel\u00e9fono: 2658 6531 Fax: 2658 6352 Email: remesas.guatajiagua@fedecaces.com Tel\u00e9fono: 2680 1549 Fax: Email: sdelareyna.acacciba@fedecaces.com Tel\u00e9fono: 2661 1338 Fax: 2661 1336 Email: sanmiguel.acacciba@fedecaces.com Tel\u00e9fono: 2618 2427 Fax: Email: Tel\u00e9fono:\u00a02680-1549 Tel\u00e9fono:\u00a0 2437-0263\u00a0 [&hellip;]<\/p>\n","protected":false},"author":2,"featured_media":0,"parent":95,"menu_order":0,"comment_status":"closed","ping_status":"closed","template":"","meta":{"_et_pb_use_builder":"on","_et_pb_old_content":"<p>[et_pb_section admin_label=\"section\"][et_pb_row admin_label=\"row\"][\/et_pb_row][\/et_pb_section]<\/p>","_et_gb_content_width":"","footnotes":""},"class_list":["post-1743","page","type-page","status-publish","hentry"],"_links":{"self":[{"href":"https:\/\/www.fedecaces.com\/site\/wp-json\/wp\/v2\/pages\/1743","targetHints":{"allow":["GET"]}}],"collection":[{"href":"https:\/\/www.fedecaces.com\/site\/wp-json\/wp\/v2\/pages"}],"about":[{"href":"https:\/\/www.fedecaces.com\/site\/wp-json\/wp\/v2\/types\/page"}],"author":[{"embeddable":true,"href":"https:\/\/www.fedecaces.com\/site\/wp-json\/wp\/v2\/users\/2"}],"replies":[{"embeddable":true,"href":"https:\/\/www.fedecaces.com\/site\/wp-json\/wp\/v2\/comments?post=1743"}],"version-history":[{"count":8,"href":"https:\/\/www.fedecaces.com\/site\/wp-json\/wp\/v2\/pages\/1743\/revisions"}],"predecessor-version":[{"id":2833,"href":"https:\/\/www.fedecaces.com\/site\/wp-json\/wp\/v2\/pages\/1743\/revisions\/2833"}],"up":[{"embeddable":true,"href":"https:\/\/www.fedecaces.com\/site\/wp-json\/wp\/v2\/pages\/95"}],"wp:attachment":[{"href":"https:\/\/www.fedecaces.com\/site\/wp-json\/wp\/v2\/media?parent=1743"}],"curies":[{"name":"wp","href":"https:\/\/api.w.org\/{rel}","templated":true}]}}