{"id":3469,"date":"2023-08-15T13:34:00","date_gmt":"2023-08-15T19:34:00","guid":{"rendered":"https:\/\/www.fedecaces.com\/site\/?page_id=3469"},"modified":"2023-08-15T13:35:05","modified_gmt":"2023-08-15T19:35:05","slug":"medios-de-atencion","status":"publish","type":"page","link":"https:\/\/www.fedecaces.com\/site\/medios-de-atencion\/","title":{"rendered":"MEDIOS DE ATENCI\u00d3N"},"content":{"rendered":"<p><strong>FEDECACES DE R.L.<\/strong><\/p>\n<p>23 avenida norte y 25 calle poniente, Colonia Layco #1301, San Salvador, El Salvador.<\/p>\n<p>Horarios de atenci\u00f3n: lunes a viernes de 8:00 a.m. a 4:00 p.m. y s\u00e1bado 8:00 a.m. a 12 m.d.<\/p>\n<p><strong>MEDIOS DE COMUNICACI\u00d3N<\/strong><\/p>\n<p>P\u00e1gina web: www.fedecaces.com<\/p>\n<p>Tel\u00e9fono: 2555-3500<\/p>\n<p>Correspondencia enviada a domicilio<\/p>\n","protected":false},"excerpt":{"rendered":"<p>FEDECACES DE R.L. 23 avenida norte y 25 calle poniente, Colonia Layco #1301, San Salvador, El Salvador. Horarios de atenci\u00f3n: lunes a viernes de 8:00 a.m. a 4:00 p.m. y s\u00e1bado 8:00 a.m. a 12 m.d. MEDIOS DE COMUNICACI\u00d3N P\u00e1gina web: www.fedecaces.com Tel\u00e9fono: 2555-3500 Correspondencia enviada a domicilio<\/p>\n","protected":false},"author":2,"featured_media":0,"parent":0,"menu_order":0,"comment_status":"closed","ping_status":"closed","template":"","meta":{"_et_pb_use_builder":"","_et_pb_old_content":"","_et_gb_content_width":"","footnotes":""},"class_list":["post-3469","page","type-page","status-publish","hentry"],"_links":{"self":[{"href":"https:\/\/www.fedecaces.com\/site\/wp-json\/wp\/v2\/pages\/3469","targetHints":{"allow":["GET"]}}],"collection":[{"href":"https:\/\/www.fedecaces.com\/site\/wp-json\/wp\/v2\/pages"}],"about":[{"href":"https:\/\/www.fedecaces.com\/site\/wp-json\/wp\/v2\/types\/page"}],"author":[{"embeddable":true,"href":"https:\/\/www.fedecaces.com\/site\/wp-json\/wp\/v2\/users\/2"}],"replies":[{"embeddable":true,"href":"https:\/\/www.fedecaces.com\/site\/wp-json\/wp\/v2\/comments?post=3469"}],"version-history":[{"count":3,"href":"https:\/\/www.fedecaces.com\/site\/wp-json\/wp\/v2\/pages\/3469\/revisions"}],"predecessor-version":[{"id":3473,"href":"https:\/\/www.fedecaces.com\/site\/wp-json\/wp\/v2\/pages\/3469\/revisions\/3473"}],"wp:attachment":[{"href":"https:\/\/www.fedecaces.com\/site\/wp-json\/wp\/v2\/media?parent=3469"}],"curies":[{"name":"wp","href":"https:\/\/api.w.org\/{rel}","templated":true}]}}