{"id":348,"date":"2017-01-18T11:43:52","date_gmt":"2017-01-18T17:43:52","guid":{"rendered":"http:\/\/www.fedecaces.com\/site\/?page_id=348"},"modified":"2019-06-05T13:25:12","modified_gmt":"2019-06-05T19:25:12","slug":"acacme-de-r-l","status":"publish","type":"page","link":"https:\/\/www.fedecaces.com\/site\/red-de-cooperativas\/directorio-de-cooperativas\/acacme-de-r-l\/","title":{"rendered":"ACACME DE R.L."},"content":{"rendered":"[et_pb_section fb_built=\u00bb1&#8243; custom_padding_last_edited=\u00bbon|desktop\u00bb admin_label=\u00bbsection\u00bb _builder_version=\u00bb3.22&#8243; custom_padding=\u00bb0px|0px|0px|0px\u00bb custom_padding_tablet=\u00bb50px|0|50px|0&#8243; transparent_background=\u00bboff\u00bb padding_mobile=\u00bboff\u00bb][et_pb_row use_custom_gutter=\u00bbon\u00bb gutter_width=\u00bb1&#8243; custom_padding=\u00bb0px|0px|0px|0px\u00bb padding_mobile=\u00bboff\u00bb make_equal=\u00bbon\u00bb column_padding_mobile=\u00bbon\u00bb background_color_2=\u00bb#006055&#8243; bg_img_2=\u00bbhttp:\/\/www.fedecaces.com\/site\/wp-content\/uploads\/2017\/01\/fondo-esquema-cooperativa.png\u00bb parallax_method_1=\u00bboff\u00bb parallax_method_2=\u00bboff\u00bb padding_top_2=\u00bb35px\u00bb padding_right_2=\u00bb35px\u00bb padding_bottom_2=\u00bb35px\u00bb padding_left_2=\u00bb35px\u00bb admin_label=\u00bbrow\u00bb module_class=\u00bb et_pb_row_fullwidth\u00bb _builder_version=\u00bb3.22&#8243; background_size=\u00bbinitial\u00bb background_position=\u00bbtop_left\u00bb background_repeat=\u00bbrepeat\u00bb width=\u00bb100%\u00bb width_tablet=\u00bb100%\u00bb width_last_edited=\u00bbon|desktop\u00bb max_width=\u00bb100%\u00bb max_width_tablet=\u00bb100%\u00bb max_width_last_edited=\u00bbon|desktop\u00bb make_fullwidth=\u00bbon\u00bb][et_pb_column type=\u00bb2_3&#8243; _builder_version=\u00bb3.0.47&#8243;][et_pb_text admin_label=\u00bbNombre\u00bb _builder_version=\u00bb3.0.87&#8243; background_size=\u00bbinitial\u00bb background_position=\u00bbtop_left\u00bb background_repeat=\u00bbrepeat\u00bb custom_padding=\u00bb35px|35px|35px|35px\u00bb use_border_color=\u00bboff\u00bb border_style=\u00bbsolid\u00bb]\n<h1>ACACME DE R.L.<\/h1>\n[\/et_pb_text][et_pb_map address=\u00bbEl Salvador\u00bb zoom_level=\u00bb9&#8243; address_lat=\u00bb13.82619120062853&#8243; address_lng=\u00bb-89.52000412109373&#8243; mouse_wheel=\u00bboff\u00bb admin_label=\u00bbMapa\u00bb _builder_version=\u00bb3.0.91&#8243;][et_pb_map_pin title=\u00bbAhuachap\u00e1n, Ahuachap\u00e1n\u00bb pin_address=\u00bb4A Calle Poniente, Ahuachapan, El Salvador\u00bb pin_address_lat=\u00bb13.9226769609&#8243; pin_address_lng=\u00bb-89.8463330435&#8243; _builder_version=\u00bb3.0.47&#8243;]\n<p>Tel\u00e9fono: 2413 0681<br \/>\nFax: 2413 1254<br \/>\nEmail: <a href=\"mailto:acacme.ahuachapan@fedecaces.com\">acacme.ahuachapan@fedecaces.com<\/a><\/p>\n[\/et_pb_map_pin][et_pb_map_pin title=\u00bbSonsonate, Sonsonate\u00bb pin_address=\u00bbAv Morazan, Sonsonate, El Salvador\u00bb pin_address_lat=\u00bb13.7220136957&#8243; pin_address_lng=\u00bb-89.7264524341&#8243; _builder_version=\u00bb3.0.47&#8243;]\n<p>Tel\u00e9fono: 2451 5355<br \/>\nFax: 2451 5355<br \/>\nEmail:<a href=\"mailto:gerencia.acacme@fedecaces.com\"> gerencia.acacme@fedecaces.com<\/a><\/p>\n[\/et_pb_map_pin][et_pb_map_pin title=\u00bbSan Juli\u00e1n, Sonsonate\u00bb pin_address=\u00bbRN-11, San Julian, El Salvador\u00bb pin_address_lat=\u00bb13.697719542842012&#8243; pin_address_lng=\u00bb-89.55947275492173&#8243; _builder_version=\u00bb3.0.47&#8243;]\n<p>Tel\u00e9fono: 2455 0670<br \/>\nFax: 2452 0932<br \/>\nEmail: <a href=\"mailto:remesas_sanjulian@acacme.com\">remesas_sanjulian@acacme.com<\/a><\/p>\n[\/et_pb_map_pin][\/et_pb_map][et_pb_contact_form email=\u00bbacacme.ahuachapan@fedecaces.com\u00bb title=\u00bbEnviar un mensaje\u00bb admin_label=\u00bbFormulario de contacto\u00bb module_id=\u00bbet_pb_contact_form_0&#8243; _builder_version=\u00bb3.0.87&#8243; border_radii=\u00bbon|0px|0px|0px|0px\u00bb custom_css_main_element=\u00bbpadding: 50px;\u00bb use_border_color=\u00bboff\u00bb border_color=\u00bb#ffffff\u00bb border_width=\u00bb1px\u00bb border_style=\u00bbsolid\u00bb input_border_radius=\u00bb0&#8243;][et_pb_contact_field field_id=\u00bbNombre\u00bb field_title=\u00bbNombre\u00bb fullwidth_field=\u00bbon\u00bb _builder_version=\u00bb3.16&#8243; form_field_font=\u00bb||||\u00bb border_radii=\u00bbon|0px|0px|0px|0px\u00bb use_border_color=\u00bboff\u00bb border_style=\u00bbsolid\u00bb input_border_radius=\u00bb0&#8243; button_text_size__hover_enabled=\u00bboff\u00bb button_one_text_size__hover_enabled=\u00bboff\u00bb button_two_text_size__hover_enabled=\u00bboff\u00bb button_text_color__hover_enabled=\u00bboff\u00bb button_one_text_color__hover_enabled=\u00bboff\u00bb button_two_text_color__hover_enabled=\u00bboff\u00bb button_border_width__hover_enabled=\u00bboff\u00bb button_one_border_width__hover_enabled=\u00bboff\u00bb button_two_border_width__hover_enabled=\u00bboff\u00bb button_border_color__hover_enabled=\u00bboff\u00bb button_one_border_color__hover_enabled=\u00bboff\u00bb button_two_border_color__hover_enabled=\u00bboff\u00bb button_border_radius__hover_enabled=\u00bboff\u00bb button_one_border_radius__hover_enabled=\u00bboff\u00bb button_two_border_radius__hover_enabled=\u00bboff\u00bb button_letter_spacing__hover_enabled=\u00bboff\u00bb button_one_letter_spacing__hover_enabled=\u00bboff\u00bb button_two_letter_spacing__hover_enabled=\u00bboff\u00bb button_bg_color__hover_enabled=\u00bboff\u00bb button_one_bg_color__hover_enabled=\u00bboff\u00bb button_two_bg_color__hover_enabled=\u00bboff\u00bb] [\/et_pb_contact_field][et_pb_contact_field field_id=\u00bbTelefono\u00bb field_title=\u00bbTel\u00e9fono\u00bb _builder_version=\u00bb3.16&#8243; form_field_font=\u00bb||||\u00bb border_radii=\u00bbon|0px|0px|0px|0px\u00bb use_border_color=\u00bboff\u00bb border_style=\u00bbsolid\u00bb input_border_radius=\u00bb0&#8243; button_text_size__hover_enabled=\u00bboff\u00bb button_one_text_size__hover_enabled=\u00bboff\u00bb button_two_text_size__hover_enabled=\u00bboff\u00bb button_text_color__hover_enabled=\u00bboff\u00bb button_one_text_color__hover_enabled=\u00bboff\u00bb button_two_text_color__hover_enabled=\u00bboff\u00bb button_border_width__hover_enabled=\u00bboff\u00bb button_one_border_width__hover_enabled=\u00bboff\u00bb button_two_border_width__hover_enabled=\u00bboff\u00bb button_border_color__hover_enabled=\u00bboff\u00bb button_one_border_color__hover_enabled=\u00bboff\u00bb button_two_border_color__hover_enabled=\u00bboff\u00bb button_border_radius__hover_enabled=\u00bboff\u00bb button_one_border_radius__hover_enabled=\u00bboff\u00bb button_two_border_radius__hover_enabled=\u00bboff\u00bb button_letter_spacing__hover_enabled=\u00bboff\u00bb button_one_letter_spacing__hover_enabled=\u00bboff\u00bb button_two_letter_spacing__hover_enabled=\u00bboff\u00bb button_bg_color__hover_enabled=\u00bboff\u00bb button_one_bg_color__hover_enabled=\u00bboff\u00bb button_two_bg_color__hover_enabled=\u00bboff\u00bb] [\/et_pb_contact_field][et_pb_contact_field field_id=\u00bbEmail\u00bb field_title=\u00bbDirecci\u00f3n de correo electr\u00f3nico\u00bb field_type=\u00bbemail\u00bb _builder_version=\u00bb3.16&#8243; form_field_font=\u00bb||||\u00bb border_radii=\u00bbon|0px|0px|0px|0px\u00bb use_border_color=\u00bboff\u00bb border_style=\u00bbsolid\u00bb input_border_radius=\u00bb0&#8243; button_text_size__hover_enabled=\u00bboff\u00bb button_one_text_size__hover_enabled=\u00bboff\u00bb button_two_text_size__hover_enabled=\u00bboff\u00bb button_text_color__hover_enabled=\u00bboff\u00bb button_one_text_color__hover_enabled=\u00bboff\u00bb button_two_text_color__hover_enabled=\u00bboff\u00bb button_border_width__hover_enabled=\u00bboff\u00bb button_one_border_width__hover_enabled=\u00bboff\u00bb button_two_border_width__hover_enabled=\u00bboff\u00bb button_border_color__hover_enabled=\u00bboff\u00bb button_one_border_color__hover_enabled=\u00bboff\u00bb button_two_border_color__hover_enabled=\u00bboff\u00bb button_border_radius__hover_enabled=\u00bboff\u00bb button_one_border_radius__hover_enabled=\u00bboff\u00bb button_two_border_radius__hover_enabled=\u00bboff\u00bb button_letter_spacing__hover_enabled=\u00bboff\u00bb button_one_letter_spacing__hover_enabled=\u00bboff\u00bb button_two_letter_spacing__hover_enabled=\u00bboff\u00bb button_bg_color__hover_enabled=\u00bboff\u00bb button_one_bg_color__hover_enabled=\u00bboff\u00bb button_two_bg_color__hover_enabled=\u00bboff\u00bb] [\/et_pb_contact_field][et_pb_contact_field field_id=\u00bbMessage\u00bb field_title=\u00bbMensaje\u00bb field_type=\u00bbtext\u00bb fullwidth_field=\u00bbon\u00bb _builder_version=\u00bb3.16&#8243; border_radii=\u00bbon|0px|0px|0px|0px\u00bb input_border_radius=\u00bb0&#8243; button_text_size__hover_enabled=\u00bboff\u00bb button_one_text_size__hover_enabled=\u00bboff\u00bb button_two_text_size__hover_enabled=\u00bboff\u00bb button_text_color__hover_enabled=\u00bboff\u00bb button_one_text_color__hover_enabled=\u00bboff\u00bb button_two_text_color__hover_enabled=\u00bboff\u00bb button_border_width__hover_enabled=\u00bboff\u00bb button_one_border_width__hover_enabled=\u00bboff\u00bb button_two_border_width__hover_enabled=\u00bboff\u00bb button_border_color__hover_enabled=\u00bboff\u00bb button_one_border_color__hover_enabled=\u00bboff\u00bb button_two_border_color__hover_enabled=\u00bboff\u00bb button_border_radius__hover_enabled=\u00bboff\u00bb button_one_border_radius__hover_enabled=\u00bboff\u00bb button_two_border_radius__hover_enabled=\u00bboff\u00bb button_letter_spacing__hover_enabled=\u00bboff\u00bb button_one_letter_spacing__hover_enabled=\u00bboff\u00bb button_two_letter_spacing__hover_enabled=\u00bboff\u00bb button_bg_color__hover_enabled=\u00bboff\u00bb button_one_bg_color__hover_enabled=\u00bboff\u00bb button_two_bg_color__hover_enabled=\u00bboff\u00bb] [\/et_pb_contact_field][\/et_pb_contact_form][\/et_pb_column][et_pb_column type=\u00bb1_3&#8243; _builder_version=\u00bb3.0.47&#8243;][et_pb_blurb title=\u00bbFundaci\u00f3n\u00bb use_icon=\u00bbon\u00bb font_icon=\u00bb%%111%%\u00bb icon_color=\u00bb#ffffff\u00bb icon_placement=\u00bbleft\u00bb admin_label=\u00bbFundaci\u00f3n\u00bb _builder_version=\u00bb3.0.87&#8243; background_size=\u00bbinitial\u00bb background_position=\u00bbtop_left\u00bb background_repeat=\u00bbrepeat\u00bb background_layout=\u00bbdark\u00bb custom_margin=\u00bb||35px|\u00bb animation=\u00bbleft\u00bb use_border_color=\u00bboff\u00bb border_color=\u00bb#ffffff\u00bb border_width=\u00bb1px\u00bb border_style=\u00bbsolid\u00bb]1965-02-22<br \/>\n[\/et_pb_blurb][et_pb_blurb title=\u00bbSitio Web\u00bb url=\u00bbhttp:\/\/www.acacme.com\/\u00bb url_new_window=\u00bbon\u00bb use_icon=\u00bbon\u00bb font_icon=\u00bb%%136%%\u00bb icon_color=\u00bb#ffffff\u00bb icon_placement=\u00bbleft\u00bb admin_label=\u00bbSitio Web\u00bb _builder_version=\u00bb3.0.87&#8243; background_size=\u00bbinitial\u00bb background_position=\u00bbtop_left\u00bb background_repeat=\u00bbrepeat\u00bb background_layout=\u00bbdark\u00bb custom_margin=\u00bb||35px|\u00bb animation=\u00bbleft\u00bb use_border_color=\u00bboff\u00bb border_color=\u00bb#ffffff\u00bb border_width=\u00bb1px\u00bb border_style=\u00bbsolid\u00bb]<a href=\"http:\/\/www.acacme.com\/\">http:\/\/www.acacme.com\/<\/a><br \/>\n[\/et_pb_blurb][et_pb_blurb title=\u00bbTel\u00e9fono\u00bb url_new_window=\u00bbon\u00bb use_icon=\u00bbon\u00bb font_icon=\u00bb\ue090\u00bb icon_color=\u00bb#ffffff\u00bb icon_placement=\u00bbleft\u00bb admin_label=\u00bbSitio Web\u00bb _builder_version=\u00bb3.0.87&#8243; background_size=\u00bbinitial\u00bb background_position=\u00bbtop_left\u00bb background_repeat=\u00bbrepeat\u00bb background_layout=\u00bbdark\u00bb custom_margin=\u00bb||35px|\u00bb animation=\u00bbleft\u00bb use_border_color=\u00bboff\u00bb border_color=\u00bb#ffffff\u00bb border_width=\u00bb1px\u00bb border_style=\u00bbsolid\u00bb]\n<p><span style=\"color: #f2d331;\">2430-9900<\/span><\/p>\n[\/et_pb_blurb][et_pb_blurb title=\u00bbFacebook\u00bb url=\u00bbhttps:\/\/www.facebook.com\/acacme\u00bb url_new_window=\u00bbon\u00bb use_icon=\u00bbon\u00bb font_icon=\u00bb%%314%%\u00bb icon_color=\u00bb#ffffff\u00bb icon_placement=\u00bbleft\u00bb admin_label=\u00bbFacebook\u00bb _builder_version=\u00bb3.0.101&#8243; background_size=\u00bbinitial\u00bb background_position=\u00bbtop_left\u00bb background_repeat=\u00bbrepeat\u00bb background_layout=\u00bbdark\u00bb custom_margin=\u00bb||35px|\u00bb animation=\u00bbleft\u00bb use_border_color=\u00bboff\u00bb border_color=\u00bb#ffffff\u00bb border_width=\u00bb1px\u00bb border_style=\u00bbsolid\u00bb]\n<p><a href=\"https:\/\/www.facebook.com\/Cooperativa.Acacme\/\">https:\/\/www.facebook.com\/Cooperativa.Acacme\/<\/a>\u00a0<\/p>\n[\/et_pb_blurb][\/et_pb_column][\/et_pb_row][\/et_pb_section]\n","protected":false},"excerpt":{"rendered":"<p>ACACME DE R.L. Tel\u00e9fono: 2413 0681 Fax: 2413 1254 Email: acacme.ahuachapan@fedecaces.comTel\u00e9fono: 2451 5355 Fax: 2451 5355 Email: gerencia.acacme@fedecaces.comTel\u00e9fono: 2455 0670 Fax: 2452 0932 Email: remesas_sanjulian@acacme.com 1965-02-22 http:\/\/www.acacme.com\/ 2430-9900https:\/\/www.facebook.com\/Cooperativa.Acacme\/\u00a0<\/p>\n","protected":false},"author":1,"featured_media":0,"parent":95,"menu_order":0,"comment_status":"closed","ping_status":"closed","template":"","meta":{"_et_pb_use_builder":"on","_et_pb_old_content":"","_et_gb_content_width":"","footnotes":""},"class_list":["post-348","page","type-page","status-publish","hentry"],"_links":{"self":[{"href":"https:\/\/www.fedecaces.com\/site\/wp-json\/wp\/v2\/pages\/348","targetHints":{"allow":["GET"]}}],"collection":[{"href":"https:\/\/www.fedecaces.com\/site\/wp-json\/wp\/v2\/pages"}],"about":[{"href":"https:\/\/www.fedecaces.com\/site\/wp-json\/wp\/v2\/types\/page"}],"author":[{"embeddable":true,"href":"https:\/\/www.fedecaces.com\/site\/wp-json\/wp\/v2\/users\/1"}],"replies":[{"embeddable":true,"href":"https:\/\/www.fedecaces.com\/site\/wp-json\/wp\/v2\/comments?post=348"}],"version-history":[{"count":8,"href":"https:\/\/www.fedecaces.com\/site\/wp-json\/wp\/v2\/pages\/348\/revisions"}],"predecessor-version":[{"id":2249,"href":"https:\/\/www.fedecaces.com\/site\/wp-json\/wp\/v2\/pages\/348\/revisions\/2249"}],"up":[{"embeddable":true,"href":"https:\/\/www.fedecaces.com\/site\/wp-json\/wp\/v2\/pages\/95"}],"wp:attachment":[{"href":"https:\/\/www.fedecaces.com\/site\/wp-json\/wp\/v2\/media?parent=348"}],"curies":[{"name":"wp","href":"https:\/\/api.w.org\/{rel}","templated":true}]}}