{"id":3490,"date":"2023-08-18T10:33:56","date_gmt":"2023-08-18T16:33:56","guid":{"rendered":"https:\/\/www.fedecaces.com\/site\/?page_id=3490"},"modified":"2023-08-18T10:47:05","modified_gmt":"2023-08-18T16:47:05","slug":"comites-de-apoyo","status":"publish","type":"page","link":"https:\/\/www.fedecaces.com\/site\/comites-de-apoyo\/","title":{"rendered":"COMITES DE APOYO"},"content":{"rendered":"<p><strong>FEDECACES DE R.L.<\/strong><\/p>\n<table class=\" alignleft\" style=\"height: 1907px; border-color: #030000; width: 860px;\" width=\"860\">\n<tbody>\n<tr style=\"height: 76px;\">\n<td style=\"width: 121.266px; height: 76px;\"><strong>NOMBRE <\/strong><\/p>\n<p><strong>COMIT\u00c9<\/strong><\/td>\n<td style=\"width: 186.438px; height: 76px;\"><strong>OBJETIVOS\/<\/strong><\/p>\n<p><strong>RESPONSABILIDADES<\/strong><\/td>\n<td style=\"width: 391.922px; height: 76px;\"><strong>FUNCIONES<\/strong><\/td>\n<td style=\"width: 132.375px; height: 76px;\"><strong>COMPOSICI\u00d3N Y FRECUENCIA<\/strong><\/td>\n<\/tr>\n<tr style=\"height: 648px;\">\n<td style=\"width: 121.266px; height: 648px;\"><strong>COMIT\u00c9 DE RIESGOS<\/strong><\/td>\n<td style=\"width: 186.438px; height: 648px;\">Responsable del proceso de implementaci\u00f3n y seguimiento de la gesti\u00f3n integral de riesgos; y apoyar\u00e1 las labores realizadas por la Gerencia de Supervisi\u00f3n y Normativa como responsable de la gesti\u00f3n de riesgos delegada por el Consejo de Administraci\u00f3n y ser\u00e1 el enlace entre esta \u00faltima y el Consejo de Administraci\u00f3n<\/td>\n<td style=\"width: 391.922px; height: 648px;\">Las funciones del Comit\u00e9 de Riesgos son al menos las siguientes:<\/p>\n<p>a)\u00a0\u00a0\u00a0 Informar al Consejo de Administraci\u00f3n sobre los riesgos asumidos por la entidad, su evoluci\u00f3n, sus efectos en los niveles patrimoniales y las necesidades adicionales de mitigaci\u00f3n;<\/p>\n<p>b)\u00a0\u00a0\u00a0 Velar por que la entidad cuente con la adecuada estructura organizacional estrategias, pol\u00edticas y recursos para la gesti\u00f3n integral de riesgos;<\/p>\n<p>c)\u00a0\u00a0\u00a0 Asegurar e informar al Consejo de Administraci\u00f3n la correcta ejecuci\u00f3n de las estrategias y pol\u00edticas aprobadas;<\/p>\n<p>d)\u00a0\u00a0\u00a0 Proponer al Consejo de Administraci\u00f3n los l\u00edmites de tolerancia a la exposici\u00f3n para cada tipo de riesgo;<\/p>\n<p>e)\u00a0\u00a0\u00a0 Aprobar las metodolog\u00edas de gesti\u00f3n de cada uno de los riesgos; y<\/p>\n<p>f)\u00a0\u00a0\u00a0\u00a0 Requerir y dar seguimiento a los planes correctivos para normalizar incumplimientos a los l\u00edmites de exposici\u00f3n o deficiencias reportadas.<\/td>\n<td style=\"width: 132.375px; height: 648px;\">Siete miembros con frecuencia de reuni\u00f3n Trimestral.<\/td>\n<\/tr>\n<tr style=\"height: 985px;\">\n<td style=\"width: 121.266px; height: 985px;\"><strong>COMIT\u00c9 DE PREVENCI\u00d3N DE LAFT<\/strong><\/td>\n<td style=\"width: 186.438px; height: 985px;\">El Comit\u00e9 estar\u00e1 orientado a fortalecer los mecanismos de control y a la prevenci\u00f3n del LDA\/FT\/FPADM; siendo su principal funci\u00f3n la de<\/p>\n<p>servir de apoyo a la oficial\u00eda de cumplimiento, en materia de prevenci\u00f3n del<\/p>\n<p>LDA\/FT\/FPADM.<\/td>\n<td style=\"width: 391.922px; height: 985px;\">a)\u00a0\u00a0\u00a0 Instruir mediante acuerdos, modificaciones o mejoras a la pol\u00edtica institucional de prevenci\u00f3n del LDA\/FT\/FPADM, con apego al marco legal nacional e internacional.<\/p>\n<p>b)\u00a0\u00a0\u00a0 Dar seguimiento a la gesti\u00f3n de la Oficial\u00eda de Cumplimiento.<\/p>\n<p>c)\u00a0\u00a0\u00a0 Conocer las deficiencias al programa de prevenci\u00f3n detectadas por la Oficial\u00eda; as\u00ed como las acciones o medidas correctivas que se hayan implementado para tales efectos.<\/p>\n<p>d)\u00a0\u00a0\u00a0 Revisar la ejecuci\u00f3n del plan anual de capacitaci\u00f3n que involucre a todo el personal de la instituci\u00f3n y que adem\u00e1s incluya la capacitaci\u00f3n especializada para el personal de la Oficial\u00eda de Cumplimiento en temas de LDA\/FT\/FPADM.<\/p>\n<p>e)\u00a0\u00a0\u00a0 Revisar que el enfoque de la Oficial\u00eda de Cumplimiento, adem\u00e1s de fortalecer la estructura de control interno, est\u00e9 orientado a la prevenci\u00f3n y gesti\u00f3n de riesgos de LDA\/FT\/FPADM.<\/p>\n<p>f)\u00a0\u00a0\u00a0\u00a0 Revisar por lo menos cada tres a\u00f1os, la estructura organizativa de la Oficial\u00eda de Cumplimiento en cuanto a recurso humano, en relaci\u00f3n proporcional al tama\u00f1o de la instituci\u00f3n, cantidad de clientes, productos y servicios, as\u00ed como la operatividad que tenga la misma, para determinar la necesidad de mayores recursos a fin de mitigar los riesgos derivados de LDA\/FT\/FPADM.<\/p>\n<p>g)\u00a0\u00a0\u00a0 Promover y garantizar la independencia y autonom\u00eda de la oficial\u00eda de cumplimiento de forma institucional.<\/p>\n<p>h)\u00a0\u00a0\u00a0 Asegurarse que la Oficial\u00eda de Cumplimiento tenga acceso irrestricto a toda la informaci\u00f3n y documentaci\u00f3n que maneja la instituci\u00f3n relacionada con el LDA\/FT\/FPADM.<\/td>\n<td style=\"width: 132.375px; height: 985px;\">Ocho miembros con frecuencia de reuni\u00f3n Trimestral.<\/td>\n<\/tr>\n<tr style=\"height: 198px;\">\n<td style=\"width: 121.266px; height: 198px;\"><strong>COMIT\u00c9 DE AUDITORIA<\/strong><\/td>\n<td style=\"width: 186.438px; height: 198px;\">\u00b7\u00a0\u00a0\u00a0\u00a0\u00a0\u00a0\u00a0\u00a0 Dar apoyo al Consejo de Administraci\u00f3n para el control y seguimiento de las pol\u00edticas, procedimientos y controles establecidos por FEDECACES.<\/td>\n<td style=\"width: 391.922px; height: 198px;\">Presidente Convocar a reuniones y presidirlas. Secretario corresponde asentar las actas de las sesiones, certificar las actas y acuerdos.<\/p>\n<p>Vocales corresponde participar en las sesiones con voz y voto, asumir el cargo de presidente o secretario en caso de ausencia.<\/td>\n<td style=\"width: 132.375px; height: 198px;\">Seis miembros con frecuencia de reuni\u00f3n Trimestral.<\/td>\n<\/tr>\n<\/tbody>\n<\/table>\n<p>&nbsp;<\/p>\n","protected":false},"excerpt":{"rendered":"<p>FEDECACES DE R.L. NOMBRE COMIT\u00c9 OBJETIVOS\/ RESPONSABILIDADES FUNCIONES COMPOSICI\u00d3N Y FRECUENCIA COMIT\u00c9 DE RIESGOS Responsable del proceso de implementaci\u00f3n y seguimiento de la gesti\u00f3n integral de riesgos; y apoyar\u00e1 las labores realizadas por la Gerencia de Supervisi\u00f3n y Normativa como responsable de la gesti\u00f3n de riesgos delegada por el Consejo de Administraci\u00f3n y ser\u00e1 el [&hellip;]<\/p>\n","protected":false},"author":2,"featured_media":0,"parent":0,"menu_order":0,"comment_status":"closed","ping_status":"closed","template":"","meta":{"_et_pb_use_builder":"","_et_pb_old_content":"","_et_gb_content_width":"","footnotes":""},"class_list":["post-3490","page","type-page","status-publish","hentry"],"_links":{"self":[{"href":"https:\/\/www.fedecaces.com\/site\/wp-json\/wp\/v2\/pages\/3490","targetHints":{"allow":["GET"]}}],"collection":[{"href":"https:\/\/www.fedecaces.com\/site\/wp-json\/wp\/v2\/pages"}],"about":[{"href":"https:\/\/www.fedecaces.com\/site\/wp-json\/wp\/v2\/types\/page"}],"author":[{"embeddable":true,"href":"https:\/\/www.fedecaces.com\/site\/wp-json\/wp\/v2\/users\/2"}],"replies":[{"embeddable":true,"href":"https:\/\/www.fedecaces.com\/site\/wp-json\/wp\/v2\/comments?post=3490"}],"version-history":[{"count":5,"href":"https:\/\/www.fedecaces.com\/site\/wp-json\/wp\/v2\/pages\/3490\/revisions"}],"predecessor-version":[{"id":3495,"href":"https:\/\/www.fedecaces.com\/site\/wp-json\/wp\/v2\/pages\/3490\/revisions\/3495"}],"wp:attachment":[{"href":"https:\/\/www.fedecaces.com\/site\/wp-json\/wp\/v2\/media?parent=3490"}],"curies":[{"name":"wp","href":"https:\/\/api.w.org\/{rel}","templated":true}]}}