{"id":354,"date":"2017-01-18T12:01:22","date_gmt":"2017-01-18T18:01:22","guid":{"rendered":"http:\/\/www.fedecaces.com\/site\/?page_id=354"},"modified":"2020-06-09T16:59:41","modified_gmt":"2020-06-09T22:59:41","slug":"acacrecosc-de-r-l","status":"publish","type":"page","link":"https:\/\/www.fedecaces.com\/site\/red-de-cooperativas\/directorio-de-cooperativas\/acacrecosc-de-r-l\/","title":{"rendered":"ACACRECOSC DE R.L."},"content":{"rendered":"[et_pb_section fb_built=\u00bb1&#8243; custom_padding_last_edited=\u00bbon|desktop\u00bb admin_label=\u00bbsection\u00bb _builder_version=\u00bb3.22&#8243; custom_padding=\u00bb0px|0px|0px|0px\u00bb custom_padding_tablet=\u00bb50px|0|50px|0&#8243; custom_padding_phone=\u00bb\u00bb transparent_background=\u00bboff\u00bb padding_mobile=\u00bboff\u00bb][et_pb_row column_structure=\u00bb2_3,1_3&#8243; use_custom_gutter=\u00bbon\u00bb gutter_width=\u00bb1&#8243; padding_mobile=\u00bboff\u00bb make_equal=\u00bbon\u00bb column_padding_mobile=\u00bbon\u00bb admin_label=\u00bbrow\u00bb module_class=\u00bb et_pb_row_fullwidth\u00bb _builder_version=\u00bb3.25&#8243; background_size=\u00bbinitial\u00bb background_position=\u00bbtop_left\u00bb background_repeat=\u00bbrepeat\u00bb width=\u00bb100%\u00bb width_tablet=\u00bb100%\u00bb width_phone=\u00bb\u00bb width_last_edited=\u00bbon|desktop\u00bb max_width=\u00bb100%\u00bb max_width_tablet=\u00bb100%\u00bb max_width_phone=\u00bb\u00bb max_width_last_edited=\u00bbon|desktop\u00bb custom_padding=\u00bb0px|0px|0px|0px\u00bb make_fullwidth=\u00bbon\u00bb][et_pb_column type=\u00bb2_3&#8243; _builder_version=\u00bb3.25&#8243; custom_padding=\u00bb|||\u00bb custom_padding__hover=\u00bb|||\u00bb][et_pb_text admin_label=\u00bbNombre\u00bb _builder_version=\u00bb4.0.7&#8243; background_size=\u00bbinitial\u00bb background_position=\u00bbtop_left\u00bb background_repeat=\u00bbrepeat\u00bb custom_padding=\u00bb35px|35px|35px|35px\u00bb use_border_color=\u00bboff\u00bb border_style=\u00bbsolid\u00bb]\n<h1>ACACRECOSC DE R.L.<\/h1>\n[\/et_pb_text][et_pb_map address=\u00bbEl Salvador\u00bb zoom_level=\u00bb8&#8243; address_lat=\u00bb13.9280774235&#8243; address_lng=\u00bb-88.8340452588&#8243; mouse_wheel=\u00bboff\u00bb admin_label=\u00bbMapa\u00bb _builder_version=\u00bb4.0.7&#8243; hover_enabled=\u00bb0&#8243;][et_pb_map_pin title=\u00bbSan Marcos, San Salvador\u00bb pin_address=\u00bbCalle Vieja a Zacatecoluca, San Salvador, El Salvador\u00bb pin_address_lat=\u00bb13.655983782414783&#8243; pin_address_lng=\u00bb-89.17957893417662&#8243; _builder_version=\u00bb4.0.7&#8243; hover_enabled=\u00bb0&#8243;]\n<p>Tel\u00e9fono: 2234-1400<br \/> Fax: 2521 5505<br \/> Email: <a href=\"mailto:acacrecosc@fedecaces.com\">acacrecosc@fedecaces.com<\/a><\/p>\n[\/et_pb_map_pin][et_pb_map_pin title=\u00bbSoyapango, San Salvador\u00bb pin_address=\u00bbCalle Antigua a Tonacatepeque, San Salvador, El Salvador\u00bb pin_address_lat=\u00bb13.714985519037253&#8243; pin_address_lng=\u00bb-89.14110435214536&#8243; _builder_version=\u00bb3.0.47&#8243;]\n<p>Tel\u00e9fono: 2292 1265<br \/>\nFax: 2521 5506<br \/>\nEmail: <a href=\"mailto:acacrecosc.unicentro@fedecaces.com\">acacrecosc.unicentro@fedecaces.com<\/a><\/p>\n[\/et_pb_map_pin][et_pb_map_pin title=\u00bbSan Pedro Masahuat, La Paz\u00bb pin_address=\u00bbSan Pedro Masahuat, El Salvador\u00bb pin_address_lat=\u00bb13.5432995&#8243; pin_address_lng=\u00bb-89.03824199999997&#8243; _builder_version=\u00bb3.0.47&#8243;]\n<p>Tel\u00e9fono: 2330 2246<br \/>\nFax: 2330 2246<br \/>\nEmail: <a href=\"mailto:masahuat.acacrecosc@fedecaces.com\">masahuat.acacrecosc@fedecaces.com<\/a><\/p>\n[\/et_pb_map_pin][et_pb_map_pin title=\u00bbSan Marcos, San Salvador\u00bb pin_address=\u00bbSan Marcos, El Salvador\u00bb pin_address_lat=\u00bb13.6628568&#8243; pin_address_lng=\u00bb-89.1876467&#8243; _builder_version=\u00bb3.0.47&#8243;]\n<p>Tel\u00e9fono:\u00a02220-3311 \/ 22203312<\/p>\n[\/et_pb_map_pin][et_pb_map_pin title=\u00bbEl Rosario, La Paz \u00bb pin_address=\u00bbEl Rosario, El Salvador\u00bb pin_address_lat=\u00bb13.4926528&#8243; pin_address_lng=\u00bb-89.0251022&#8243; _builder_version=\u00bb3.0.101&#8243;][\/et_pb_map_pin][et_pb_map_pin title=\u00bbOlocuilta, La Paz \u00bb pin_address=\u00bbOlocuilta, La Paz \u00bb pin_address_lat=\u00bb13.5681668&#8243; pin_address_lng=\u00bb-89.1158008&#8243; _builder_version=\u00bb3.0.101&#8243;][\/et_pb_map_pin][et_pb_map_pin title=\u00bbCentro Comercial El Encuentro, San Marcos \u00bb pin_address=\u00bbCarr Antigua a Zacatecoluca Km 4.5, San Marcos, El Salvador\u00bb pin_address_lat=\u00bb13.6628754&#8243; pin_address_lng=\u00bb-89.1840482&#8243; _builder_version=\u00bb3.17.6&#8243;][\/et_pb_map_pin][\/et_pb_map][et_pb_contact_form email=\u00bbacacrecosc@fedecaces.com\u00bb title=\u00bbEnviar un mensaje\u00bb admin_label=\u00bbFormulario de contacto\u00bb module_id=\u00bbet_pb_contact_form_0&#8243; _builder_version=\u00bb3.0.87&#8243; custom_css_main_element=\u00bbpadding: 50px;\u00bb border_radii=\u00bbon|0px|0px|0px|0px\u00bb use_border_color=\u00bboff\u00bb border_color=\u00bb#ffffff\u00bb border_width=\u00bb1px\u00bb border_style=\u00bbsolid\u00bb input_border_radius=\u00bb0&#8243;][et_pb_contact_field field_id=\u00bbNombre\u00bb field_title=\u00bbNombre\u00bb fullwidth_field=\u00bbon\u00bb _builder_version=\u00bb3.16&#8243; form_field_font=\u00bb||||\u00bb border_radii=\u00bbon|0px|0px|0px|0px\u00bb use_border_color=\u00bboff\u00bb border_style=\u00bbsolid\u00bb input_border_radius=\u00bb0&#8243; button_text_size__hover_enabled=\u00bboff\u00bb button_one_text_size__hover_enabled=\u00bboff\u00bb button_two_text_size__hover_enabled=\u00bboff\u00bb button_text_color__hover_enabled=\u00bboff\u00bb button_one_text_color__hover_enabled=\u00bboff\u00bb button_two_text_color__hover_enabled=\u00bboff\u00bb button_border_width__hover_enabled=\u00bboff\u00bb button_one_border_width__hover_enabled=\u00bboff\u00bb button_two_border_width__hover_enabled=\u00bboff\u00bb button_border_color__hover_enabled=\u00bboff\u00bb button_one_border_color__hover_enabled=\u00bboff\u00bb button_two_border_color__hover_enabled=\u00bboff\u00bb button_border_radius__hover_enabled=\u00bboff\u00bb button_one_border_radius__hover_enabled=\u00bboff\u00bb button_two_border_radius__hover_enabled=\u00bboff\u00bb button_letter_spacing__hover_enabled=\u00bboff\u00bb button_one_letter_spacing__hover_enabled=\u00bboff\u00bb button_two_letter_spacing__hover_enabled=\u00bboff\u00bb button_bg_color__hover_enabled=\u00bboff\u00bb button_one_bg_color__hover_enabled=\u00bboff\u00bb button_two_bg_color__hover_enabled=\u00bboff\u00bb] [\/et_pb_contact_field][et_pb_contact_field field_id=\u00bbTelefono\u00bb field_title=\u00bbTel\u00e9fono\u00bb _builder_version=\u00bb3.16&#8243; form_field_font=\u00bb||||\u00bb border_radii=\u00bbon|0px|0px|0px|0px\u00bb use_border_color=\u00bboff\u00bb border_style=\u00bbsolid\u00bb input_border_radius=\u00bb0&#8243; button_text_size__hover_enabled=\u00bboff\u00bb button_one_text_size__hover_enabled=\u00bboff\u00bb button_two_text_size__hover_enabled=\u00bboff\u00bb button_text_color__hover_enabled=\u00bboff\u00bb button_one_text_color__hover_enabled=\u00bboff\u00bb button_two_text_color__hover_enabled=\u00bboff\u00bb button_border_width__hover_enabled=\u00bboff\u00bb button_one_border_width__hover_enabled=\u00bboff\u00bb button_two_border_width__hover_enabled=\u00bboff\u00bb button_border_color__hover_enabled=\u00bboff\u00bb button_one_border_color__hover_enabled=\u00bboff\u00bb button_two_border_color__hover_enabled=\u00bboff\u00bb button_border_radius__hover_enabled=\u00bboff\u00bb button_one_border_radius__hover_enabled=\u00bboff\u00bb button_two_border_radius__hover_enabled=\u00bboff\u00bb button_letter_spacing__hover_enabled=\u00bboff\u00bb button_one_letter_spacing__hover_enabled=\u00bboff\u00bb button_two_letter_spacing__hover_enabled=\u00bboff\u00bb button_bg_color__hover_enabled=\u00bboff\u00bb button_one_bg_color__hover_enabled=\u00bboff\u00bb button_two_bg_color__hover_enabled=\u00bboff\u00bb] [\/et_pb_contact_field][et_pb_contact_field field_id=\u00bbEmail\u00bb field_title=\u00bbDirecci\u00f3n de correo electr\u00f3nico\u00bb field_type=\u00bbemail\u00bb _builder_version=\u00bb3.16&#8243; form_field_font=\u00bb||||\u00bb border_radii=\u00bbon|0px|0px|0px|0px\u00bb use_border_color=\u00bboff\u00bb border_style=\u00bbsolid\u00bb input_border_radius=\u00bb0&#8243; button_text_size__hover_enabled=\u00bboff\u00bb button_one_text_size__hover_enabled=\u00bboff\u00bb button_two_text_size__hover_enabled=\u00bboff\u00bb button_text_color__hover_enabled=\u00bboff\u00bb button_one_text_color__hover_enabled=\u00bboff\u00bb button_two_text_color__hover_enabled=\u00bboff\u00bb button_border_width__hover_enabled=\u00bboff\u00bb button_one_border_width__hover_enabled=\u00bboff\u00bb button_two_border_width__hover_enabled=\u00bboff\u00bb button_border_color__hover_enabled=\u00bboff\u00bb button_one_border_color__hover_enabled=\u00bboff\u00bb button_two_border_color__hover_enabled=\u00bboff\u00bb button_border_radius__hover_enabled=\u00bboff\u00bb button_one_border_radius__hover_enabled=\u00bboff\u00bb button_two_border_radius__hover_enabled=\u00bboff\u00bb button_letter_spacing__hover_enabled=\u00bboff\u00bb button_one_letter_spacing__hover_enabled=\u00bboff\u00bb button_two_letter_spacing__hover_enabled=\u00bboff\u00bb button_bg_color__hover_enabled=\u00bboff\u00bb button_one_bg_color__hover_enabled=\u00bboff\u00bb button_two_bg_color__hover_enabled=\u00bboff\u00bb] [\/et_pb_contact_field][et_pb_contact_field field_id=\u00bbMessage\u00bb field_title=\u00bbMensaje\u00bb field_type=\u00bbtext\u00bb fullwidth_field=\u00bbon\u00bb _builder_version=\u00bb3.16&#8243; border_radii=\u00bbon|0px|0px|0px|0px\u00bb input_border_radius=\u00bb0&#8243; button_text_size__hover_enabled=\u00bboff\u00bb button_one_text_size__hover_enabled=\u00bboff\u00bb button_two_text_size__hover_enabled=\u00bboff\u00bb button_text_color__hover_enabled=\u00bboff\u00bb button_one_text_color__hover_enabled=\u00bboff\u00bb button_two_text_color__hover_enabled=\u00bboff\u00bb button_border_width__hover_enabled=\u00bboff\u00bb button_one_border_width__hover_enabled=\u00bboff\u00bb button_two_border_width__hover_enabled=\u00bboff\u00bb button_border_color__hover_enabled=\u00bboff\u00bb button_one_border_color__hover_enabled=\u00bboff\u00bb button_two_border_color__hover_enabled=\u00bboff\u00bb button_border_radius__hover_enabled=\u00bboff\u00bb button_one_border_radius__hover_enabled=\u00bboff\u00bb button_two_border_radius__hover_enabled=\u00bboff\u00bb button_letter_spacing__hover_enabled=\u00bboff\u00bb button_one_letter_spacing__hover_enabled=\u00bboff\u00bb button_two_letter_spacing__hover_enabled=\u00bboff\u00bb button_bg_color__hover_enabled=\u00bboff\u00bb button_one_bg_color__hover_enabled=\u00bboff\u00bb button_two_bg_color__hover_enabled=\u00bboff\u00bb] [\/et_pb_contact_field][\/et_pb_contact_form][\/et_pb_column][et_pb_column type=\u00bb1_3&#8243; _builder_version=\u00bb3.25&#8243; background_color=\u00bb#006055&#8243; background_image=\u00bbhttp:\/\/www.fedecaces.com\/site\/wp-content\/uploads\/2017\/01\/fondo-esquema-cooperativa.png\u00bb custom_padding=\u00bb35px|35px|35px|35px\u00bb custom_padding__hover=\u00bb|||\u00bb][et_pb_blurb title=\u00bbAgencia Central\u00bb use_icon=\u00bbon\u00bb font_icon=\u00bb%%236%%\u00bb icon_color=\u00bb#ffffff\u00bb icon_placement=\u00bbleft\u00bb admin_label=\u00bbFundaci\u00f3n\u00bb _builder_version=\u00bb4.0.7&#8243; background_size=\u00bbinitial\u00bb background_position=\u00bbtop_left\u00bb background_repeat=\u00bbrepeat\u00bb background_layout=\u00bbdark\u00bb custom_margin=\u00bb||35px|\u00bb animation=\u00bbleft\u00bb use_border_color=\u00bboff\u00bb border_color=\u00bb#ffffff\u00bb border_width=\u00bb1px\u00bb border_style=\u00bbsolid\u00bb]\n<p>Carretera Ant. a Zacatecoluca Barrio San Jose #4., San Marcos.<\/p>\n[\/et_pb_blurb][et_pb_blurb title=\u00bbTel\u00e9fono\u00bb url_new_window=\u00bbon\u00bb use_icon=\u00bbon\u00bb font_icon=\u00bb\ue090\u00bb icon_color=\u00bb#ffffff\u00bb icon_placement=\u00bbleft\u00bb admin_label=\u00bbFacebook\u00bb _builder_version=\u00bb4.0.7&#8243; background_size=\u00bbinitial\u00bb background_position=\u00bbtop_left\u00bb background_repeat=\u00bbrepeat\u00bb background_layout=\u00bbdark\u00bb custom_margin=\u00bb||35px|\u00bb animation=\u00bbleft\u00bb use_border_color=\u00bboff\u00bb border_color=\u00bb#ffffff\u00bb border_width=\u00bb1px\u00bb border_style=\u00bbsolid\u00bb]\n<p><span style=\"color: #f2d331;\">2234-1400<\/span><\/p>\n[\/et_pb_blurb][et_pb_blurb title=\u00bbFacebook\u00bb url=\u00bbhttps:\/\/www.facebook.com\/acacrecosc\/?fref=ts\u00bb url_new_window=\u00bbon\u00bb use_icon=\u00bbon\u00bb font_icon=\u00bb%%314%%\u00bb icon_color=\u00bb#ffffff\u00bb icon_placement=\u00bbleft\u00bb admin_label=\u00bbFacebook\u00bb _builder_version=\u00bb3.0.101&#8243; background_size=\u00bbinitial\u00bb background_position=\u00bbtop_left\u00bb background_repeat=\u00bbrepeat\u00bb background_layout=\u00bbdark\u00bb custom_margin=\u00bb||35px|\u00bb animation=\u00bbleft\u00bb use_border_color=\u00bboff\u00bb border_color=\u00bb#ffffff\u00bb border_width=\u00bb1px\u00bb border_style=\u00bbsolid\u00bb]\n<p><a href=\"https:\/\/www.facebook.com\/acacrecosc\/\">https:\/\/www.facebook.com\/acacrecosc\/<\/a>\u00a0<\/p>\n[\/et_pb_blurb][\/et_pb_column][\/et_pb_row][\/et_pb_section]\n","protected":false},"excerpt":{"rendered":"<p>ACACRECOSC DE R.L. Tel\u00e9fono: 2234-1400 Fax: 2521 5505 Email: acacrecosc@fedecaces.com Tel\u00e9fono: 2292 1265 Fax: 2521 5506 Email: acacrecosc.unicentro@fedecaces.comTel\u00e9fono: 2330 2246 Fax: 2330 2246 Email: masahuat.acacrecosc@fedecaces.comTel\u00e9fono:\u00a02220-3311 \/ 22203312 Carretera Ant. a Zacatecoluca Barrio San Jose #4., San Marcos.2234-1400https:\/\/www.facebook.com\/acacrecosc\/\u00a0<\/p>\n","protected":false},"author":1,"featured_media":0,"parent":95,"menu_order":0,"comment_status":"closed","ping_status":"closed","template":"","meta":{"_et_pb_use_builder":"on","_et_pb_old_content":"","_et_gb_content_width":"","footnotes":""},"class_list":["post-354","page","type-page","status-publish","hentry"],"_links":{"self":[{"href":"https:\/\/www.fedecaces.com\/site\/wp-json\/wp\/v2\/pages\/354","targetHints":{"allow":["GET"]}}],"collection":[{"href":"https:\/\/www.fedecaces.com\/site\/wp-json\/wp\/v2\/pages"}],"about":[{"href":"https:\/\/www.fedecaces.com\/site\/wp-json\/wp\/v2\/types\/page"}],"author":[{"embeddable":true,"href":"https:\/\/www.fedecaces.com\/site\/wp-json\/wp\/v2\/users\/1"}],"replies":[{"embeddable":true,"href":"https:\/\/www.fedecaces.com\/site\/wp-json\/wp\/v2\/comments?post=354"}],"version-history":[{"count":12,"href":"https:\/\/www.fedecaces.com\/site\/wp-json\/wp\/v2\/pages\/354\/revisions"}],"predecessor-version":[{"id":2587,"href":"https:\/\/www.fedecaces.com\/site\/wp-json\/wp\/v2\/pages\/354\/revisions\/2587"}],"up":[{"embeddable":true,"href":"https:\/\/www.fedecaces.com\/site\/wp-json\/wp\/v2\/pages\/95"}],"wp:attachment":[{"href":"https:\/\/www.fedecaces.com\/site\/wp-json\/wp\/v2\/media?parent=354"}],"curies":[{"name":"wp","href":"https:\/\/api.w.org\/{rel}","templated":true}]}}