{"id":359,"date":"2017-01-18T14:24:38","date_gmt":"2017-01-18T20:24:38","guid":{"rendered":"http:\/\/www.fedecaces.com\/site\/?page_id=359"},"modified":"2020-01-08T11:41:35","modified_gmt":"2020-01-08T17:41:35","slug":"acacypac-de-r-l","status":"publish","type":"page","link":"https:\/\/www.fedecaces.com\/site\/red-de-cooperativas\/directorio-de-cooperativas\/acacypac-de-r-l\/","title":{"rendered":"ACACYPAC DE R.L."},"content":{"rendered":"[et_pb_section fb_built=\u00bb1&#8243; custom_padding_last_edited=\u00bbon|desktop\u00bb admin_label=\u00bbsection\u00bb _builder_version=\u00bb3.22&#8243; custom_padding=\u00bb0px|0px|0px|0px\u00bb custom_padding_tablet=\u00bb50px|0|50px|0&#8243; custom_padding_phone=\u00bb\u00bb transparent_background=\u00bboff\u00bb padding_mobile=\u00bboff\u00bb][et_pb_row use_custom_gutter=\u00bbon\u00bb gutter_width=\u00bb1&#8243; padding_mobile=\u00bboff\u00bb make_equal=\u00bbon\u00bb column_padding_mobile=\u00bbon\u00bb admin_label=\u00bbrow\u00bb module_class=\u00bb et_pb_row_fullwidth\u00bb _builder_version=\u00bb3.25&#8243; background_size=\u00bbinitial\u00bb background_position=\u00bbtop_left\u00bb background_repeat=\u00bbrepeat\u00bb width=\u00bb100%\u00bb width_tablet=\u00bb100%\u00bb width_phone=\u00bb\u00bb width_last_edited=\u00bbon|desktop\u00bb max_width=\u00bb100%\u00bb max_width_tablet=\u00bb100%\u00bb max_width_phone=\u00bb\u00bb max_width_last_edited=\u00bbon|desktop\u00bb custom_padding=\u00bb0px|0px|0px|0px\u00bb make_fullwidth=\u00bbon\u00bb column_structure=\u00bb2_3,1_3&#8243;][et_pb_column type=\u00bb2_3&#8243; _builder_version=\u00bb3.25&#8243; custom_padding=\u00bb|||\u00bb custom_padding__hover=\u00bb|||\u00bb][et_pb_text admin_label=\u00bbNombre\u00bb _builder_version=\u00bb3.27.4&#8243; background_size=\u00bbinitial\u00bb background_position=\u00bbtop_left\u00bb background_repeat=\u00bbrepeat\u00bb custom_padding=\u00bb35px|35px|35px|35px\u00bb use_border_color=\u00bboff\u00bb border_style=\u00bbsolid\u00bb]\n<h1>ACACYPAC DE R.L.<\/h1>\n[\/et_pb_text][et_pb_map address=\u00bbEl Salvador\u00bb zoom_level=\u00bb9&#8243; address_lat=\u00bb14.174534278610228&#8243; address_lng=\u00bb-89.0565184033203&#8243; mouse_wheel=\u00bboff\u00bb admin_label=\u00bbMapa\u00bb _builder_version=\u00bb3.0.101&#8243;][et_pb_map_pin title=\u00bbMetrocentro, San salvador\u00bb pin_address=\u00bbEdifcio Demsa, Pje Las Palmeras, San Salvador, El Salvador\u00bb pin_address_lat=\u00bb13.705967701696132&#8243; pin_address_lng=\u00bb-89.21256515899961&#8243; _builder_version=\u00bb3.0.47&#8243;]\n<p>Tel\u00e9fono: 2260 5212<br \/>\nFax: 2260 5212<br \/>\nEmail: <a href=\"mailto:metrocentro.acacypac@fedecaces.com\">metrocentro.acacypac@fedecaces.com<\/a><\/p>\n[\/et_pb_map_pin][et_pb_map_pin title=\u00bbPericentro Apopa\u00bb pin_address=\u00bbCarr. Troncal del Nte., Apopa, El Salvador\u00bb pin_address_lat=\u00bb13.793920779191229&#8243; pin_address_lng=\u00bb-89.17716134124754&#8243; _builder_version=\u00bb3.0.47&#8243;]\n<p>Tel\u00e9fono: 2216 1452<br \/>\nFax: 2216 7452<br \/>\nEmail: <a href=\"mailto:coopexpressapopa.acacypac@fedecaces.com\">coopexpressapopa.acacypac@fedecaces.com<\/a><\/p>\n[\/et_pb_map_pin][et_pb_map_pin title=\u00bbSucursal Apopa\u00bb pin_address=\u00bb4a Calle Poniente, Apopa, El Salvador\u00bb pin_address_lat=\u00bb13.80236035024155&#8243; pin_address_lng=\u00bb-89.1787921243286&#8243; _builder_version=\u00bb3.0.47&#8243;]\n<p>Tel\u00e9fono: 2510 6300<br \/>\nFax: 2510 6303<br \/>\nEmail: <a href=\"mailto:acacypac.apopa@fedecaces.com\">acacypac.apopa@fedecaces.com<\/a><\/p>\n[\/et_pb_map_pin][et_pb_map_pin title=\u00bbChalatenango\u00bb pin_address=\u00bbChalatenango, El Salvador\u00bb pin_address_lat=\u00bb14.0164187&#8243; pin_address_lng=\u00bb-88.91264489999998&#8243; _builder_version=\u00bb3.0.47&#8243;]\n<p>Tel\u00e9fono: 2301 2783<br \/>\nFax: 2301 0745<br \/>\nEmail: <a href=\"mailto:acacypac.chalate@fedecaces.com\">acacypac.chalate@fedecaces.com<\/a><\/p>\n[\/et_pb_map_pin][et_pb_map_pin title=\u00bbConcepci\u00f3n Quezaltepeque, Chalatenango\u00bb pin_address=\u00bbCalle 10 de Mayo, Concepci\u00f3n Quezaltepeque, El Salvador\u00bb pin_address_lat=\u00bb14.088195419208178&#8243; pin_address_lng=\u00bb-88.95590087326354&#8243; _builder_version=\u00bb3.0.47&#8243;]\n<p>Tel\u00e9fono: 2331 2406<br \/>\nFax: 2331 2406<br \/>\nEmail: <a href=\"mailto:acacypac.concepcionq@fedecaces.com\">acacypac.concepcionq@fedecaces.com<\/a><\/p>\n[\/et_pb_map_pin][et_pb_map_pin title=\u00bbDulce Nombre de Mar\u00eda, Chalatenango\u00bb pin_address=\u00bbCalle a San Fernando, Chalatenango, El Salvador\u00bb pin_address_lat=\u00bb14.156458201244291&#8243; pin_address_lng=\u00bb-89.01074574152528&#8243; _builder_version=\u00bb3.0.47&#8243;]\n<p>Tel\u00e9fono: 2356 9006<br \/>\nFax: 2356 9399<br \/>\nEmail: <a href=\"mailto:acacypac.dulce@fedecaces.com\">acacypac.dulce@fedecaces.com<\/a><\/p>\n[\/et_pb_map_pin][et_pb_map_pin title=\u00bbEl Para\u00edso, Chalatenango\u00bb pin_address=\u00bbUnnamed Road, El Para\u00edso, El Salvador\u00bb pin_address_lat=\u00bb14.104948913981863&#8243; pin_address_lng=\u00bb-89.06887217298583&#8243; _builder_version=\u00bb3.0.47&#8243;]\n<p class=\"media-heading\">Tel\u00e9fono: 2356 0378<br \/>\nFax: 2356 0378<br \/>\nEmail: <a href=\"mailto:acacypac.elparaiso@fedecaces.com\">acacypac.elparaiso@fedecaces.com<\/a><\/p>\n[\/et_pb_map_pin][et_pb_map_pin title=\u00bbLa Laguna, Chalatenango\u00bb pin_address=\u00bbLa Laguna, El Salvador\u00bb pin_address_lat=\u00bb14.1631729&#8243; pin_address_lng=\u00bb-88.94258360000003&#8243; _builder_version=\u00bb3.0.47&#8243;]\n<p>Tel\u00e9fono: 2309 9336<br \/>\nFax: 2309 9336<br \/>\nEmail: <a href=\"mailto:acacypac.lalaguna@fedecaces.com\">acacypac.lalaguna@fedecaces.com<\/a><\/p>\n[\/et_pb_map_pin][et_pb_map_pin title=\u00bbLa Palma, Chalatenando\u00bb pin_address=\u00bbCalle la Ronda, La Palma, El Salvador\u00bb pin_address_lat=\u00bb14.316067852103254&#8243; pin_address_lng=\u00bb-89.16971913383787&#8243; _builder_version=\u00bb3.0.47&#8243;]\n<p>Tel\u00e9fono: 2305 8593<br \/>\nFax: 2305 8597<br \/>\nEmail: <a href=\"mailto:acacypac.lapalma@fedecaces.com\">acacypac.lapalma@fedecaces.com<\/a><\/p>\n[\/et_pb_map_pin][et_pb_map_pin title=\u00bbNueva Concepci\u00f3n, Chalatenango\u00bb pin_address=\u00bbAv Chicunhuexo, Nueva Concepci\u00f3n, El Salvador\u00bb pin_address_lat=\u00bb14.128694732221396&#8243; pin_address_lng=\u00bb-89.29170489790039&#8243; _builder_version=\u00bb3.0.47&#8243;]\n<p>Tel\u00e9fono: 2445 9200<br \/>\nFax: 2445 9216<br \/>\nEmail: <a href=\"mailto:acacypac@fedecaces.com\">acacypac@fedecaces.com<\/a><\/p>\n[\/et_pb_map_pin][\/et_pb_map][et_pb_contact_form email=\u00bbacacypac.apopa@fedecaces.com\u00bb title=\u00bbEnviar un mensaje\u00bb admin_label=\u00bbFormulario de contacto\u00bb module_id=\u00bbet_pb_contact_form_0&#8243; _builder_version=\u00bb3.0.87&#8243; custom_css_main_element=\u00bbpadding: 50px;\u00bb border_radii=\u00bbon|0px|0px|0px|0px\u00bb use_border_color=\u00bboff\u00bb border_color=\u00bb#ffffff\u00bb border_width=\u00bb1px\u00bb border_style=\u00bbsolid\u00bb input_border_radius=\u00bb0&#8243;][et_pb_contact_field field_id=\u00bbNombre\u00bb field_title=\u00bbNombre\u00bb fullwidth_field=\u00bbon\u00bb _builder_version=\u00bb3.16&#8243; form_field_font=\u00bb||||\u00bb border_radii=\u00bbon|0px|0px|0px|0px\u00bb use_border_color=\u00bboff\u00bb border_style=\u00bbsolid\u00bb input_border_radius=\u00bb0&#8243; button_text_size__hover_enabled=\u00bboff\u00bb button_one_text_size__hover_enabled=\u00bboff\u00bb button_two_text_size__hover_enabled=\u00bboff\u00bb button_text_color__hover_enabled=\u00bboff\u00bb button_one_text_color__hover_enabled=\u00bboff\u00bb button_two_text_color__hover_enabled=\u00bboff\u00bb button_border_width__hover_enabled=\u00bboff\u00bb button_one_border_width__hover_enabled=\u00bboff\u00bb button_two_border_width__hover_enabled=\u00bboff\u00bb button_border_color__hover_enabled=\u00bboff\u00bb button_one_border_color__hover_enabled=\u00bboff\u00bb button_two_border_color__hover_enabled=\u00bboff\u00bb button_border_radius__hover_enabled=\u00bboff\u00bb button_one_border_radius__hover_enabled=\u00bboff\u00bb button_two_border_radius__hover_enabled=\u00bboff\u00bb button_letter_spacing__hover_enabled=\u00bboff\u00bb button_one_letter_spacing__hover_enabled=\u00bboff\u00bb button_two_letter_spacing__hover_enabled=\u00bboff\u00bb button_bg_color__hover_enabled=\u00bboff\u00bb button_one_bg_color__hover_enabled=\u00bboff\u00bb button_two_bg_color__hover_enabled=\u00bboff\u00bb] [\/et_pb_contact_field][et_pb_contact_field field_id=\u00bbTelefono\u00bb field_title=\u00bbTel\u00e9fono\u00bb _builder_version=\u00bb3.16&#8243; form_field_font=\u00bb||||\u00bb border_radii=\u00bbon|0px|0px|0px|0px\u00bb use_border_color=\u00bboff\u00bb border_style=\u00bbsolid\u00bb input_border_radius=\u00bb0&#8243; button_text_size__hover_enabled=\u00bboff\u00bb button_one_text_size__hover_enabled=\u00bboff\u00bb button_two_text_size__hover_enabled=\u00bboff\u00bb button_text_color__hover_enabled=\u00bboff\u00bb button_one_text_color__hover_enabled=\u00bboff\u00bb button_two_text_color__hover_enabled=\u00bboff\u00bb button_border_width__hover_enabled=\u00bboff\u00bb button_one_border_width__hover_enabled=\u00bboff\u00bb button_two_border_width__hover_enabled=\u00bboff\u00bb button_border_color__hover_enabled=\u00bboff\u00bb button_one_border_color__hover_enabled=\u00bboff\u00bb button_two_border_color__hover_enabled=\u00bboff\u00bb button_border_radius__hover_enabled=\u00bboff\u00bb button_one_border_radius__hover_enabled=\u00bboff\u00bb button_two_border_radius__hover_enabled=\u00bboff\u00bb button_letter_spacing__hover_enabled=\u00bboff\u00bb button_one_letter_spacing__hover_enabled=\u00bboff\u00bb button_two_letter_spacing__hover_enabled=\u00bboff\u00bb button_bg_color__hover_enabled=\u00bboff\u00bb button_one_bg_color__hover_enabled=\u00bboff\u00bb button_two_bg_color__hover_enabled=\u00bboff\u00bb] [\/et_pb_contact_field][et_pb_contact_field field_id=\u00bbEmail\u00bb field_title=\u00bbDirecci\u00f3n de correo electr\u00f3nico\u00bb field_type=\u00bbemail\u00bb _builder_version=\u00bb3.16&#8243; form_field_font=\u00bb||||\u00bb border_radii=\u00bbon|0px|0px|0px|0px\u00bb use_border_color=\u00bboff\u00bb border_style=\u00bbsolid\u00bb input_border_radius=\u00bb0&#8243; button_text_size__hover_enabled=\u00bboff\u00bb button_one_text_size__hover_enabled=\u00bboff\u00bb button_two_text_size__hover_enabled=\u00bboff\u00bb button_text_color__hover_enabled=\u00bboff\u00bb button_one_text_color__hover_enabled=\u00bboff\u00bb button_two_text_color__hover_enabled=\u00bboff\u00bb button_border_width__hover_enabled=\u00bboff\u00bb button_one_border_width__hover_enabled=\u00bboff\u00bb button_two_border_width__hover_enabled=\u00bboff\u00bb button_border_color__hover_enabled=\u00bboff\u00bb button_one_border_color__hover_enabled=\u00bboff\u00bb button_two_border_color__hover_enabled=\u00bboff\u00bb button_border_radius__hover_enabled=\u00bboff\u00bb button_one_border_radius__hover_enabled=\u00bboff\u00bb button_two_border_radius__hover_enabled=\u00bboff\u00bb button_letter_spacing__hover_enabled=\u00bboff\u00bb button_one_letter_spacing__hover_enabled=\u00bboff\u00bb button_two_letter_spacing__hover_enabled=\u00bboff\u00bb button_bg_color__hover_enabled=\u00bboff\u00bb button_one_bg_color__hover_enabled=\u00bboff\u00bb button_two_bg_color__hover_enabled=\u00bboff\u00bb] [\/et_pb_contact_field][et_pb_contact_field field_id=\u00bbMessage\u00bb field_title=\u00bbMensaje\u00bb field_type=\u00bbtext\u00bb fullwidth_field=\u00bbon\u00bb _builder_version=\u00bb3.16&#8243; border_radii=\u00bbon|0px|0px|0px|0px\u00bb input_border_radius=\u00bb0&#8243; button_text_size__hover_enabled=\u00bboff\u00bb button_one_text_size__hover_enabled=\u00bboff\u00bb button_two_text_size__hover_enabled=\u00bboff\u00bb button_text_color__hover_enabled=\u00bboff\u00bb button_one_text_color__hover_enabled=\u00bboff\u00bb button_two_text_color__hover_enabled=\u00bboff\u00bb button_border_width__hover_enabled=\u00bboff\u00bb button_one_border_width__hover_enabled=\u00bboff\u00bb button_two_border_width__hover_enabled=\u00bboff\u00bb button_border_color__hover_enabled=\u00bboff\u00bb button_one_border_color__hover_enabled=\u00bboff\u00bb button_two_border_color__hover_enabled=\u00bboff\u00bb button_border_radius__hover_enabled=\u00bboff\u00bb button_one_border_radius__hover_enabled=\u00bboff\u00bb button_two_border_radius__hover_enabled=\u00bboff\u00bb button_letter_spacing__hover_enabled=\u00bboff\u00bb button_one_letter_spacing__hover_enabled=\u00bboff\u00bb button_two_letter_spacing__hover_enabled=\u00bboff\u00bb button_bg_color__hover_enabled=\u00bboff\u00bb button_one_bg_color__hover_enabled=\u00bboff\u00bb button_two_bg_color__hover_enabled=\u00bboff\u00bb] [\/et_pb_contact_field][\/et_pb_contact_form][\/et_pb_column][et_pb_column type=\u00bb1_3&#8243; _builder_version=\u00bb3.25&#8243; background_color=\u00bb#006055&#8243; background_image=\u00bbhttp:\/\/www.fedecaces.com\/site\/wp-content\/uploads\/2017\/01\/fondo-esquema-cooperativa.png\u00bb custom_padding=\u00bb35px|35px|35px|35px\u00bb custom_padding__hover=\u00bb|||\u00bb][et_pb_blurb title=\u00bbAgencia Central \u00bb use_icon=\u00bbon\u00bb font_icon=\u00bb%%111%%\u00bb icon_color=\u00bb#ffffff\u00bb icon_placement=\u00bbleft\u00bb admin_label=\u00bbFundaci\u00f3n\u00bb _builder_version=\u00bb4.0.7&#8243; background_size=\u00bbinitial\u00bb background_position=\u00bbtop_left\u00bb background_repeat=\u00bbrepeat\u00bb background_layout=\u00bbdark\u00bb custom_margin=\u00bb||35px|\u00bb animation=\u00bbleft\u00bb hover_enabled=\u00bb0&#8243; use_border_color=\u00bboff\u00bb border_color=\u00bb#ffffff\u00bb border_width=\u00bb1px\u00bb border_style=\u00bbsolid\u00bb]\n<p>Avenida Profesor Silvestre de Jes\u00fas D\u00edas y 4\u00aa Calle Oriente, Barrio San Jose, Nueva Concepci\u00f3n, Chalatenango.\u00a0<\/p>\n[\/et_pb_blurb][et_pb_blurb title=\u00bbSitio Web\u00bb url=\u00bbhttp:\/\/www.acacypac.com.sv\/\u00bb url_new_window=\u00bbon\u00bb use_icon=\u00bbon\u00bb font_icon=\u00bb%%136%%\u00bb icon_color=\u00bb#ffffff\u00bb icon_placement=\u00bbleft\u00bb admin_label=\u00bbSitio Web\u00bb _builder_version=\u00bb3.0.87&#8243; background_size=\u00bbinitial\u00bb background_position=\u00bbtop_left\u00bb background_repeat=\u00bbrepeat\u00bb background_layout=\u00bbdark\u00bb custom_margin=\u00bb||35px|\u00bb animation=\u00bbleft\u00bb use_border_color=\u00bboff\u00bb border_color=\u00bb#ffffff\u00bb border_width=\u00bb1px\u00bb border_style=\u00bbsolid\u00bb]\n<p><a href=\"http:\/\/www.acacypac.com.sv\/\">http:\/\/www.acacypac.com.sv\/<\/a><\/p>\n[\/et_pb_blurb][et_pb_blurb title=\u00bbTel\u00e9fono\u00bb url_new_window=\u00bbon\u00bb use_icon=\u00bbon\u00bb font_icon=\u00bb\ue090\u00bb icon_color=\u00bb#ffffff\u00bb icon_placement=\u00bbleft\u00bb admin_label=\u00bbE-mail\u00bb _builder_version=\u00bb3.0.87&#8243; background_size=\u00bbinitial\u00bb background_position=\u00bbtop_left\u00bb background_repeat=\u00bbrepeat\u00bb background_layout=\u00bbdark\u00bb custom_margin=\u00bb||35px|\u00bb animation=\u00bbleft\u00bb use_border_color=\u00bboff\u00bb border_color=\u00bb#ffffff\u00bb border_width=\u00bb1px\u00bb border_style=\u00bbsolid\u00bb]\n<p><span style=\"color: #f2d331;\">2445-9200<\/span><\/p>\n[\/et_pb_blurb][et_pb_blurb title=\u00bbFacebook\u00bb url=\u00bbhttps:\/\/www.facebook.com\/acacypac?fref=ts\u00bb url_new_window=\u00bbon\u00bb use_icon=\u00bbon\u00bb font_icon=\u00bb\ue0aa\u00bb icon_color=\u00bb#ffffff\u00bb icon_placement=\u00bbleft\u00bb admin_label=\u00bbE-mail\u00bb _builder_version=\u00bb3.0.101&#8243; background_size=\u00bbinitial\u00bb background_position=\u00bbtop_left\u00bb background_repeat=\u00bbrepeat\u00bb background_layout=\u00bbdark\u00bb custom_margin=\u00bb||35px|\u00bb animation=\u00bbleft\u00bb use_border_color=\u00bboff\u00bb border_color=\u00bb#ffffff\u00bb border_width=\u00bb1px\u00bb border_style=\u00bbsolid\u00bb]\n<p><a href=\"https:\/\/www.facebook.com\/AcacypacDeRl\/\">https:\/\/www.facebook.com\/AcacypacDeRl\/<\/a>\u00a0<\/p>\n[\/et_pb_blurb][et_pb_blurb title=\u00bbTwitter\u00bb url=\u00bbhttps:\/\/twitter.com\/ACACYPACDERL\u00bb url_new_window=\u00bbon\u00bb use_icon=\u00bbon\u00bb font_icon=\u00bb\ue0ab\u00bb icon_color=\u00bb#ffffff\u00bb icon_placement=\u00bbleft\u00bb admin_label=\u00bbE-mail\u00bb _builder_version=\u00bb3.0.101&#8243; background_size=\u00bbinitial\u00bb background_position=\u00bbtop_left\u00bb background_repeat=\u00bbrepeat\u00bb background_layout=\u00bbdark\u00bb custom_margin=\u00bb||35px|\u00bb animation=\u00bbleft\u00bb use_border_color=\u00bboff\u00bb border_color=\u00bb#ffffff\u00bb border_width=\u00bb1px\u00bb border_style=\u00bbsolid\u00bb]\n<p><a href=\"https:\/\/twitter.com\/ACACYPACDERL\">https:\/\/twitter.com\/ACACYPACDERL<\/a>\u00a0<\/p>\n[\/et_pb_blurb][et_pb_blurb title=\u00bbYouTube\u00bb url=\u00bbhttps:\/\/www.youtube.com\/channel\/UCd8WxtTFm8u7Kox9zIEEbbg\u00bb url_new_window=\u00bbon\u00bb use_icon=\u00bbon\u00bb font_icon=\u00bb\ue0ba\u00bb icon_color=\u00bb#ffffff\u00bb icon_placement=\u00bbleft\u00bb admin_label=\u00bbE-mail\u00bb _builder_version=\u00bb3.0.101&#8243; background_size=\u00bbinitial\u00bb background_position=\u00bbtop_left\u00bb background_repeat=\u00bbrepeat\u00bb background_layout=\u00bbdark\u00bb custom_margin=\u00bb||35px|\u00bb animation=\u00bbleft\u00bb use_border_color=\u00bboff\u00bb border_color=\u00bb#ffffff\u00bb border_width=\u00bb1px\u00bb border_style=\u00bbsolid\u00bb]\n<p><a href=\"https:\/\/www.youtube.com\/channel\/UCd8WxtTFm8u7Kox9zIEEbbg\">https:\/\/www.youtube.com\/channel\/UCd8WxtTFm8u7Kox9zIEEbbg<\/a><\/p>\n<p>\u00a0<\/p>\n[\/et_pb_blurb][\/et_pb_column][\/et_pb_row][\/et_pb_section]\n","protected":false},"excerpt":{"rendered":"<p>ACACYPAC DE R.L. Tel\u00e9fono: 2260 5212 Fax: 2260 5212 Email: metrocentro.acacypac@fedecaces.comTel\u00e9fono: 2216 1452 Fax: 2216 7452 Email: coopexpressapopa.acacypac@fedecaces.comTel\u00e9fono: 2510 6300 Fax: 2510 6303 Email: acacypac.apopa@fedecaces.comTel\u00e9fono: 2301 2783 Fax: 2301 0745 Email: acacypac.chalate@fedecaces.comTel\u00e9fono: 2331 2406 Fax: 2331 2406 Email: acacypac.concepcionq@fedecaces.comTel\u00e9fono: 2356 9006 Fax: 2356 9399 Email: acacypac.dulce@fedecaces.comTel\u00e9fono: 2356 0378 Fax: 2356 0378 Email: acacypac.elparaiso@fedecaces.comTel\u00e9fono: 2309 9336 [&hellip;]<\/p>\n","protected":false},"author":1,"featured_media":0,"parent":95,"menu_order":0,"comment_status":"closed","ping_status":"closed","template":"","meta":{"_et_pb_use_builder":"on","_et_pb_old_content":"","_et_gb_content_width":"","footnotes":""},"class_list":["post-359","page","type-page","status-publish","hentry"],"_links":{"self":[{"href":"https:\/\/www.fedecaces.com\/site\/wp-json\/wp\/v2\/pages\/359","targetHints":{"allow":["GET"]}}],"collection":[{"href":"https:\/\/www.fedecaces.com\/site\/wp-json\/wp\/v2\/pages"}],"about":[{"href":"https:\/\/www.fedecaces.com\/site\/wp-json\/wp\/v2\/types\/page"}],"author":[{"embeddable":true,"href":"https:\/\/www.fedecaces.com\/site\/wp-json\/wp\/v2\/users\/1"}],"replies":[{"embeddable":true,"href":"https:\/\/www.fedecaces.com\/site\/wp-json\/wp\/v2\/comments?post=359"}],"version-history":[{"count":10,"href":"https:\/\/www.fedecaces.com\/site\/wp-json\/wp\/v2\/pages\/359\/revisions"}],"predecessor-version":[{"id":2493,"href":"https:\/\/www.fedecaces.com\/site\/wp-json\/wp\/v2\/pages\/359\/revisions\/2493"}],"up":[{"embeddable":true,"href":"https:\/\/www.fedecaces.com\/site\/wp-json\/wp\/v2\/pages\/95"}],"wp:attachment":[{"href":"https:\/\/www.fedecaces.com\/site\/wp-json\/wp\/v2\/media?parent=359"}],"curies":[{"name":"wp","href":"https:\/\/api.w.org\/{rel}","templated":true}]}}