{"id":74,"date":"2016-10-19T01:38:00","date_gmt":"2016-10-19T07:38:00","guid":{"rendered":"http:\/\/www.fedecaces.com\/site\/inicio\/"},"modified":"2026-03-06T15:44:29","modified_gmt":"2026-03-06T21:44:29","slug":"inicio-2","status":"publish","type":"page","link":"https:\/\/www.fedecaces.com\/site\/","title":{"rendered":"NOTICIAS"},"content":{"rendered":"[et_pb_section fb_built=\u00bb1&#8243; _builder_version=\u00bb4.27.4&#8243; transform_scale=\u00bb94%|90%\u00bb transform_scale_linked=\u00bboff\u00bb transform_translate=\u00bb77px|-10px\u00bb custom_margin=\u00bb0px|0px|0px|0px\u00bb custom_padding=\u00bb0px|0px|0px|0px\u00bb global_colors_info=\u00bb{}\u00bb][et_pb_row use_custom_gutter=\u00bbon\u00bb gutter_width=\u00bb1&#8243; module_class=\u00bb et_pb_row_fullwidth\u00bb _builder_version=\u00bb4.27.4&#8243; background_color=\u00bb#006055&#8243; transform_translate=\u00bb-29px|0px\u00bb width=\u00bb100%\u00bb width_tablet=\u00bb100%\u00bb width_phone=\u00bb\u00bb width_last_edited=\u00bbon|desktop\u00bb max_width=\u00bb100%\u00bb max_width_tablet=\u00bb100%\u00bb max_width_phone=\u00bb\u00bb max_width_last_edited=\u00bbon|desktop\u00bb module_alignment=\u00bbcenter\u00bb custom_margin=\u00bb0px|0px|0px|0px\u00bb custom_padding=\u00bb0px|0px|0px|0px\u00bb animation_style=\u00bbfade\u00bb make_fullwidth=\u00bbon\u00bb global_colors_info=\u00bb{}\u00bb][et_pb_column type=\u00bb4_4&#8243; _builder_version=\u00bb4.16&#8243; custom_padding=\u00bb|||\u00bb global_colors_info=\u00bb{}\u00bb custom_padding__hover=\u00bb|||\u00bb][et_pb_image src=\u00bbhttps:\/\/www.fedecaces.com\/site\/wp-content\/uploads\/2026\/03\/637936198_1330195165819631_8720205014462630392_n.png\u00bb title_text=\u00bb637936198_1330195165819631_8720205014462630392_n\u00bb _builder_version=\u00bb4.27.5&#8243; _module_preset=\u00bbdefault\u00bb custom_margin=\u00bb||-158px|||\u00bb custom_padding=\u00bb|0px|164px|||\u00bb hover_enabled=\u00bb0&#8243; global_colors_info=\u00bb{}\u00bb sticky_enabled=\u00bb0&#8243; animation_style=\u00bbfade\u00bb transform_scale=\u00bb102%|102%\u00bb width=\u00bb88%\u00bb max_width=\u00bb61%\u00bb module_alignment=\u00bbcenter\u00bb][\/et_pb_image][\/et_pb_column][\/et_pb_row][\/et_pb_section][et_pb_section fb_built=\u00bb1&#8243; _builder_version=\u00bb4.27.4&#8243; _module_preset=\u00bbdefault\u00bb custom_margin=\u00bb||-348px|||\u00bb global_colors_info=\u00bb{}\u00bb][et_pb_row _builder_version=\u00bb4.27.4&#8243; _module_preset=\u00bbdefault\u00bb global_colors_info=\u00bb{}\u00bb][et_pb_column type=\u00bb4_4&#8243; _builder_version=\u00bb4.27.4&#8243; _module_preset=\u00bbdefault\u00bb global_colors_info=\u00bb{}\u00bb][et_pb_heading title=\u00bbSEGUNDO LUGAR  en la tercera edici\u00f3n de Top Customer Experience 2025 (TCX)  en la categor\u00eda de Financieras, Cooperativas y Cajas de Cr\u00e9dito \u00bb _builder_version=\u00bb4.27.4&#8243; _module_preset=\u00bbdefault\u00bb transform_translate=\u00bb-13px|-140px\u00bb vertical_offset=\u00bb-6px\u00bb max_width=\u00bb80%\u00bb module_alignment=\u00bbcenter\u00bb animation_style=\u00bbfade\u00bb text_shadow_style=\u00bbpreset2&#8243; text_shadow_color=\u00bb#006055&#8243; global_colors_info=\u00bb{}\u00bb][\/et_pb_heading][\/et_pb_column][\/et_pb_row][\/et_pb_section][et_pb_section fb_built=\u00bb1&#8243; specialty=\u00bbon\u00bb _builder_version=\u00bb4.27.4&#8243; _module_preset=\u00bbdefault\u00bb transform_translate=\u00bb-8px|-65px\u00bb global_colors_info=\u00bb{}\u00bb][et_pb_column type=\u00bb1_2&#8243; _builder_version=\u00bb4.16&#8243; custom_padding=\u00bb|||\u00bb global_colors_info=\u00bb{}\u00bb custom_padding__hover=\u00bb|||\u00bb][et_pb_image src=\u00bbhttps:\/\/www.fedecaces.com\/site\/wp-content\/uploads\/2025\/08\/presea.jpg\u00bb title_text=\u00bbpresea\u00bb _builder_version=\u00bb4.27.4&#8243; _module_preset=\u00bbdefault\u00bb global_colors_info=\u00bb{}\u00bb][\/et_pb_image][\/et_pb_column][et_pb_column type=\u00bb1_2&#8243; specialty_columns=\u00bb2&#8243; _builder_version=\u00bb4.16&#8243; custom_padding=\u00bb|||\u00bb global_colors_info=\u00bb{}\u00bb custom_padding__hover=\u00bb|||\u00bb][et_pb_row_inner _builder_version=\u00bb4.27.4&#8243; _module_preset=\u00bbdefault\u00bb global_colors_info=\u00bb{}\u00bb][et_pb_column_inner saved_specialty_column_type=\u00bb1_2&#8243; _builder_version=\u00bb4.27.4&#8243; _module_preset=\u00bbdefault\u00bb global_colors_info=\u00bb{}\u00bb][et_pb_gallery gallery_ids=\u00bb3979,3991,3982,3987,3981,3983,3984,3986,3993,3988,3990,3980,3985,3989,3992&#8243; fullwidth=\u00bbon\u00bb _builder_version=\u00bb4.27.4&#8243; _module_preset=\u00bbdefault\u00bb global_colors_info=\u00bb{}\u00bb][\/et_pb_gallery][et_pb_text _builder_version=\u00bb4.27.4&#8243; _module_preset=\u00bbdefault\u00bb text_font_size=\u00bb17px\u00bb text_line_height=\u00bb1em\u00bb transform_translate=\u00bb0px|-15px\u00bb global_colors_info=\u00bb{}\u00bb]\n<h4>Como Red de Cooperativas FEDECACES orgullosamente anunciamos que hemos ganado el SEGUNDO LUGAR en la tercera edici\u00f3n de Top Customer Experience 2025 (TCX) , en la categor\u00eda de Financieras, Cooperativas y Cajas de Cr\u00e9dito<\/h4>\n<p>Rebosamos de alegr\u00eda por obtener este reconocimiento de alto prestigio y no queremos dejar de compartirlo con todos ustedes quienes conforman La Red de Cooperativas FEDECACES.<\/p>\n<p>Nuestro premio ha sido otorgado por Marketing Plus Agencia de Investigaci\u00f3n de Mercados, quienes se basaron en m\u00e1s de 8,000 evaluaciones para identificar a las mejores marcas a nivel nacional.<\/p>\n<p>\u00a1El Valor de ser Due\u00f1o est\u00e1 en ti!<\/p>\n[\/et_pb_text][\/et_pb_column_inner][\/et_pb_row_inner][\/et_pb_column][\/et_pb_section][et_pb_section fb_built=\u00bb1&#8243; _builder_version=\u00bb4.27.4&#8243; _module_preset=\u00bbdefault\u00bb global_colors_info=\u00bb{}\u00bb][\/et_pb_section][et_pb_section fb_built=\u00bb1&#8243; fullwidth=\u00bbon\u00bb _builder_version=\u00bb4.18.0&#8243; _module_preset=\u00bbdefault\u00bb global_colors_info=\u00bb{}\u00bb][et_pb_fullwidth_image src=\u00bbhttps:\/\/www.fedecaces.com\/site\/wp-content\/uploads\/2025\/05\/10.png\u00bb title_text=\u00bb150 agencias\u00bb _builder_version=\u00bb4.27.4&#8243; _module_preset=\u00bbdefault\u00bb animation_style=\u00bbfade\u00bb global_colors_info=\u00bb{}\u00bb][\/et_pb_fullwidth_image][\/et_pb_section][et_pb_section fb_built=\u00bb1&#8243; custom_padding_last_edited=\u00bbon|desktop\u00bb admin_label=\u00bbSecci\u00f3n\u00bb _builder_version=\u00bb4.16&#8243; background_color=\u00bb#f1f1f1&#8243; custom_padding=\u00bb0px|0px|64px|0px\u00bb custom_padding_tablet=\u00bb50px|0|50px|0&#8243; custom_padding_phone=\u00bb\u00bb transparent_background=\u00bboff\u00bb padding_mobile=\u00bboff\u00bb global_colors_info=\u00bb{}\u00bb][et_pb_row column_structure=\u00bb1_4,1_4,1_4,1_4&#8243; _builder_version=\u00bb4.27.4&#8243; _module_preset=\u00bbdefault\u00bb global_colors_info=\u00bb{}\u00bb][et_pb_column type=\u00bb1_4&#8243; _builder_version=\u00bb4.27.4&#8243; _module_preset=\u00bbdefault\u00bb global_colors_info=\u00bb{}\u00bb][et_pb_heading title=\u00bbParticipaci\u00f3n de nuestro Gerente Corporativo\u00bb _builder_version=\u00bb4.27.4&#8243; _module_preset=\u00bbdefault\u00bb title_text_align=\u00bbcenter\u00bb transform_translate=\u00bb-4px|49px\u00bb border_width_all=\u00bb3px\u00bb border_color_all=\u00bb#F2D331&#8243; box_shadow_style=\u00bbpreset1&#8243; global_colors_info=\u00bb{}\u00bb][\/et_pb_heading][et_pb_image src=\u00bbhttps:\/\/www.fedecaces.com\/site\/wp-content\/uploads\/2025\/05\/5e2a39dc-7d67-4273-9a6f-0d3237e8fa87.jpeg\u00bb title_text=\u00bb5e2a39dc-7d67-4273-9a6f-0d3237e8fa87&#8243; _builder_version=\u00bb4.27.4&#8243; _module_preset=\u00bbdefault\u00bb global_colors_info=\u00bb{}\u00bb][\/et_pb_image][\/et_pb_column][et_pb_column type=\u00bb1_4&#8243; _builder_version=\u00bb4.27.4&#8243; _module_preset=\u00bbdefault\u00bb global_colors_info=\u00bb{}\u00bb][et_pb_heading title=\u00bbCONVENCI\u00d3N INTERNACIONAL DE LA MUJER 2025 \u201cMUJERES QUE INSPIRAN\u201d\u00bb _builder_version=\u00bb4.27.4&#8243; _module_preset=\u00bbdefault\u00bb title_font=\u00bbAlmarai||||||||\u00bb title_text_align=\u00bbcenter\u00bb transform_translate=\u00bb0px|36px\u00bb animation_style=\u00bbfade\u00bb border_width_all=\u00bb2px\u00bb border_color_all=\u00bb#F2D331&#8243; box_shadow_style=\u00bbpreset1&#8243; global_colors_info=\u00bb{}\u00bb][\/et_pb_heading][et_pb_gallery gallery_ids=\u00bb4008,4009,4010,4017,4018,4020,4021,4022,4023&#8243; gallery_orderby=\u00bbrand\u00bb fullwidth=\u00bbon\u00bb _builder_version=\u00bb4.27.4&#8243; _module_preset=\u00bbdefault\u00bb global_colors_info=\u00bb{}\u00bb][\/et_pb_gallery][\/et_pb_column][et_pb_column type=\u00bb1_4&#8243; _builder_version=\u00bb4.27.4&#8243; _module_preset=\u00bbdefault\u00bb global_colors_info=\u00bb{}\u00bb][et_pb_heading title=\u00bbPremio a la Excelencia Empresarial 2025&#8243; url_new_window=\u00bbon\u00bb _builder_version=\u00bb4.27.4&#8243; _module_preset=\u00bbdefault\u00bb transform_translate=\u00bb1px|48px\u00bb border_width_all=\u00bb3px\u00bb text_shadow_style=\u00bbpreset1&#8243; global_colors_info=\u00bb{}\u00bb][\/et_pb_heading][et_pb_gallery gallery_ids=\u00bb4128,4127,4126,4125,4130&#8243; fullwidth=\u00bbon\u00bb _builder_version=\u00bb4.27.4&#8243; _module_preset=\u00bbdefault\u00bb global_colors_info=\u00bb{}\u00bb][\/et_pb_gallery][\/et_pb_column][et_pb_column type=\u00bb1_4&#8243; _builder_version=\u00bb4.27.4&#8243; _module_preset=\u00bbdefault\u00bb global_colors_info=\u00bb{}\u00bb][et_pb_gallery gallery_ids=\u00bb4133,4135,4136&#8243; gallery_orderby=\u00bbrand\u00bb fullwidth=\u00bbon\u00bb _builder_version=\u00bb4.27.4&#8243; _module_preset=\u00bbdefault\u00bb global_colors_info=\u00bb{}\u00bb][\/et_pb_gallery][\/et_pb_column][\/et_pb_row][et_pb_row column_structure=\u00bb1_4,1_4,1_4,1_4&#8243; _builder_version=\u00bb4.27.4&#8243; _module_preset=\u00bbdefault\u00bb min_height=\u00bb117.6px\u00bb custom_padding=\u00bb65px|||||\u00bb global_colors_info=\u00bb{}\u00bb][et_pb_column type=\u00bb1_4&#8243; _builder_version=\u00bb4.27.4&#8243; _module_preset=\u00bbdefault\u00bb global_colors_info=\u00bb{}\u00bb][et_pb_text _builder_version=\u00bb4.27.4&#8243; _module_preset=\u00bbdefault\u00bb text_font=\u00bbGotu|700|||||||\u00bb text_font_size=\u00bb13px\u00bb text_line_height=\u00bb1.4em\u00bb transform_translate=\u00bb0px|-88px\u00bb global_colors_info=\u00bb{}\u00bb]\n<p>En los d\u00edas 12 y 13 de mayo se ha realizado el primer evento de Cooperativas de las Am\u00e9ricas ACI, en el marco del \u201dA\u00f1o Internacional de las Cooperativas 2025: Las Cooperativas Construyen un futuro mejor fomentando la productividad, la inclusi\u00f3n y el desarrollo territorial\u00bb, en la sede de la CEPAL, Organismo de Naciones Unidas, en Santiago de Chile\ud83c\udde8\ud83c\uddf1<\/p>\n<p>En dicho evento se present\u00f3 la Experiencia de la Red de Cooperativas FEDECACES y su incidencia en el Territorio, la cual fue realizada por Lic. Misael Barahona, Gerente Corporativo de FEDECACES<\/p>\n<p>Nos sentimos orgullosos de participar en este tipo de espacios que permiten el posicionamiento de la Red de Cooperativas FEDECACES y de nuestro pa\u00eds. \ud83c\uddf8\ud83c\uddfb<\/p>\n[\/et_pb_text][\/et_pb_column][et_pb_column type=\u00bb1_4&#8243; _builder_version=\u00bb4.27.4&#8243; _module_preset=\u00bbdefault\u00bb global_colors_info=\u00bb{}\u00bb][et_pb_text _builder_version=\u00bb4.27.4&#8243; _module_preset=\u00bbdefault\u00bb text_font=\u00bbGotu||||||||\u00bb text_font_size=\u00bb14px\u00bb transform_translate=\u00bb14px|-99px\u00bb global_colors_info=\u00bb{}\u00bb]\n<p>La Red de Cooperativas FEDECACES junto a Fundaci\u00f3n Asesores para El Desarrollo realiz\u00f3 exitosamente la Convenci\u00f3n Internacional de la Mujer 2025: \u201cMujeres que Inspiran\u201d el 3 y 4 de octubre en el Hotel Hilton San Salvador, con el objetivo de fortalecer el car\u00e1cter de las mujeres cooperativistas a trav\u00e9s de conferencias enfocadas a temas de liderazgo, manejo de la voz y ser feliz con el prop\u00f3sito de inspirar a otros y materializar oportunidades de crecimiento personal y laboral.<\/p>\n<p>Este prestigioso mega evento cont\u00f3 con speakers de reconocimiento internacional, con gran trayectoria profesional quienes compartieron el secreto de su \u00e9xito para as\u00ed, crear m\u00e1s mujeres l\u00edderes para desarrollar un mundo mejor.<\/p>\n[\/et_pb_text][\/et_pb_column][et_pb_column type=\u00bb1_4&#8243; _builder_version=\u00bb4.27.4&#8243; _module_preset=\u00bbdefault\u00bb global_colors_info=\u00bb{}\u00bb][et_pb_text _builder_version=\u00bb4.27.4&#8243; _module_preset=\u00bbdefault\u00bb transform_translate=\u00bb8px|-154px\u00bb global_colors_info=\u00bb{}\u00bb]\n<p>Felicitamos a nuestra Directora Ejecutiva de la Fundaci\u00f3n Asesores para El Desarrollo, Licenciada Claudia Ju\u00e1rez, quien recibi\u00f3 el s\u00e1bado 15 de noviembre el Premio a la Excelencia Empresarial 2025, M\u00e1ximo reconocimiento, certamen que se realiz\u00f3 en Managua, Nicaragua. \ud83c\uddf3\ud83c\uddee\ud83c\udfc6<\/p>\n<p>Estamos muy orgullosos que la notable trayectoria profesional que Licda. Claudia Ju\u00e1rez ha realizado por m\u00e1s de 30 a\u00f1os tenga reconocimiento de car\u00e1cte nacional e internacional gracias a su labor en el fortalecimiento, expansi\u00f3n y posicionamiento del modelo cooperativo en El Salvador. \ud83d\ude4b\ud83c\udffb\u200d\u2640\ufe0f\ud83c\uddf8\ud83c\uddfb<\/p>\n<p>Su arduo trabajo ha sido la piedra angular en la consolidaci\u00f3n de La Red de Cooperativas FEDECACES como la opci\u00f3n cooperativa m\u00e1s confiable, segura y predilecta entre los salvadore\u00f1os. \ud83d\udc69\ud83c\udffb\u200d\ud83d\udcbc\ud83c\udfe2\ud83d\udc68\ud83c\udffb\u200d\ud83d\udcbc<\/p>\n<p>Su entrega a la innovaci\u00f3n y desarrollo del sector, pone en alto la reputaci\u00f3n del modelo cooperativo en El Salvador y de La Red de Cooperativas FEDECACES . \ud83d\udc69\ud83c\udffc\u200d\ud83c\udfeb<\/p>\n<p>\ud83c\udf89\ud83c\udf89\ud83c\udf89 \u00a1Muchas felicidades por este logro trascendental, Licda. Claudia Ju\u00e1rez! \ud83c\udf89\ud83c\udf89<\/p>\n[\/et_pb_text][\/et_pb_column][et_pb_column type=\u00bb1_4&#8243; _builder_version=\u00bb4.27.4&#8243; _module_preset=\u00bbdefault\u00bb global_colors_info=\u00bb{}\u00bb][\/et_pb_column][\/et_pb_row][\/et_pb_section]\n","protected":false},"excerpt":{"rendered":"<p>Como Red de Cooperativas FEDECACES orgullosamente anunciamos que hemos ganado el SEGUNDO LUGAR en la tercera edici\u00f3n de Top Customer Experience 2025 (TCX) , en la categor\u00eda de Financieras, Cooperativas y Cajas de Cr\u00e9dito Rebosamos de alegr\u00eda por obtener este reconocimiento de alto prestigio y no queremos dejar de compartirlo con todos ustedes quienes conforman [&hellip;]<\/p>\n","protected":false},"author":1,"featured_media":0,"parent":0,"menu_order":0,"comment_status":"closed","ping_status":"closed","template":"","meta":{"_et_pb_use_builder":"on","_et_pb_old_content":"","_et_gb_content_width":"","footnotes":""},"class_list":["post-74","page","type-page","status-publish","hentry"],"_links":{"self":[{"href":"https:\/\/www.fedecaces.com\/site\/wp-json\/wp\/v2\/pages\/74","targetHints":{"allow":["GET"]}}],"collection":[{"href":"https:\/\/www.fedecaces.com\/site\/wp-json\/wp\/v2\/pages"}],"about":[{"href":"https:\/\/www.fedecaces.com\/site\/wp-json\/wp\/v2\/types\/page"}],"author":[{"embeddable":true,"href":"https:\/\/www.fedecaces.com\/site\/wp-json\/wp\/v2\/users\/1"}],"replies":[{"embeddable":true,"href":"https:\/\/www.fedecaces.com\/site\/wp-json\/wp\/v2\/comments?post=74"}],"version-history":[{"count":229,"href":"https:\/\/www.fedecaces.com\/site\/wp-json\/wp\/v2\/pages\/74\/revisions"}],"predecessor-version":[{"id":4158,"href":"https:\/\/www.fedecaces.com\/site\/wp-json\/wp\/v2\/pages\/74\/revisions\/4158"}],"wp:attachment":[{"href":"https:\/\/www.fedecaces.com\/site\/wp-json\/wp\/v2\/media?parent=74"}],"curies":[{"name":"wp","href":"https:\/\/api.w.org\/{rel}","templated":true}]}}