{"id":75,"date":"2016-10-19T01:38:00","date_gmt":"2016-10-19T07:38:00","guid":{"rendered":"http:\/\/www.fedecaces.com\/site\/nosotros\/"},"modified":"2025-07-04T11:50:29","modified_gmt":"2025-07-04T17:50:29","slug":"nosotros","status":"publish","type":"page","link":"https:\/\/www.fedecaces.com\/site\/nosotros\/","title":{"rendered":"Nosotros"},"content":{"rendered":"[et_pb_section fb_built=\u00bb1&#8243; custom_padding_last_edited=\u00bbon|desktop\u00bb admin_label=\u00bbsection\u00bb _builder_version=\u00bb4.16&#8243; background_image=\u00bbhttps:\/\/www.fedecaces.com\/site\/wp-content\/uploads\/2018\/09\/Dise\u00f1o-sin-t\u00edtulo-8.jpg\u00bb parallax=\u00bbon\u00bb custom_padding=\u00bb0px|0px|0px|0px\u00bb custom_padding_tablet=\u00bb50px|0|50px|0&#8243; custom_padding_phone=\u00bb\u00bb hover_enabled=\u00bb0&#8243; transparent_background=\u00bboff\u00bb padding_mobile=\u00bboff\u00bb global_colors_info=\u00bb{}\u00bb sticky_enabled=\u00bb0&#8243;][et_pb_row column_structure=\u00bb1_2,1_2&#8243; padding_mobile=\u00bboff\u00bb column_padding_mobile=\u00bbon\u00bb admin_label=\u00bbrow\u00bb module_class=\u00bb et_pb_row_fullwidth\u00bb _builder_version=\u00bb4.16&#8243; parallax=\u00bbon\u00bb parallax_method=\u00bboff\u00bb width=\u00bb89%\u00bb width_tablet=\u00bb80%\u00bb width_phone=\u00bb80%\u00bb width_last_edited=\u00bbon|desktop\u00bb max_width=\u00bb89%\u00bb max_width_tablet=\u00bb80%\u00bb max_width_phone=\u00bb80%\u00bb max_width_last_edited=\u00bbon|desktop\u00bb custom_padding=\u00bb126px|0px|125px|0px\u00bb hover_enabled=\u00bb0&#8243; make_fullwidth=\u00bbon\u00bb global_colors_info=\u00bb{}\u00bb sticky_enabled=\u00bb0&#8243;][et_pb_column type=\u00bb1_2&#8243; _builder_version=\u00bb4.16&#8243; custom_padding=\u00bb|||\u00bb global_colors_info=\u00bb{}\u00bb custom_padding__hover=\u00bb|||\u00bb][\/et_pb_column][et_pb_column type=\u00bb1_2&#8243; _builder_version=\u00bb4.16&#8243; custom_padding=\u00bb|||\u00bb global_colors_info=\u00bb{}\u00bb custom_padding__hover=\u00bb|||\u00bb][et_pb_text admin_label=\u00bbNosotros\u00bb _builder_version=\u00bb4.27.4&#8243; background_size=\u00bbinitial\u00bb background_position=\u00bbtop_left\u00bb background_repeat=\u00bbrepeat\u00bb use_border_color=\u00bboff\u00bb border_style=\u00bbsolid\u00bb global_colors_info=\u00bb{}\u00bb]\n<h1>Sobre FEDECACES<\/h1>\n<p style=\"text-align: justify;\">La <strong>Federaci\u00f3n de Asociaciones Cooperativas de Ahorro y Cr\u00e9dito de El Salvador de Responsabilidad Limitada, FEDECACES de R.L.,<\/strong> es la organizaci\u00f3n cooperativa de segundo piso, fundada el 11 de junio de 1966, con 59 a\u00f1os, con m\u00e1s de 150 agencias a nivel nacional las que atienden a diversos sectores de poblaci\u00f3n salvadore\u00f1a, sean trabajadores asalariados privados o p\u00fablicos, micro y peque\u00f1as empresas, artesanos, agricultores, profesionales, y peque\u00f1os y medianos productores entre otros.<\/p>\n<p style=\"text-align: justify;\"><strong>FEDECACES de R.L.<\/strong> y las asociaciones cooperativas de ahorro y cr\u00e9dito iniciaron como un programa de cr\u00e9ditos; hasta los a\u00f1os 80 impulsaron la intermediaci\u00f3n financiera movilizando el ahorro de sus miembros y a partir de los Acuerdos de Paz, en coherencia ha integrado y desarrollado el <strong>Sistema Cooperativo Financiero FEDECACES<\/strong> como cooperativas intermediarias financieras, en favor de cientos de miles de salvadore\u00f1os.<\/p>\n<p>&nbsp;<\/p>\n[\/et_pb_text][\/et_pb_column][\/et_pb_row][\/et_pb_section][et_pb_section fb_built=\u00bb1&#8243; custom_padding_last_edited=\u00bbon|desktop\u00bb admin_label=\u00bbSecci\u00f3n\u00bb _builder_version=\u00bb4.16&#8243; custom_padding_tablet=\u00bb50px|0|50px|0&#8243; custom_padding_phone=\u00bb\u00bb transparent_background=\u00bboff\u00bb padding_mobile=\u00bboff\u00bb global_colors_info=\u00bb{}\u00bb][et_pb_row column_structure=\u00bb1_2,1_2&#8243; padding_mobile=\u00bboff\u00bb column_padding_mobile=\u00bbon\u00bb admin_label=\u00bbFila\u00bb _builder_version=\u00bb4.16&#8243; background_size=\u00bbinitial\u00bb background_position=\u00bbtop_left\u00bb background_repeat=\u00bbrepeat\u00bb custom_padding=\u00bb26.9688px|0px|28px|0px\u00bb global_colors_info=\u00bb{}\u00bb][et_pb_column type=\u00bb1_2&#8243; _builder_version=\u00bb4.16&#8243; custom_padding=\u00bb|||\u00bb global_colors_info=\u00bb{}\u00bb custom_padding__hover=\u00bb|||\u00bb][et_pb_text admin_label=\u00bbNosotros\u00bb _builder_version=\u00bb4.16&#8243; background_size=\u00bbinitial\u00bb background_position=\u00bbtop_left\u00bb background_repeat=\u00bbrepeat\u00bb use_border_color=\u00bboff\u00bb border_style=\u00bbsolid\u00bb global_colors_info=\u00bb{}\u00bb]\n<p style=\"text-align: justify;\">A lo largo de los a\u00f1os se ha logrado interceder en la Asamblea Legislativa y \u00f3rgano ejecutivo, ante las constantes normas a la actividad financiera, defendiendo a las cooperativas por su naturaleza sin finalidad de lucro. Con esta gesti\u00f3n se benefician las asociaciones cooperativas afiliadas, as\u00ed como todas aquellas que se rigen bajo las mismas leyes y normas. Del mismo modo, FEDECACES trabaja por alianzas y convenios de negocios con diferentes empresas y entidades, para aumentar los servicios que la Red de Cooperativas FEDECACES brinda a todos sus asociados y usuarios.<\/p>\n<p style=\"text-align: justify;\">FEDECACES busca constantemente el desarrollo integral de todas las asociaciones cooperativas afiliadas y no afiliadas en balance econ\u00f3mico y de acci\u00f3n social. Esto lo hace por medio de las entidades que conforman la <strong>Corporaci\u00f3n FEDECACES:<\/strong><\/p>\n<p>\u00a0<\/p>\n[\/et_pb_text][\/et_pb_column][et_pb_column type=\u00bb1_2&#8243; _builder_version=\u00bb4.16&#8243; custom_padding=\u00bb|||\u00bb global_colors_info=\u00bb{}\u00bb custom_padding__hover=\u00bb|||\u00bb][et_pb_text admin_label=\u00bbNosotros\u00bb _builder_version=\u00bb4.16&#8243; background_size=\u00bbinitial\u00bb background_position=\u00bbtop_left\u00bb background_repeat=\u00bbrepeat\u00bb use_border_color=\u00bboff\u00bb border_style=\u00bbsolid\u00bb global_colors_info=\u00bb{}\u00bb]\n<p style=\"text-align: justify;\"><strong>Fundaci\u00f3n Asesores para el Desarrollo:<\/strong> Especializada en capacitaci\u00f3n, asesor\u00eda y consultor\u00eda t\u00e9cnica y mercadol\u00f3gica, para competencia del Talento Humano.<\/p>\n<p style=\"text-align: justify;\"><strong>Respaldo &#8211; Auditor\u00eda y Servicios de Consultor\u00eda:<\/strong> Provee servicios profesionales especializados de Auditor\u00eda externa, servicios contables a las Asociaciones cooperativas y afines.<\/p>\n<p style=\"text-align: justify;\"><strong>Seguros Futuro:<\/strong> Primera y \u00fanica Aseguradora Cooperativa en el pa\u00eds, proporciona servicios de seguros para la protecci\u00f3n familiar y bienes de Asociaciones Cooperativas.<\/p>\n<p style=\"text-align: justify;\"><strong>FEDECACES:<\/strong> Es la responsable centralizadamente de coordinar la Red de Cooperativas proveyendo los servicios financieros, remesas familiares, as\u00ed como el enfoque de la auto regulaci\u00f3n con las adecuadas disciplinas financieras aplicables a las asociaciones cooperativas miembros.<\/p>\n<p style=\"text-align: right;\"><em><strong>\u201cRed de Cooperativas FEDECACES, M\u00c1S DE medio siglo contigo\u201d<\/strong><\/em><\/p>\n[\/et_pb_text][\/et_pb_column][\/et_pb_row][\/et_pb_section][et_pb_section fb_built=\u00bb1&#8243; custom_padding_last_edited=\u00bbon|desktop\u00bb admin_label=\u00bbSecci\u00f3n\u00bb _builder_version=\u00bb4.16&#8243; background_color=\u00bb#006055&#8243; custom_padding=\u00bb0px|0px|0px|0px\u00bb custom_padding_tablet=\u00bb50px|0|50px|0&#8243; custom_padding_phone=\u00bb\u00bb transparent_background=\u00bboff\u00bb padding_mobile=\u00bboff\u00bb global_colors_info=\u00bb{}\u00bb][et_pb_row column_structure=\u00bb1_2,1_2&#8243; use_custom_gutter=\u00bbon\u00bb gutter_width=\u00bb1&#8243; padding_mobile=\u00bboff\u00bb make_equal=\u00bbon\u00bb column_padding_mobile=\u00bbon\u00bb admin_label=\u00bbFila\u00bb module_class=\u00bb et_pb_row_fullwidth\u00bb _builder_version=\u00bb4.16&#8243; background_size=\u00bbinitial\u00bb background_position=\u00bbtop_left\u00bb background_repeat=\u00bbrepeat\u00bb width=\u00bb100%\u00bb width_tablet=\u00bb100%\u00bb width_phone=\u00bb100%\u00bb width_last_edited=\u00bbon|desktop\u00bb max_width=\u00bb100%\u00bb max_width_tablet=\u00bb100%\u00bb max_width_phone=\u00bb100%\u00bb max_width_last_edited=\u00bbon|desktop\u00bb custom_padding=\u00bb0px|0px|0px|0px\u00bb make_fullwidth=\u00bbon\u00bb global_colors_info=\u00bb{}\u00bb][et_pb_column type=\u00bb1_2&#8243; _builder_version=\u00bb4.16&#8243; custom_padding=\u00bb50px|50px|50px|50px\u00bb global_colors_info=\u00bb{}\u00bb custom_padding__hover=\u00bb|||\u00bb][et_pb_blurb title=\u00bbMisi\u00f3n\u00bb use_icon=\u00bbon\u00bb font_icon=\u00bb&#x4e;||divi||400&#8243; icon_color=\u00bb#006055&#8243; image_icon_background_color=\u00bb#ffffff\u00bb icon_placement=\u00bbleft\u00bb image_icon_width=\u00bb16px\u00bb admin_label=\u00bbMisi\u00f3n\u00bb _builder_version=\u00bb4.16&#8243; header_text_color=\u00bb#f2d331&#8243; header_font_size=\u00bb28px\u00bb background_size=\u00bbinitial\u00bb background_position=\u00bbtop_left\u00bb background_repeat=\u00bbrepeat\u00bb image_icon_custom_padding=\u00bb8px|8px|8px|8px|false|false\u00bb background_layout=\u00bbdark\u00bb animation=\u00bbleft\u00bb border_radii_image=\u00bbon|100%|100%|100%|100%\u00bb use_border_color=\u00bboff\u00bb border_color=\u00bb#ffffff\u00bb border_width=\u00bb1px\u00bb border_style=\u00bbsolid\u00bb image_max_width=\u00bbnone\u00bb use_circle=\u00bbon\u00bb global_colors_info=\u00bb{}\u00bb image_icon_background_color__sticky_enabled=\u00bb#ffffff\u00bb image_icon_background_color__sticky=\u00bb#ffffff\u00bb]\n<p>Somos el Sistema Cooperativo Financiero FEDECACES s\u00f3lido y eficiente, que:<\/p>\n<p>\u201cBrinda servicios competitivos e innovadores, para la inclusi\u00f3n financiera, que mejora las condiciones de la vida de la poblaci\u00f3n en nuestra sociedad\u201d<\/p>\n[\/et_pb_blurb][\/et_pb_column][et_pb_column type=\u00bb1_2&#8243; _builder_version=\u00bb4.16&#8243; background_color=\u00bb#333333&#8243; custom_padding=\u00bb50px|50px|50px|50px\u00bb global_colors_info=\u00bb{}\u00bb custom_padding__hover=\u00bb|||\u00bb][et_pb_blurb title=\u00bbVisi\u00f3n\u00bb use_icon=\u00bbon\u00bb font_icon=\u00bb&#x4e;||divi||400&#8243; icon_color=\u00bb#333333&#8243; image_icon_background_color=\u00bb#ffffff\u00bb icon_placement=\u00bbleft\u00bb image_icon_width=\u00bb16px\u00bb admin_label=\u00bbVisi\u00f3n\u00bb _builder_version=\u00bb4.16&#8243; header_text_color=\u00bb#f2d331&#8243; header_font_size=\u00bb28px\u00bb background_size=\u00bbinitial\u00bb background_position=\u00bbtop_left\u00bb background_repeat=\u00bbrepeat\u00bb image_icon_custom_padding=\u00bb8px|8px|8px|8px|false|false\u00bb background_layout=\u00bbdark\u00bb animation=\u00bbleft\u00bb border_radii_image=\u00bbon|100%|100%|100%|100%\u00bb use_border_color=\u00bboff\u00bb border_color=\u00bb#ffffff\u00bb border_width=\u00bb1px\u00bb border_style=\u00bbsolid\u00bb image_max_width=\u00bbnone\u00bb use_circle=\u00bbon\u00bb global_colors_info=\u00bb{}\u00bb image_icon_background_color__sticky_enabled=\u00bb#ffffff\u00bb image_icon_background_color__sticky=\u00bb#ffffff\u00bb]\n<p>Ser el sistema de naturaleza cooperativa, de servicios financieros \u00e9ticos, para la inclusi\u00f3n financiera, que responda a las necesidades y aspiraciones de la poblaci\u00f3n salvadore\u00f1a.<\/p>\n<p>El Sistema Cooperativo Financiero FEDECACES, se caracterizar\u00e1 por su alto nivel de:<\/p>\n<ul>\n<li>INTEGRACI\u00d3N<\/li>\n<li>COHESIONADO<\/li>\n<li>INCLUYENTE<\/li>\n<li>INNOVADOR<\/li>\n<li>ROBUSTO<\/li>\n<li>LIDERAZGO posicionado y reconocido nacional e internacionalmente.<\/li>\n<\/ul>\n[\/et_pb_blurb][\/et_pb_column][\/et_pb_row][\/et_pb_section][et_pb_section fb_built=\u00bb1&#8243; custom_padding_last_edited=\u00bbon|desktop\u00bb admin_label=\u00bbSecci\u00f3n\u00bb _builder_version=\u00bb4.16&#8243; background_color=\u00bb#f1f1f1&#8243; background_image=\u00bbhttps:\/\/www.fedecaces.com\/site\/wp-content\/uploads\/2016\/10\/nosotros-bg-politica-de-calidad.jpg\u00bb parallax=\u00bbon\u00bb custom_padding=\u00bb0px|0px|76.1094px|0px\u00bb custom_padding_tablet=\u00bb50px|0|50px|0&#8243; custom_padding_phone=\u00bb\u00bb transparent_background=\u00bboff\u00bb padding_mobile=\u00bboff\u00bb global_colors_info=\u00bb{}\u00bb][et_pb_row column_structure=\u00bb2_3,1_3&#8243; padding_mobile=\u00bboff\u00bb column_padding_mobile=\u00bbon\u00bb admin_label=\u00bbFila\u00bb module_class=\u00bb et_pb_row_fullwidth\u00bb _builder_version=\u00bb4.16&#8243; background_size=\u00bbinitial\u00bb background_position=\u00bbtop_left\u00bb background_repeat=\u00bbrepeat\u00bb width=\u00bb89%\u00bb width_tablet=\u00bb80%\u00bb width_phone=\u00bb80%\u00bb width_last_edited=\u00bbon|desktop\u00bb max_width=\u00bb89%\u00bb max_width_tablet=\u00bb80%\u00bb max_width_phone=\u00bb80%\u00bb max_width_last_edited=\u00bbon|desktop\u00bb custom_padding=\u00bb111px|0px|38.0469px|0px\u00bb make_fullwidth=\u00bbon\u00bb global_colors_info=\u00bb{}\u00bb][et_pb_column type=\u00bb2_3&#8243; _builder_version=\u00bb4.16&#8243; custom_padding=\u00bb|||\u00bb global_colors_info=\u00bb{}\u00bb custom_padding__hover=\u00bb|||\u00bb][et_pb_text admin_label=\u00bbFunciones y Actores\u00bb _builder_version=\u00bb4.16&#8243; background_size=\u00bbinitial\u00bb background_position=\u00bbtop_left\u00bb background_repeat=\u00bbrepeat\u00bb use_border_color=\u00bboff\u00bb border_style=\u00bbsolid\u00bb global_colors_info=\u00bb{}\u00bb]\n<h1>Funciones y Actores<\/h1>\n<ul>\n<li><strong>Gesti\u00f3n de la liquidez e intermediaci\u00f3n:<\/strong> Caja Central y servicios financieros<\/li>\n<li><strong>Protecci\u00f3n:<\/strong> Seguros Futuro y Supervisi\u00f3n<\/li>\n<li><strong>Innovaci\u00f3n:<\/strong> Fundaci\u00f3n Asesores para el Desarrollo, Tecnolog\u00eda e Inform\u00e1tica, Remesas y Medios de Pago<\/li>\n<li><strong>Supervisi\u00f3n \u2013 control:<\/strong> Supervisi\u00f3n y Auditor\u00eda y Servicios de C&#038;SC<\/li>\n<li><strong>Educaci\u00f3n y organizaci\u00f3n GC, Mercadeo Corporativo y FAPD<\/strong><\/li>\n<\/ul>\n[\/et_pb_text][et_pb_text admin_label=\u00bbPol\u00edtica de Calidad\u00bb _builder_version=\u00bb4.16&#8243; background_size=\u00bbinitial\u00bb background_position=\u00bbtop_left\u00bb background_repeat=\u00bbrepeat\u00bb use_border_color=\u00bboff\u00bb border_style=\u00bbsolid\u00bb global_colors_info=\u00bb{}\u00bb]\n<h1>Pol\u00edtica de Calidad<\/h1>\n<div class=\"col-md-9\">\n<div class=\"row\">\n<div class=\"col-md-12\">\n<p>Nuestra pol\u00edtica de calidad se basa en el logro de nuestra misi\u00f3n a trav\u00e9s de la eficiencia en la prestaci\u00f3n de servicios financieros y t\u00e9cnicos para lograr el crecimiento, desarrollo, y la satisfacci\u00f3n de las cooperativas, manteniendo un proceso de mejora continua y aplicando los siguientes principios:<\/p>\n<ol>\n<li><strong>IDENTIDAD INSTITUCIONAL:\u00a0<\/strong>Fundamentamos la calidad de nuestros servicios en el cumplimiento de los requisitos del Sistema de Gesti\u00f3n de la Calidad, la mejora continua, y en la pr\u00e1ctica de los valores de honestidad, transparencia, solidaridad.<\/li>\n<li><strong>AUTOGERENCIA:\u00a0<\/strong>Nuestra capacidad para brindar los servicios a trav\u00e9s de la innovaci\u00f3n, creatividad, objetividad y emprendimiento.<\/li>\n<li><strong>RESPONSABILIDAD SOCIAL:\u00a0<\/strong>Identificaci\u00f3n pr\u00e1ctica con los problemas de la comunidad y actuando con enfoque de competencia \u00e9tica.<\/li>\n<\/ol>\n<p>&nbsp;<\/p>\n<\/div>\n<\/div>\n<\/div>\n[\/et_pb_text][\/et_pb_column][et_pb_column type=\u00bb1_3&#8243; _builder_version=\u00bb4.16&#8243; custom_padding=\u00bb|||\u00bb global_colors_info=\u00bb{}\u00bb custom_padding__hover=\u00bb|||\u00bb][\/et_pb_column][\/et_pb_row][\/et_pb_section][et_pb_section fb_built=\u00bb1&#8243; custom_padding_last_edited=\u00bbon|desktop\u00bb admin_label=\u00bbSecci\u00f3n\u00bb _builder_version=\u00bb4.16&#8243; custom_padding_tablet=\u00bb50px|0|50px|0&#8243; custom_padding_phone=\u00bb\u00bb transparent_background=\u00bboff\u00bb padding_mobile=\u00bboff\u00bb global_colors_info=\u00bb{}\u00bb][et_pb_row padding_mobile=\u00bboff\u00bb column_padding_mobile=\u00bbon\u00bb admin_label=\u00bbFila\u00bb _builder_version=\u00bb4.16&#8243; background_size=\u00bbinitial\u00bb background_position=\u00bbtop_left\u00bb background_repeat=\u00bbrepeat\u00bb global_colors_info=\u00bb{}\u00bb][et_pb_column type=\u00bb4_4&#8243; _builder_version=\u00bb4.16&#8243; custom_padding=\u00bb|||\u00bb global_colors_info=\u00bb{}\u00bb custom_padding__hover=\u00bb|||\u00bb][et_pb_text admin_label=\u00bbTexto\u00bb _builder_version=\u00bb4.16&#8243; background_size=\u00bbinitial\u00bb background_position=\u00bbtop_left\u00bb background_repeat=\u00bbrepeat\u00bb text_orientation=\u00bbcenter\u00bb module_alignment=\u00bbcenter\u00bb use_border_color=\u00bboff\u00bb border_style=\u00bbsolid\u00bb global_colors_info=\u00bb{}\u00bb]\n<h1>Servicios Corporativos<\/h1>\n[\/et_pb_text][\/et_pb_column][\/et_pb_row][et_pb_row column_structure=\u00bb1_4,1_4,1_4,1_4&#8243; padding_mobile=\u00bboff\u00bb column_padding_mobile=\u00bbon\u00bb _builder_version=\u00bb3.25&#8243; background_size=\u00bbinitial\u00bb background_position=\u00bbtop_left\u00bb background_repeat=\u00bbrepeat\u00bb custom_padding=\u00bb0px|0px|2px|0px\u00bb global_module=\u00bb521&#8243; global_colors_info=\u00bb{}\u00bb][et_pb_column type=\u00bb1_4&#8243; _builder_version=\u00bb4.16&#8243; custom_padding=\u00bb|||\u00bb global_colors_info=\u00bb{}\u00bb custom_padding__hover=\u00bb|||\u00bb][et_pb_image src=\u00bbhttps:\/\/www.fedecaces.com\/site\/wp-content\/uploads\/2017\/02\/Soporte-T\u00e9cnico.jpg\u00bb alt=\u00bbSistema Cooperativo Financiero FEDECACES\u00bb title_text=\u00bbSistema Cooperativo Financiero FEDECACES\u00bb url=\u00bbhttps:\/\/www.fedecaces.com\/site\/servicios\/servicios-corporativos\/caja-central\/\u00bb use_overlay=\u00bbon\u00bb align=\u00bbcenter\u00bb align_tablet=\u00bbcenter\u00bb align_last_edited=\u00bbon|desktop\u00bb admin_label=\u00bbFEDECACES\u00bb _builder_version=\u00bb4.16&#8243; animation_style=\u00bbfade\u00bb animation_duration=\u00bb500ms\u00bb use_border_color=\u00bboff\u00bb border_color=\u00bb#ffffff\u00bb border_width=\u00bb1px\u00bb border_style=\u00bbsolid\u00bb animation=\u00bbfade_in\u00bb sticky=\u00bboff\u00bb global_colors_info=\u00bb{}\u00bb align_phone=\u00bbcenter\u00bb][\/et_pb_image][\/et_pb_column][et_pb_column type=\u00bb1_4&#8243; _builder_version=\u00bb4.16&#8243; custom_padding=\u00bb|||\u00bb global_colors_info=\u00bb{}\u00bb custom_padding__hover=\u00bb|||\u00bb][et_pb_image src=\u00bbhttps:\/\/www.fedecaces.com\/site\/wp-content\/uploads\/2017\/02\/fundacion-asesores.jpg\u00bb alt=\u00bbFundaci\u00f3n Asesores para el Desarrollo\u00bb title_text=\u00bbFundaci\u00f3n Asesores\u00bb url=\u00bbhttps:\/\/www.fedecaces.com\/site\/servicios\/servicios-corporativos\/fundacion-asesores-para-el-desarrollo\/\u00bb use_overlay=\u00bbon\u00bb align=\u00bbcenter\u00bb align_tablet=\u00bbcenter\u00bb align_last_edited=\u00bbon|desktop\u00bb admin_label=\u00bbFEDECACES\u00bb _builder_version=\u00bb4.16&#8243; animation_style=\u00bbfade\u00bb animation_duration=\u00bb500ms\u00bb use_border_color=\u00bboff\u00bb border_color=\u00bb#ffffff\u00bb border_width=\u00bb1px\u00bb border_style=\u00bbsolid\u00bb animation=\u00bbfade_in\u00bb sticky=\u00bboff\u00bb global_colors_info=\u00bb{}\u00bb align_phone=\u00bbcenter\u00bb][\/et_pb_image][\/et_pb_column][et_pb_column type=\u00bb1_4&#8243; _builder_version=\u00bb4.16&#8243; custom_padding=\u00bb|||\u00bb global_colors_info=\u00bb{}\u00bb custom_padding__hover=\u00bb|||\u00bb][et_pb_image src=\u00bbhttps:\/\/www.fedecaces.com\/site\/wp-content\/uploads\/2017\/02\/Respaldo.jpg\u00bb alt=\u00bbRespaldo &#8211; Auditora y Consultora\u00bb title_text=\u00bbRespaldo &#8211; Auditora y Consultora\u00bb url=\u00bbhttps:\/\/www.fedecaces.com\/site\/servicios\/servicios-corporativos\/respaldo\/\u00bb use_overlay=\u00bbon\u00bb align=\u00bbcenter\u00bb align_tablet=\u00bbcenter\u00bb align_last_edited=\u00bbon|desktop\u00bb admin_label=\u00bbRESPALDO\u00bb _builder_version=\u00bb4.16&#8243; animation_style=\u00bbfade\u00bb animation_duration=\u00bb500ms\u00bb use_border_color=\u00bboff\u00bb border_color=\u00bb#ffffff\u00bb border_width=\u00bb1px\u00bb border_style=\u00bbsolid\u00bb animation=\u00bbfade_in\u00bb sticky=\u00bboff\u00bb global_colors_info=\u00bb{}\u00bb align_phone=\u00bbcenter\u00bb][\/et_pb_image][\/et_pb_column][et_pb_column type=\u00bb1_4&#8243; _builder_version=\u00bb4.16&#8243; custom_padding=\u00bb|||\u00bb global_colors_info=\u00bb{}\u00bb custom_padding__hover=\u00bb|||\u00bb][et_pb_image src=\u00bbhttps:\/\/www.fedecaces.com\/site\/wp-content\/uploads\/2017\/02\/Seguros-Futuro.jpg\u00bb alt=\u00bbSeguros Futuro\u00bb title_text=\u00bbSeguros Futuro\u00bb url=\u00bbhttps:\/\/www.fedecaces.com\/site\/servicios\/servicios-corporativos\/seguros-futuro\/\u00bb use_overlay=\u00bbon\u00bb align=\u00bbcenter\u00bb align_tablet=\u00bbcenter\u00bb align_last_edited=\u00bbon|desktop\u00bb admin_label=\u00bbSEGUROS FUTURO\u00bb _builder_version=\u00bb4.16&#8243; animation_style=\u00bbfade\u00bb animation_duration=\u00bb500ms\u00bb use_border_color=\u00bboff\u00bb border_color=\u00bb#ffffff\u00bb border_width=\u00bb1px\u00bb border_style=\u00bbsolid\u00bb animation=\u00bbfade_in\u00bb sticky=\u00bboff\u00bb global_colors_info=\u00bb{}\u00bb align_phone=\u00bbcenter\u00bb][\/et_pb_image][\/et_pb_column][\/et_pb_row][\/et_pb_section]\n","protected":false},"excerpt":{"rendered":"<p>Sobre FEDECACES La Federaci\u00f3n de Asociaciones Cooperativas de Ahorro y Cr\u00e9dito de El Salvador de Responsabilidad Limitada, FEDECACES de R.L., es la organizaci\u00f3n cooperativa de segundo piso, fundada el 11 de junio de 1966, con 59 a\u00f1os, con m\u00e1s de 150 agencias a nivel nacional las que atienden a diversos sectores de poblaci\u00f3n salvadore\u00f1a, sean [&hellip;]<\/p>\n","protected":false},"author":1,"featured_media":0,"parent":0,"menu_order":1,"comment_status":"closed","ping_status":"closed","template":"","meta":{"_et_pb_use_builder":"on","_et_pb_old_content":"","_et_gb_content_width":"","footnotes":""},"class_list":["post-75","page","type-page","status-publish","hentry"],"_links":{"self":[{"href":"https:\/\/www.fedecaces.com\/site\/wp-json\/wp\/v2\/pages\/75","targetHints":{"allow":["GET"]}}],"collection":[{"href":"https:\/\/www.fedecaces.com\/site\/wp-json\/wp\/v2\/pages"}],"about":[{"href":"https:\/\/www.fedecaces.com\/site\/wp-json\/wp\/v2\/types\/page"}],"author":[{"embeddable":true,"href":"https:\/\/www.fedecaces.com\/site\/wp-json\/wp\/v2\/users\/1"}],"replies":[{"embeddable":true,"href":"https:\/\/www.fedecaces.com\/site\/wp-json\/wp\/v2\/comments?post=75"}],"version-history":[{"count":22,"href":"https:\/\/www.fedecaces.com\/site\/wp-json\/wp\/v2\/pages\/75\/revisions"}],"predecessor-version":[{"id":3956,"href":"https:\/\/www.fedecaces.com\/site\/wp-json\/wp\/v2\/pages\/75\/revisions\/3956"}],"wp:attachment":[{"href":"https:\/\/www.fedecaces.com\/site\/wp-json\/wp\/v2\/media?parent=75"}],"curies":[{"name":"wp","href":"https:\/\/api.w.org\/{rel}","templated":true}]}}