{"id":85,"date":"2016-10-19T01:38:00","date_gmt":"2016-10-19T07:38:00","guid":{"rendered":"http:\/\/www.fedecaces.com\/site\/servicios\/remesas-familiares\/"},"modified":"2024-11-06T12:52:14","modified_gmt":"2024-11-06T18:52:14","slug":"remesas-familiares","status":"publish","type":"page","link":"https:\/\/www.fedecaces.com\/site\/servicios\/remesas-familiares\/","title":{"rendered":"Remesas Familiares"},"content":{"rendered":"[et_pb_section fb_built=\u00bb1&#8243; custom_padding_last_edited=\u00bbon|desktop\u00bb admin_label=\u00bbsection\u00bb _builder_version=\u00bb4.18.0&#8243; transform_scale=\u00bb86%|86%\u00bb custom_padding=\u00bb0px|0px|0px|0px\u00bb custom_padding_tablet=\u00bb51px|0|51px|0|true|\u00bb custom_padding_phone=\u00bb44px|0|53px|0|false|\u00bb transparent_background=\u00bboff\u00bb padding_mobile=\u00bboff\u00bb global_colors_info=\u00bb{}\u00bb][et_pb_row column_structure=\u00bb1_2,1_2&#8243; use_custom_gutter=\u00bbon\u00bb gutter_width=\u00bb1&#8243; padding_mobile=\u00bboff\u00bb column_padding_mobile=\u00bbon\u00bb admin_label=\u00bbrow\u00bb module_class=\u00bb et_pb_row_fullwidth\u00bb _builder_version=\u00bb4.16&#8243; background_size=\u00bbinitial\u00bb background_position=\u00bbtop_left\u00bb background_repeat=\u00bbrepeat\u00bb width=\u00bb100%\u00bb width_tablet=\u00bb100%\u00bb width_phone=\u00bb\u00bb width_last_edited=\u00bbon|desktop\u00bb max_width=\u00bb100%\u00bb max_width_tablet=\u00bb100%\u00bb max_width_phone=\u00bb\u00bb max_width_last_edited=\u00bbon|desktop\u00bb min_height=\u00bb1081.7px\u00bb custom_margin=\u00bb-56px|auto|-64px|auto||\u00bb custom_padding=\u00bb0px|0px|0px|0px||\u00bb make_fullwidth=\u00bbon\u00bb global_colors_info=\u00bb{}\u00bb][et_pb_column type=\u00bb1_2&#8243; _builder_version=\u00bb4.16&#8243; custom_padding=\u00bb|||\u00bb global_colors_info=\u00bb{}\u00bb custom_padding__hover=\u00bb|||\u00bb][et_pb_image src=\u00bbhttps:\/\/www.fedecaces.com\/site\/wp-content\/uploads\/2024\/11\/remesas.jpeg\u00bb title_text=\u00bbremesas\u00bb _builder_version=\u00bb4.18.0&#8243; _module_preset=\u00bbdefault\u00bb width=\u00bb81%\u00bb min_height=\u00bb386px\u00bb custom_margin=\u00bb||-7px|||\u00bb custom_padding=\u00bb||0px|||\u00bb global_colors_info=\u00bb{}\u00bb][\/et_pb_image][\/et_pb_column][et_pb_column type=\u00bb1_2&#8243; _builder_version=\u00bb4.16&#8243; custom_padding=\u00bb100px|50px|50px|50px\u00bb global_colors_info=\u00bb{}\u00bb custom_padding__hover=\u00bb|||\u00bb][et_pb_text admin_label=\u00bbTexto\u00bb _builder_version=\u00bb4.18.0&#8243; text_font_size=\u00bb18&#8243; header_text_color=\u00bb#f2d331&#8243; header_font_size=\u00bb38&#8243; background_size=\u00bbinitial\u00bb background_position=\u00bbtop_left\u00bb background_repeat=\u00bbrepeat\u00bb transform_scale=\u00bb101%|101%\u00bb transform_translate=\u00bb0px|94px\u00bb custom_margin=\u00bb-62px|||||\u00bb custom_padding=\u00bb|||0px||\u00bb use_border_color=\u00bboff\u00bb border_style=\u00bbsolid\u00bb global_colors_info=\u00bb{}\u00bb]\n<h1><strong>REMESAS<\/strong> FAMILIARES<\/h1>\n<p><i>Obt\u00e9n el dinero que te mandan a tiempo y cuando lo necesites.\u00a0<\/i><\/p>\n<p class=\"MsoNormal\" style=\"margin-bottom: 0.0001pt; line-height: normal; text-align: justify;\"><span lang=\"ES-SV\" style=\"font-size: 12.0pt; font-family: 'Garamond','serif'; mso-bidi-font-family: 'Times New Roman'; color: black; mso-ansi-language: ES-SV;\"><o:p>\u00a0<\/o:p><\/span><span style=\"color: black; font-size: 12pt; text-align: justify;\">Es el servicio de transferencia de dinero en concepto de env\u00edos realizados por familiares o personas naturales desde diferentes partes del mundo, o el env\u00edo de dinero hacia estos destinos desde El Salvador. La Red de Cooperativas FEDECACES cuenta con una amplia gama de Empresas Tramitadoras de Dinero.<\/span><\/p>\n<p class=\"MsoNormal\" style=\"margin-bottom: 0.0001pt; line-height: normal; text-align: justify;\">Pide ya a tus familiares en el exterior que env\u00eden tu remesa en cualquiera de nuestras 145 agencias en todo el pa\u00eds, recibir\u00e1s tu remesa r\u00e1pido, seguro y con la amabilidad y calidez humana que tanto nos identifica.<\/p>\n<p class=\"MsoNormal\" style=\"margin-bottom: .0001pt; text-align: justify; line-height: normal;\"><span style=\"font-size: large;\"><b><span lang=\"ES-SV\" style=\"color: black;\">REQUISITOS PARA EL RETIRO Y ENV\u00cdO DE REMESAS<\/span><\/b><\/span><\/p>\n<p class=\"MsoNormal\" style=\"margin-bottom: .0001pt; text-align: justify; line-height: normal;\"><span lang=\"ES-SV\" style=\"font-size: 12.0pt; mso-ascii-font-family: Calibri; mso-hansi-font-family: Calibri; mso-bidi-font-family: Calibri; color: black; mso-ansi-language: ES-SV;\">1. Presentar DUI vigente y en buen estado<o:p><\/o:p><\/span><\/p>\n<p class=\"MsoNormal\" style=\"margin-bottom: .0001pt; text-align: justify; line-height: normal;\"><span lang=\"ES-SV\" style=\"font-size: 12.0pt; mso-ascii-font-family: Calibri; mso-hansi-font-family: Calibri; mso-bidi-font-family: Calibri; color: black; mso-ansi-language: ES-SV;\">2.\u00a0Numero de clave cuando cobres tus remesas.\u00a0<\/span><\/p>\n<p>&nbsp;<\/p>\n[\/et_pb_text][\/et_pb_column][\/et_pb_row][\/et_pb_section]\n","protected":false},"excerpt":{"rendered":"<p>REMESAS FAMILIARES Obt\u00e9n el dinero que te mandan a tiempo y cuando lo necesites.\u00a0 \u00a0Es el servicio de transferencia de dinero en concepto de env\u00edos realizados por familiares o personas naturales desde diferentes partes del mundo, o el env\u00edo de dinero hacia estos destinos desde El Salvador. La Red de Cooperativas FEDECACES cuenta con una [&hellip;]<\/p>\n","protected":false},"author":1,"featured_media":0,"parent":77,"menu_order":3,"comment_status":"closed","ping_status":"closed","template":"","meta":{"_et_pb_use_builder":"on","_et_pb_old_content":"","_et_gb_content_width":"","footnotes":""},"class_list":["post-85","page","type-page","status-publish","hentry"],"_links":{"self":[{"href":"https:\/\/www.fedecaces.com\/site\/wp-json\/wp\/v2\/pages\/85","targetHints":{"allow":["GET"]}}],"collection":[{"href":"https:\/\/www.fedecaces.com\/site\/wp-json\/wp\/v2\/pages"}],"about":[{"href":"https:\/\/www.fedecaces.com\/site\/wp-json\/wp\/v2\/types\/page"}],"author":[{"embeddable":true,"href":"https:\/\/www.fedecaces.com\/site\/wp-json\/wp\/v2\/users\/1"}],"replies":[{"embeddable":true,"href":"https:\/\/www.fedecaces.com\/site\/wp-json\/wp\/v2\/comments?post=85"}],"version-history":[{"count":20,"href":"https:\/\/www.fedecaces.com\/site\/wp-json\/wp\/v2\/pages\/85\/revisions"}],"predecessor-version":[{"id":3674,"href":"https:\/\/www.fedecaces.com\/site\/wp-json\/wp\/v2\/pages\/85\/revisions\/3674"}],"up":[{"embeddable":true,"href":"https:\/\/www.fedecaces.com\/site\/wp-json\/wp\/v2\/pages\/77"}],"wp:attachment":[{"href":"https:\/\/www.fedecaces.com\/site\/wp-json\/wp\/v2\/media?parent=85"}],"curies":[{"name":"wp","href":"https:\/\/api.w.org\/{rel}","templated":true}]}}