{"id":88,"date":"2016-10-19T01:38:00","date_gmt":"2016-10-19T07:38:00","guid":{"rendered":"http:\/\/www.fedecaces.com\/site\/servicios\/servicios-corporativos\/caja-central\/"},"modified":"2019-11-25T10:28:35","modified_gmt":"2019-11-25T16:28:35","slug":"caja-central","status":"publish","type":"page","link":"https:\/\/www.fedecaces.com\/site\/servicios\/servicios-corporativos\/caja-central\/","title":{"rendered":"Caja Central"},"content":{"rendered":"[et_pb_section fb_built=\u00bb1&#8243; custom_padding_last_edited=\u00bbon|desktop\u00bb admin_label=\u00bbsection\u00bb _builder_version=\u00bb3.22&#8243; custom_padding_tablet=\u00bb50px|0|50px|0&#8243; transparent_background=\u00bboff\u00bb padding_mobile=\u00bboff\u00bb][et_pb_row padding_mobile=\u00bboff\u00bb column_padding_mobile=\u00bbon\u00bb admin_label=\u00bbrow\u00bb _builder_version=\u00bb3.22&#8243; background_size=\u00bbinitial\u00bb background_position=\u00bbtop_left\u00bb background_repeat=\u00bbrepeat\u00bb][et_pb_column type=\u00bb1_4&#8243; _builder_version=\u00bb3.0.47&#8243;][et_pb_image src=\u00bbhttp:\/\/www.fedecaces.com\/site\/wp-content\/uploads\/2016\/10\/REFERENCIA-01LargeWinCELarge.jpg\u00bb alt=\u00bbCaja Central FEDECACES\u00bb title_text=\u00bbCaja Central FEDECACES\u00bb align=\u00bbcenter\u00bb admin_label=\u00bbImagen\u00bb _builder_version=\u00bb3.0.87&#8243; animation_style=\u00bbslide\u00bb animation_direction=\u00bbleft\u00bb animation_duration=\u00bb500ms\u00bb animation_intensity_slide=\u00bb10%\u00bb sticky=\u00bboff\u00bb use_border_color=\u00bboff\u00bb border_color=\u00bb#ffffff\u00bb border_width=\u00bb1px\u00bb border_style=\u00bbsolid\u00bb] [\/et_pb_image][\/et_pb_column][et_pb_column type=\u00bb3_4&#8243; _builder_version=\u00bb3.0.47&#8243;][et_pb_text admin_label=\u00bbTexto\u00bb _builder_version=\u00bb3.0.87&#8243; background_size=\u00bbinitial\u00bb background_position=\u00bbtop_left\u00bb background_repeat=\u00bbrepeat\u00bb use_border_color=\u00bboff\u00bb border_style=\u00bbsolid\u00bb]\n<h1>FEDECACES<\/h1>\n<p style=\"text-align: justify;\">FEDECACES, que provee servicios de apoyo a la liquidez en su Caja Central, intermediaci\u00f3n financiera con cr\u00e9ditos y ahorros, facilita las transferencias de remesas, Supervisi\u00f3n de autorregulaci\u00f3n, soporte t\u00e9cnico inform\u00e1tico; a las 31 cooperativas, articulando sus 116 puntos de servicio a nivel nacional, a trav\u00e9s de RedActiva<\/p>\n[\/et_pb_text][et_pb_tabs admin_label=\u00bbPesta\u00f1as\u00bb _builder_version=\u00bb3.0.87&#8243; background_size=\u00bbinitial\u00bb background_position=\u00bbtop_left\u00bb background_repeat=\u00bbrepeat\u00bb use_border_color=\u00bboff\u00bb border_color=\u00bb#ffffff\u00bb border_width=\u00bb1px\u00bb border_style=\u00bbsolid\u00bb][et_pb_tab title=\u00bbAhorro e Inversi\u00f3n\u00bb _builder_version=\u00bb3.0.47&#8243; tab_font=\u00bb||||\u00bb tab_line_height=\u00bb2em\u00bb tab_line_height_tablet=\u00bb2em\u00bb tab_line_height_phone=\u00bb2em\u00bb body_font=\u00bb||||\u00bb body_line_height=\u00bb2em\u00bb body_line_height_tablet=\u00bb2em\u00bb body_line_height_phone=\u00bb2em\u00bb background_size=\u00bbinitial\u00bb background_position=\u00bbtop_left\u00bb background_repeat=\u00bbrepeat\u00bb]\n<p style=\"text-align: justify;\">Es el instrumento de especializaci\u00f3n financiera en la administraci\u00f3n de la liquidez y apoyo en el uso \u00f3ptimo de las disponibilidades de las cooperativas afiliadas al Sistema Cooperativo Financiero FEDECACES.<\/p>\n<p style=\"text-align: justify;\">Para el manejo de la liquidez del Sistema Cooperativo, Caja Central aplica los criterios de seguridad, liquidez y rendimiento, lo que nos permite ofrecer el soporte institucional a los requerimientos de un marco regulatorio que nos posicione como un Sistema eficiente y solvente, con servicios fundamentados en la aplicaci\u00f3n de los valores de honestidad, transparencia y solidaridad, contribuyendo as\u00ed a la integraci\u00f3n econ\u00f3mica de los miembros del Sistema Cooperativo Financiero.<\/p>\n<p style=\"text-align: justify;\">A trav\u00e9s de las cuentas de Ahorro, ofrecida exclusivamente a Cooperativas Afiliadas<\/p>\n<ul>\n<li style=\"text-align: justify;\">Corporativa.<\/li>\n<li style=\"text-align: justify;\">Rentable Federada.<\/li>\n<li style=\"text-align: justify;\">Sistema RedActiva.<\/li>\n<li style=\"text-align: justify;\">Transferencias.<\/li>\n<li style=\"text-align: justify;\">Dep\u00f3sitos a Plazo Fijo.<\/li>\n<\/ul>\n[\/et_pb_tab][et_pb_tab title=\u00bbCr\u00e9ditos\u00bb _builder_version=\u00bb3.0.47&#8243; tab_font=\u00bb||||\u00bb tab_line_height=\u00bb2em\u00bb tab_line_height_tablet=\u00bb2em\u00bb tab_line_height_phone=\u00bb2em\u00bb body_font=\u00bb||||\u00bb body_line_height=\u00bb2em\u00bb body_line_height_tablet=\u00bb2em\u00bb body_line_height_phone=\u00bb2em\u00bb background_size=\u00bbinitial\u00bb background_position=\u00bbtop_left\u00bb background_repeat=\u00bbrepeat\u00bb]\n<p style=\"text-align: justify;\">Nuestra funci\u00f3n principal es proveer recursos financieros a las cooperativas afiliadas, cooperativas no afiliadas y otras instituciones afines. Con el fin de impulsar su crecimientos en las diversas actividades y servicios que cada una desarrolla.<\/p>\n<h3>L\u00edneas de Cr\u00e9ditos<\/h3>\n\n<table id=\"tablepress-1\" class=\"tablepress tablepress-id-1\">\n<thead>\n<tr class=\"row-1\">\n\t<th class=\"column-1\">L\u00ednea de Cr\u00e9ditos<\/th><th class=\"column-2\">Beneficios<\/th>\n<\/tr>\n<\/thead>\n<tbody class=\"row-striping row-hover\">\n<tr class=\"row-2\">\n\t<td class=\"column-1\">Encaje Cooperativo<\/td><td class=\"column-2\">Fondos de manera inmediata<br \/>\nContar con fondos para devolver oportunamente los ahorros a sus depositantes.<\/td>\n<\/tr>\n<tr class=\"row-3\">\n\t<td class=\"column-1\">Cr\u00e9dito Imagen<\/td><td class=\"column-2\">Remodelaci\u00f3n de sus oficinas<br \/>\nCampa\u00f1a de imagen institucional<br \/>\nCompra de bienes muebles<\/td>\n<\/tr>\n<tr class=\"row-4\">\n\t<td class=\"column-1\">Desarrollo Institucional<\/td><td class=\"column-2\">Compra de inmueble para el funcionamiento de sus oficinas<br \/>\nAdquisici\u00f3n de automotores de uso institucional<\/td>\n<\/tr>\n<tr class=\"row-5\">\n\t<td class=\"column-1\">Expansi\u00f3n de Nuevos Puntos de Servicio<\/td><td class=\"column-2\">Expansi\u00f3n y desarrollo de los servicios financieros de la cooperativa.<br \/>\nFinanciamiento para el equipamiento y adecuaci\u00f3n de la infraestructura<\/td>\n<\/tr>\n<tr class=\"row-6\">\n\t<td class=\"column-1\">Modernizaci\u00f3n Tecnol\u00f3gica<\/td><td class=\"column-2\">Agilizar las operaciones de los servicios financieros.<br \/>\nActualizaci\u00f3n de los sistemas tecnol\u00f3gicos<\/td>\n<\/tr>\n<tr class=\"row-7\">\n\t<td class=\"column-1\">Soluciones Econ\u00f3micas<\/td><td class=\"column-2\">Incrementar volumen de operaciones de la Cooperativa a trav\u00e9s del cr\u00e9dito externo.<br \/>\nOfrecer a los asociados montos y plazos que le permitan cubrir sus necesidades financieras<\/td>\n<\/tr>\n<tr class=\"row-8\">\n\t<td class=\"column-1\">Cr\u00e9dito Emprender<\/td><td class=\"column-2\">Incrementar el volumen de operaciones de la Cooperativa en destino de desarrollo e inversi\u00f3n<br \/>\nFinanciar vivienda productiva a los asociados MYPIMES<\/td>\n<\/tr>\n<tr class=\"row-9\">\n\t<td class=\"column-1\">Adquisici\u00f3n y Mejoras de Vivienda<\/td><td class=\"column-2\">Acceso a financiamiento a argo plazo.<br \/>\nGenerar una cartera estable a largo plazo.<br \/>\nProveer al asociado soluciones habitacionales<\/td>\n<\/tr>\n<tr class=\"row-10\">\n\t<td class=\"column-1\">L\u00ednea Estudiante<\/td><td class=\"column-2\">Apoyar el desarrollo educativo de los asociados y su familia<br \/>\nPeriodo de gracias para el pago de la inversi\u00f3n<\/td>\n<\/tr>\n<tr class=\"row-11\">\n\t<td class=\"column-1\">Garant\u00eda de Dep\u00f3sitos<\/td><td class=\"column-2\">Recursos inmediatos<br \/>\nPago al vencimiento<\/td>\n<\/tr>\n<\/tbody>\n<\/table>\n<!-- #tablepress-1 from cache -->\n[\/et_pb_tab][et_pb_tab title=\u00bbSoporte T\u00e9cnico\u00bb _builder_version=\u00bb3.0.47&#8243; tab_font=\u00bb||||\u00bb tab_line_height=\u00bb2em\u00bb tab_line_height_tablet=\u00bb2em\u00bb tab_line_height_phone=\u00bb2em\u00bb body_font=\u00bb||||\u00bb body_line_height=\u00bb2em\u00bb body_line_height_tablet=\u00bb2em\u00bb body_line_height_phone=\u00bb2em\u00bb background_size=\u00bbinitial\u00bb background_position=\u00bbtop_left\u00bb background_repeat=\u00bbrepeat\u00bb]\n<ul>\n<li>Supervisi\u00f3n<\/li>\n<li>Tecnolog\u00eda e Inform\u00e1tica<\/li>\n<li>Servicios de Mercadeo<\/li>\n<li>Servicios de Capacitaci\u00f3n<\/li>\n<\/ul>\n<p>FEDECACES, a nivel Corporativo, ha establecido una estructura institucional de servicios a favor de las Cooperativas y en consecuencia para sus usuarios y asociados.<\/p>\n[\/et_pb_tab][et_pb_tab title=\u00bbCentro de Capacitaciones\u00bb _builder_version=\u00bb3.0.47&#8243; tab_font=\u00bb||||\u00bb tab_line_height=\u00bb2em\u00bb tab_line_height_tablet=\u00bb2em\u00bb tab_line_height_phone=\u00bb2em\u00bb body_font=\u00bb||||\u00bb body_line_height=\u00bb2em\u00bb body_line_height_tablet=\u00bb2em\u00bb body_line_height_phone=\u00bb2em\u00bb background_size=\u00bbinitial\u00bb background_position=\u00bbtop_left\u00bb background_repeat=\u00bbrepeat\u00bb]<a href=\"http:\/\/www.fedecaces.com\/site\/wp-content\/uploads\/2016\/10\/cc01.jpg\"><img decoding=\"async\" class=\"aligncenter size-full wp-image-247 lazyload\" data-src=\"http:\/\/www.fedecaces.com\/site\/wp-content\/uploads\/2016\/10\/cc01.jpg\" alt=\"\" width=\"740\" height=\"631\" data-srcset=\"https:\/\/www.fedecaces.com\/site\/wp-content\/uploads\/2016\/10\/cc01.jpg 740w, https:\/\/www.fedecaces.com\/site\/wp-content\/uploads\/2016\/10\/cc01-300x256.jpg 300w\" data-sizes=\"(max-width: 740px) 100vw, 740px\" src=\"data:image\/svg+xml;base64,PHN2ZyB3aWR0aD0iMSIgaGVpZ2h0PSIxIiB4bWxucz0iaHR0cDovL3d3dy53My5vcmcvMjAwMC9zdmciPjwvc3ZnPg==\" style=\"--smush-placeholder-width: 740px; --smush-placeholder-aspect-ratio: 740\/631;\" \/><\/a><br \/>\n[\/et_pb_tab][\/et_pb_tabs][\/et_pb_column][\/et_pb_row][\/et_pb_section]\n","protected":false},"excerpt":{"rendered":"<p>FEDECACES FEDECACES, que provee servicios de apoyo a la liquidez en su Caja Central, intermediaci\u00f3n financiera con cr\u00e9ditos y ahorros, facilita las transferencias de remesas, Supervisi\u00f3n de autorregulaci\u00f3n, soporte t\u00e9cnico inform\u00e1tico; a las 31 cooperativas, articulando sus 116 puntos de servicio a nivel nacional, a trav\u00e9s de RedActivaEs el instrumento de especializaci\u00f3n financiera en la [&hellip;]<\/p>\n","protected":false},"author":1,"featured_media":237,"parent":87,"menu_order":14,"comment_status":"closed","ping_status":"closed","template":"","meta":{"_et_pb_use_builder":"on","_et_pb_old_content":"","_et_gb_content_width":"","footnotes":""},"class_list":["post-88","page","type-page","status-publish","has-post-thumbnail","hentry"],"_links":{"self":[{"href":"https:\/\/www.fedecaces.com\/site\/wp-json\/wp\/v2\/pages\/88","targetHints":{"allow":["GET"]}}],"collection":[{"href":"https:\/\/www.fedecaces.com\/site\/wp-json\/wp\/v2\/pages"}],"about":[{"href":"https:\/\/www.fedecaces.com\/site\/wp-json\/wp\/v2\/types\/page"}],"author":[{"embeddable":true,"href":"https:\/\/www.fedecaces.com\/site\/wp-json\/wp\/v2\/users\/1"}],"replies":[{"embeddable":true,"href":"https:\/\/www.fedecaces.com\/site\/wp-json\/wp\/v2\/comments?post=88"}],"version-history":[{"count":11,"href":"https:\/\/www.fedecaces.com\/site\/wp-json\/wp\/v2\/pages\/88\/revisions"}],"predecessor-version":[{"id":2390,"href":"https:\/\/www.fedecaces.com\/site\/wp-json\/wp\/v2\/pages\/88\/revisions\/2390"}],"up":[{"embeddable":true,"href":"https:\/\/www.fedecaces.com\/site\/wp-json\/wp\/v2\/pages\/87"}],"wp:featuredmedia":[{"embeddable":true,"href":"https:\/\/www.fedecaces.com\/site\/wp-json\/wp\/v2\/media\/237"}],"wp:attachment":[{"href":"https:\/\/www.fedecaces.com\/site\/wp-json\/wp\/v2\/media?parent=88"}],"curies":[{"name":"wp","href":"https:\/\/api.w.org\/{rel}","templated":true}]}}