{"id":91,"date":"2016-10-19T01:38:00","date_gmt":"2016-10-19T07:38:00","guid":{"rendered":"http:\/\/www.fedecaces.com\/site\/servicios\/servicios-corporativos\/seguros-futuro\/"},"modified":"2024-09-03T14:58:11","modified_gmt":"2024-09-03T20:58:11","slug":"seguros-futuro","status":"publish","type":"page","link":"https:\/\/www.fedecaces.com\/site\/servicios\/servicios-corporativos\/seguros-futuro\/","title":{"rendered":"Seguros Futuro"},"content":{"rendered":"[et_pb_section fb_built=\u00bb1&#8243; custom_padding_last_edited=\u00bbon|desktop\u00bb admin_label=\u00bbsection\u00bb _builder_version=\u00bb4.16&#8243; custom_padding=\u00bb0px|0px|0px|0px\u00bb custom_padding_tablet=\u00bb50px|0|50px|0&#8243; transparent_background=\u00bboff\u00bb padding_mobile=\u00bboff\u00bb make_fullwidth=\u00bboff\u00bb use_custom_width=\u00bboff\u00bb width_unit=\u00bboff\u00bb custom_width_px=\u00bb1080px\u00bb custom_width_percent=\u00bb80%\u00bb global_colors_info=\u00bb{}\u00bb custom_padding_phone=\u00bb50px|0|50px|0&#8243;][et_pb_row padding_mobile=\u00bboff\u00bb column_padding_mobile=\u00bbon\u00bb admin_label=\u00bbrow\u00bb _builder_version=\u00bb4.16&#8243; background_size=\u00bbinitial\u00bb background_position=\u00bbtop_left\u00bb background_repeat=\u00bbrepeat\u00bb make_fullwidth=\u00bboff\u00bb use_custom_width=\u00bboff\u00bb width_unit=\u00bboff\u00bb custom_width_px=\u00bb1080px\u00bb custom_width_percent=\u00bb80%\u00bb global_colors_info=\u00bb{}\u00bb column_structure=\u00bb1_4,3_4&#8243;][et_pb_column type=\u00bb1_4&#8243; _builder_version=\u00bb4.16&#8243; custom_padding=\u00bb|||\u00bb global_colors_info=\u00bb{}\u00bb custom_padding__hover=\u00bb|||\u00bb][et_pb_image src=\u00bbhttps:\/\/www.fedecaces.com\/site\/wp-content\/uploads\/2017\/02\/Seguros-Futuro.jpg\u00bb alt=\u00bbSeguros Futuro\u00bb title_text=\u00bbSeguros Futuro\u00bb align_tablet=\u00bbcenter\u00bb align_last_edited=\u00bbon|desktop\u00bb admin_label=\u00bbImagen\u00bb _builder_version=\u00bb4.16&#8243; animation_style=\u00bbslide\u00bb animation_direction=\u00bbleft\u00bb animation_duration=\u00bb500ms\u00bb animation_intensity_slide=\u00bb10%\u00bb sticky=\u00bboff\u00bb use_border_color=\u00bboff\u00bb border_color=\u00bb#ffffff\u00bb border_width=\u00bb1px\u00bb border_style=\u00bbsolid\u00bb always_center_on_mobile=\u00bbon\u00bb global_colors_info=\u00bb{}\u00bb align_phone=\u00bbcenter\u00bb] [\/et_pb_image][\/et_pb_column][et_pb_column type=\u00bb3_4&#8243; _builder_version=\u00bb4.16&#8243; custom_padding=\u00bb|||\u00bb global_colors_info=\u00bb{}\u00bb custom_padding__hover=\u00bb|||\u00bb][et_pb_text admin_label=\u00bbTexto\u00bb _builder_version=\u00bb4.16&#8243; background_size=\u00bbinitial\u00bb background_position=\u00bbtop_left\u00bb background_repeat=\u00bbrepeat\u00bb use_border_color=\u00bboff\u00bb border_style=\u00bbsolid\u00bb global_colors_info=\u00bb{}\u00bb]\n<h1>SEGUROS FUTURO<\/h1>\n<p style=\"text-align: justify;\">Seguros Futuro es una cooperativa de seguros, &uacute;nica en el rubro de seguros de El Salvador, que opera bajo la supervisi&oacute;n de la Superintendencia del Sistema Financiero (SSF) y es regulada por el Instituto Salvadore&ntilde;o de Fomento Cooperativo (INSAFOCOOP).<\/p>\n<p style=\"text-align: justify;\">Seguros Futuro, desde hace m&aacute;s de 20 a&ntilde;os se ha especializado en brindar microseguros a la poblaci&oacute;n salvadore&ntilde;a, y ha establecido negocios en asocio con Cooperativas, Banco de Fomento Agropecuario, Microfinancieras, etc. brindando mayor cobertura a la poblaci&oacute;n salvadore&ntilde;a.&nbsp; Opera los ramos de SEGUROS DE VIDA, DA&Ntilde;OS Y FIANZAS.<\/p>\n<p style=\"text-align: justify;\">FEDECACES cuenta con m&aacute;s de 50 a&ntilde;os de servicio y al inicio de sus operaciones hab&iacute;an diversas &aacute;reas, entre ellas la de seguros, que brindaba una limitada protecci&oacute;n a las cooperativas que eran parte de la Federaci&oacute;n; pero fue a partir de la necesidad de proteger la vida, los bienes de las personas y de conocer las experiencias de otras entidades internacionales, que se permiti&oacute; conocer modelos de cooperativas de seguros y ampliar operaciones. Luego de conocer iniciativas de otros pa&iacute;ses, la direcci&oacute;n, el consejo de administraci&oacute;n y el gerente general acordaron crear su propio modelo de seguros. Esta propuesta, luego de ser sometida a todo el proceso de constituci&oacute;n y autorizaci&oacute;n, inici&oacute; operaciones finalmente en 1996, con toda la estructura requerida para brindar esos servicios. Originalmente se atend&iacute;a solamente al mercado cooperativo, pero para generar un mayor crecimiento y para garantizar una mayor cobertura se abrieron otros segmentos en el mercado, manteniendo bajo ese crecimiento el enfoque cooperativista, que es el de llegar a una mayor poblaci&oacute;n que necesita una protecci&oacute;n accesible.<\/p>\n<p style=\"text-align: justify;\">&ldquo;Nuestra misi&oacute;n est&aacute; orientada a proteger a la mayor cantidad de la poblaci&oacute;n salvadore&ntilde;a con seguros accesibles y con responsabilidad social, eso significa que Seguros Futuro est&aacute; comprometida que si hay un reclamo por siniestro, pues procede a honrar esos pagos; buscamos resolverle a la gente porque los seguros son para la gente que los necesita.&rdquo;<\/p>\n<p style=\"text-align: justify;\">Seguros Futuro, desde su &aacute;rea de Responsabilidad Social Empresarial (RSE), tambi&eacute;n fomenta el conocimiento e importancia de las cooperativas. Para eso, cada a&ntilde;o crea un certamen de oratoria donde participan ni&ntilde;os, ni&ntilde;as y j&oacute;venes de todo el pa&iacute;s, concursando en tres categor&iacute;as y respaldado por el MINED, un evento donde ellos tienen la oportunidad de participar a escala internacional y los ni&ntilde;os y j&oacute;venes conocen el modelo cooperativo; van a las cooperativas, ven los servicios, a sus usuarios, reconocen la importancia de los seguros y preparan sus discursos, con la esperanza de que estos j&oacute;venes luego se conviertan en seguidores de nuestro modelo cooperativo, por eso es uno de los programas m&aacute;s importantes que se fomenta en Seguros Futuro.<\/p>\n[\/et_pb_text][\/et_pb_column][\/et_pb_row][\/et_pb_section][et_pb_section fb_built=\u00bb1&#8243; custom_padding_last_edited=\u00bbon|desktop\u00bb admin_label=\u00bbSecci\u00f3n\u00bb _builder_version=\u00bb4.16&#8243; background_color=\u00bb#333333&#8243; custom_padding=\u00bb0px|0px|0px|0px\u00bb custom_padding_tablet=\u00bb50px|0|50px|0&#8243; transparent_background=\u00bboff\u00bb padding_mobile=\u00bboff\u00bb make_fullwidth=\u00bboff\u00bb use_custom_width=\u00bboff\u00bb width_unit=\u00bbon\u00bb custom_width_px=\u00bb1080px\u00bb custom_width_percent=\u00bb80%\u00bb global_colors_info=\u00bb{}\u00bb custom_padding_phone=\u00bb50px|0|50px|0&#8243;][et_pb_row padding_mobile=\u00bboff\u00bb column_padding_mobile=\u00bbon\u00bb admin_label=\u00bbFila\u00bb _builder_version=\u00bb4.16&#8243; background_size=\u00bbinitial\u00bb background_position=\u00bbtop_left\u00bb background_repeat=\u00bbrepeat\u00bb make_fullwidth=\u00bboff\u00bb use_custom_width=\u00bboff\u00bb width_unit=\u00bboff\u00bb custom_width_px=\u00bb1080px\u00bb custom_width_percent=\u00bb80%\u00bb global_colors_info=\u00bb{}\u00bb][et_pb_column type=\u00bb4_4&#8243; _builder_version=\u00bb4.16&#8243; custom_padding=\u00bb|||\u00bb global_colors_info=\u00bb{}\u00bb custom_padding__hover=\u00bb|||\u00bb][et_pb_text admin_label=\u00bbIdentidad\u00bb _builder_version=\u00bb4.16&#8243; background_size=\u00bbinitial\u00bb background_position=\u00bbtop_left\u00bb background_repeat=\u00bbrepeat\u00bb text_orientation=\u00bbcenter\u00bb background_layout=\u00bbdark\u00bb module_alignment=\u00bbcenter\u00bb use_border_color=\u00bboff\u00bb border_style=\u00bbsolid\u00bb global_colors_info=\u00bb{}\u00bb]\n<h1>Identidad<\/h1>\n<p>\u201cSomos una aseguradora de naturaleza Cooperativa, propiedad del Sistema Cooperativo, que contribuye a la protecci\u00f3n de los salvadore\u00f1os\u201d.<\/p>\n[\/et_pb_text][\/et_pb_column][\/et_pb_row][\/et_pb_section][et_pb_section fb_built=\u00bb1&#8243; custom_padding_last_edited=\u00bbon|desktop\u00bb admin_label=\u00bbSecci\u00f3n\u00bb _builder_version=\u00bb4.16&#8243; background_color=\u00bb#006055&#8243; custom_padding=\u00bb0px|0px|0px|0px\u00bb custom_padding_tablet=\u00bb50px|0|50px|0&#8243; transparent_background=\u00bboff\u00bb padding_mobile=\u00bboff\u00bb make_fullwidth=\u00bboff\u00bb use_custom_width=\u00bboff\u00bb width_unit=\u00bbon\u00bb custom_width_px=\u00bb1080px\u00bb custom_width_percent=\u00bb80%\u00bb global_colors_info=\u00bb{}\u00bb custom_padding_phone=\u00bb50px|0|50px|0&#8243;][et_pb_row padding_mobile=\u00bboff\u00bb column_padding_mobile=\u00bbon\u00bb admin_label=\u00bbFila\u00bb _builder_version=\u00bb4.16&#8243; background_size=\u00bbinitial\u00bb background_position=\u00bbtop_left\u00bb background_repeat=\u00bbrepeat\u00bb make_fullwidth=\u00bboff\u00bb use_custom_width=\u00bboff\u00bb width_unit=\u00bboff\u00bb custom_width_px=\u00bb1080px\u00bb custom_width_percent=\u00bb80%\u00bb global_colors_info=\u00bb{}\u00bb column_structure=\u00bb1_2,1_2&#8243;][et_pb_column type=\u00bb1_2&#8243; _builder_version=\u00bb4.16&#8243; custom_padding=\u00bb|||\u00bb global_colors_info=\u00bb{}\u00bb custom_padding__hover=\u00bb|||\u00bb][et_pb_text admin_label=\u00bbMisi\u00f3n\u00bb _builder_version=\u00bb4.16&#8243; background_size=\u00bbinitial\u00bb background_position=\u00bbtop_left\u00bb background_repeat=\u00bbrepeat\u00bb background_layout=\u00bbdark\u00bb use_border_color=\u00bboff\u00bb border_style=\u00bbsolid\u00bb global_colors_info=\u00bb{}\u00bb]\n<h1>Misi\u00f3n<\/h1>\n<p>\u201cSomos la \u00danica Aseguradora cooperativa, comprometida con una mayor protecci\u00f3n familiar y patrimonial, a trav\u00e9s de seguros \u00e9ticos, accesibles y con responsabilidad social\u201d<\/p>\n[\/et_pb_text][\/et_pb_column][et_pb_column type=\u00bb1_2&#8243; _builder_version=\u00bb4.16&#8243; custom_padding=\u00bb|||\u00bb global_colors_info=\u00bb{}\u00bb custom_padding__hover=\u00bb|||\u00bb][et_pb_text admin_label=\u00bbVisi\u00f3n\u00bb _builder_version=\u00bb4.16&#8243; background_size=\u00bbinitial\u00bb background_position=\u00bbtop_left\u00bb background_repeat=\u00bbrepeat\u00bb background_layout=\u00bbdark\u00bb use_border_color=\u00bboff\u00bb border_style=\u00bbsolid\u00bb global_colors_info=\u00bb{}\u00bb]\n<h1>Visi\u00f3n<\/h1>\n<p>\u201cSer de las diez principales Aseguradoras que brinde protecci\u00f3n al mayor n\u00famero personas en el pa\u00eds, promoviendo el desarrollo social y de previsi\u00f3n, caracterizada por su talento humano tecnificado en la excelencia del servicio\u201d<\/p>\n[\/et_pb_text][\/et_pb_column][\/et_pb_row][\/et_pb_section][et_pb_section fb_built=\u00bb1&#8243; custom_padding_last_edited=\u00bbon|desktop\u00bb admin_label=\u00bbSecci\u00f3n\u00bb _builder_version=\u00bb4.16&#8243; custom_padding=\u00bb0px|0px|0px|0px\u00bb custom_padding_tablet=\u00bb50px|0|50px|0&#8243; transparent_background=\u00bboff\u00bb padding_mobile=\u00bboff\u00bb make_fullwidth=\u00bboff\u00bb use_custom_width=\u00bboff\u00bb width_unit=\u00bboff\u00bb custom_width_px=\u00bb1080px\u00bb custom_width_percent=\u00bb80%\u00bb global_colors_info=\u00bb{}\u00bb custom_padding_phone=\u00bb50px|0|50px|0&#8243;][et_pb_row padding_mobile=\u00bboff\u00bb column_padding_mobile=\u00bbon\u00bb admin_label=\u00bbFila\u00bb _builder_version=\u00bb4.16&#8243; background_size=\u00bbinitial\u00bb background_position=\u00bbtop_left\u00bb background_repeat=\u00bbrepeat\u00bb make_fullwidth=\u00bboff\u00bb use_custom_width=\u00bboff\u00bb width_unit=\u00bboff\u00bb custom_width_px=\u00bb1080px\u00bb custom_width_percent=\u00bb80%\u00bb global_colors_info=\u00bb{}\u00bb][et_pb_column type=\u00bb4_4&#8243; _builder_version=\u00bb4.16&#8243; custom_padding=\u00bb|||\u00bb global_colors_info=\u00bb{}\u00bb custom_padding__hover=\u00bb|||\u00bb][et_pb_text admin_label=\u00bbTexto\u00bb _builder_version=\u00bb4.16&#8243; background_size=\u00bbinitial\u00bb background_position=\u00bbtop_left\u00bb background_repeat=\u00bbrepeat\u00bb use_border_color=\u00bboff\u00bb border_style=\u00bbsolid\u00bb global_colors_info=\u00bb{}\u00bb]\n<h2>Pol\u00edtica de Calidad<\/h2>\n<div class=\"table-responsive\"><table  style=\"width:100%; \"  class=\"easy-table easy-table-default \" >\n<tbody>\r\n<tr><td ><strong>\u00abSolidaridad con proyecci\u00f3n Social\u00bb<\/td>\n<td >\u00bb<\/strong>Proporcionar servicios \u00e9ticos<\/td>\n<td > accesibles y eficientes\u00bb<\/td>\n<\/tr>\n\r\n<tr><td ><strong>\u00abCreatividad\u00bb<\/td>\n<td >\u00bb<\/strong>Innovar el desarrollo y la prestaci\u00f3n de los servicios\u00bb<\/td>\n<\/tr>\n\r\n<tr><td ><strong>\u00abIntegraci\u00f3n\u00bb<\/td>\n<td >\u00bb<\/strong>Impulsar la Identidad<\/td>\n<td > Visi\u00f3n y Unidad Cooperativa\u00bb<\/td>\n<\/tr>\n\r\n<tr><td ><strong>\u00abEmprendimiento\u00bb<\/td>\n<td >\u00bb<\/strong>Capital Humano Capacitado y comprometido con la calidad de los servicios\u00bb<\/td>\n<\/tr>\n\r\n<tr><td ><strong>\u00abProbidad\u00bb<\/td>\n<td >\u00bb<\/strong>Nuestro rol est\u00e1 fundamentado en la Integridad y Honradez cooperativista\u00bb<\/td>\n<\/tr>\n<\/tbody><\/table><\/div>\n[\/et_pb_text][et_pb_button button_url=\u00bbhttp:\/\/www.segurosfuturo.net\/\u00bb url_new_window=\u00bbon\u00bb button_text=\u00bbM\u00e1s informaci\u00f3n\u00bb button_alignment=\u00bbleft\u00bb admin_label=\u00bbBot\u00f3n\u00bb _builder_version=\u00bb4.18.0&#8243; hover_enabled=\u00bb0&#8243; button_letter_spacing_hover=\u00bb0&#8243; global_colors_info=\u00bb{}\u00bb button_text_size__hover_enabled=\u00bboff\u00bb button_one_text_size__hover_enabled=\u00bboff\u00bb button_two_text_size__hover_enabled=\u00bboff\u00bb button_text_color__hover_enabled=\u00bboff\u00bb button_one_text_color__hover_enabled=\u00bboff\u00bb button_two_text_color__hover_enabled=\u00bboff\u00bb button_border_width__hover_enabled=\u00bboff\u00bb button_one_border_width__hover_enabled=\u00bboff\u00bb button_two_border_width__hover_enabled=\u00bboff\u00bb button_border_color__hover_enabled=\u00bboff\u00bb button_one_border_color__hover_enabled=\u00bboff\u00bb button_two_border_color__hover_enabled=\u00bboff\u00bb button_border_radius__hover_enabled=\u00bboff\u00bb button_one_border_radius__hover_enabled=\u00bboff\u00bb button_two_border_radius__hover_enabled=\u00bboff\u00bb button_letter_spacing__hover_enabled=\u00bbon\u00bb button_letter_spacing__hover=\u00bb0&#8243; button_one_letter_spacing__hover_enabled=\u00bboff\u00bb button_two_letter_spacing__hover_enabled=\u00bboff\u00bb button_bg_color__hover_enabled=\u00bboff\u00bb button_one_bg_color__hover_enabled=\u00bboff\u00bb button_two_bg_color__hover_enabled=\u00bboff\u00bb sticky_enabled=\u00bb0&#8243;] [\/et_pb_button][\/et_pb_column][\/et_pb_row][\/et_pb_section]\n","protected":false},"excerpt":{"rendered":"<p>SEGUROS FUTURO Seguros Futuro es una cooperativa de seguros, &uacute;nica en el rubro de seguros de El Salvador, que opera bajo la supervisi&oacute;n de la Superintendencia del Sistema Financiero (SSF) y es regulada por el Instituto Salvadore&ntilde;o de Fomento Cooperativo (INSAFOCOOP). Seguros Futuro, desde hace m&aacute;s de 20 a&ntilde;os se ha especializado en brindar microseguros [&hellip;]<\/p>\n","protected":false},"author":1,"featured_media":0,"parent":87,"menu_order":17,"comment_status":"closed","ping_status":"closed","template":"","meta":{"_et_pb_use_builder":"on","_et_pb_old_content":"","_et_gb_content_width":"","footnotes":""},"class_list":["post-91","page","type-page","status-publish","hentry"],"_links":{"self":[{"href":"https:\/\/www.fedecaces.com\/site\/wp-json\/wp\/v2\/pages\/91","targetHints":{"allow":["GET"]}}],"collection":[{"href":"https:\/\/www.fedecaces.com\/site\/wp-json\/wp\/v2\/pages"}],"about":[{"href":"https:\/\/www.fedecaces.com\/site\/wp-json\/wp\/v2\/types\/page"}],"author":[{"embeddable":true,"href":"https:\/\/www.fedecaces.com\/site\/wp-json\/wp\/v2\/users\/1"}],"replies":[{"embeddable":true,"href":"https:\/\/www.fedecaces.com\/site\/wp-json\/wp\/v2\/comments?post=91"}],"version-history":[{"count":12,"href":"https:\/\/www.fedecaces.com\/site\/wp-json\/wp\/v2\/pages\/91\/revisions"}],"predecessor-version":[{"id":3632,"href":"https:\/\/www.fedecaces.com\/site\/wp-json\/wp\/v2\/pages\/91\/revisions\/3632"}],"up":[{"embeddable":true,"href":"https:\/\/www.fedecaces.com\/site\/wp-json\/wp\/v2\/pages\/87"}],"wp:attachment":[{"href":"https:\/\/www.fedecaces.com\/site\/wp-json\/wp\/v2\/media?parent=91"}],"curies":[{"name":"wp","href":"https:\/\/api.w.org\/{rel}","templated":true}]}}