{"id":93,"date":"2016-10-19T01:38:00","date_gmt":"2016-10-19T07:38:00","guid":{"rendered":"http:\/\/www.fedecaces.com\/site\/servicios\/servicios-corporativos\/soporte-tecnico\/"},"modified":"2017-01-25T09:21:48","modified_gmt":"2017-01-25T15:21:48","slug":"soporte-tecnico","status":"publish","type":"page","link":"https:\/\/www.fedecaces.com\/site\/servicios\/servicios-corporativos\/soporte-tecnico\/","title":{"rendered":"Soporte T\u00e9cnico"},"content":{"rendered":"[et_pb_section admin_label=\u00bbsection\u00bb][et_pb_row admin_label=\u00bbrow\u00bb][et_pb_column type=\u00bb4_4&#8243;][et_pb_text admin_label=\u00bbTexto\u00bb background_layout=\u00bblight\u00bb text_orientation=\u00bbleft\u00bb use_border_color=\u00bboff\u00bb border_color=\u00bb#ffffff\u00bb border_style=\u00bbsolid\u00bb]\n<h1>SOPORTE T\u00c9CNICO<\/h1>\n<ul>\n<li>Supervisi\u00f3n<\/li>\n<li>Tecnolog\u00eda e Inform\u00e1tica<\/li>\n<li>Servicios de Mercadeo<\/li>\n<li>Servicios de Capacitaci\u00f3n<\/li>\n<\/ul>\n<p>FEDECACES, a nivel Corporativo, ha establecido una estructura institucional de servicios a favor de las Cooperativas y en consecuencia para sus usuarios y asociados.<\/p>\n[\/et_pb_text][\/et_pb_column][\/et_pb_row][\/et_pb_section]\n","protected":false},"excerpt":{"rendered":"<p>SOPORTE T\u00c9CNICO Supervisi\u00f3n Tecnolog\u00eda e Inform\u00e1tica Servicios de Mercadeo Servicios de Capacitaci\u00f3n FEDECACES, a nivel Corporativo, ha establecido una estructura institucional de servicios a favor de las Cooperativas y en consecuencia para sus usuarios y asociados.<\/p>\n","protected":false},"author":1,"featured_media":0,"parent":87,"menu_order":19,"comment_status":"closed","ping_status":"closed","template":"","meta":{"_et_pb_use_builder":"on","_et_pb_old_content":"","_et_gb_content_width":"","footnotes":""},"class_list":["post-93","page","type-page","status-publish","hentry"],"_links":{"self":[{"href":"https:\/\/www.fedecaces.com\/site\/wp-json\/wp\/v2\/pages\/93","targetHints":{"allow":["GET"]}}],"collection":[{"href":"https:\/\/www.fedecaces.com\/site\/wp-json\/wp\/v2\/pages"}],"about":[{"href":"https:\/\/www.fedecaces.com\/site\/wp-json\/wp\/v2\/types\/page"}],"author":[{"embeddable":true,"href":"https:\/\/www.fedecaces.com\/site\/wp-json\/wp\/v2\/users\/1"}],"replies":[{"embeddable":true,"href":"https:\/\/www.fedecaces.com\/site\/wp-json\/wp\/v2\/comments?post=93"}],"version-history":[{"count":2,"href":"https:\/\/www.fedecaces.com\/site\/wp-json\/wp\/v2\/pages\/93\/revisions"}],"predecessor-version":[{"id":387,"href":"https:\/\/www.fedecaces.com\/site\/wp-json\/wp\/v2\/pages\/93\/revisions\/387"}],"up":[{"embeddable":true,"href":"https:\/\/www.fedecaces.com\/site\/wp-json\/wp\/v2\/pages\/87"}],"wp:attachment":[{"href":"https:\/\/www.fedecaces.com\/site\/wp-json\/wp\/v2\/media?parent=93"}],"curies":[{"name":"wp","href":"https:\/\/api.w.org\/{rel}","templated":true}]}}